{"id":1041,"date":"2014-11-03T15:48:14","date_gmt":"2014-11-03T20:48:14","guid":{"rendered":"http:\/\/198.27.70.109\/~ff1284\/?page_id=1041"},"modified":"2018-04-04T15:12:57","modified_gmt":"2018-04-04T19:12:57","slug":"equipe","status":"publish","type":"page","link":"http:\/\/french-future.eckidev.com\/fr\/a-propos\/equipe\/","title":{"rendered":"\u00c9quipe"},"content":{"rendered":"<p>Les op\u00e9rations quotidiennes du Fran\u00e7ais pour l&rsquo;avenir sont assum\u00e9es par une \u00e9quipe permanente bas\u00e9e \u00e0 Toronto.<\/p>\n<p>&nbsp;<\/p>\n\n\t\t<style type=\"text\/css\">\n\t\t\t#gallery-1 {\n\t\t\t\tmargin: auto;\n\t\t\t}\n\t\t\t#gallery-1 .gallery-item {\n\t\t\t\tfloat: left;\n\t\t\t\tmargin-top: 10px;\n\t\t\t\ttext-align: center;\n\t\t\t\twidth: 20%;\n\t\t\t}\n\t\t\t#gallery-1 img {\n\t\t\t\tborder: 2px solid #cfcfcf;\n\t\t\t}\n\t\t\t#gallery-1 .gallery-caption {\n\t\t\t\tmargin-left: 0;\n\t\t\t}\n\t\t\t\/* see gallery_shortcode() in wp-includes\/media.php *\/\n\t\t<\/style>\n\t\t<div id='gallery-1' class='gallery galleryid-1041 gallery-columns-5 gallery-size-thumbnail'><dl class='gallery-item'>\n\t\t\t<dt class='gallery-icon landscape'>\n\t\t\t\t<a href='http:\/\/french-future.eckidev.com\/wp-content\/uploads\/2018\/03\/Gabrielle-fredette-fortin.jpg'><img width=\"150\" height=\"150\" src=\"http:\/\/french-future.eckidev.com\/wp-content\/uploads\/2018\/03\/Gabrielle-fredette-fortin-150x150.jpg\" class=\"attachment-thumbnail size-thumbnail\" alt=\"\" loading=\"lazy\" aria-describedby=\"gallery-1-20674\" srcset=\"http:\/\/french-future.eckidev.com\/wp-content\/uploads\/2018\/03\/Gabrielle-fredette-fortin-150x150.jpg 150w, http:\/\/french-future.eckidev.com\/wp-content\/uploads\/2018\/03\/Gabrielle-fredette-fortin-300x300.jpg 300w, http:\/\/french-future.eckidev.com\/wp-content\/uploads\/2018\/03\/Gabrielle-fredette-fortin-100x100.jpg 100w\" sizes=\"(max-width: 150px) 100vw, 150px\" \/><\/a>\n\t\t\t<\/dt>\n\t\t\t\t<dd class='wp-caption-text gallery-caption' id='gallery-1-20674'>\n\t\t\t\t<div class=\"team-description\"> <div class=\"team-name\"><a href=\"mailto:direction@francais-avenir.org\">GABRIELLE F. FORTIN<\/a><\/div> <div class=\"team-job\">Directrice g\u00e9n\u00e9rale<\/div> <\/div>\n\t\t\t\t<\/dd><\/dl><dl class='gallery-item'>\n\t\t\t<dt class='gallery-icon landscape'>\n\t\t\t\t<a href='http:\/\/french-future.eckidev.com\/wp-content\/uploads\/2018\/04\/emeline.jpg'><img width=\"150\" height=\"150\" src=\"http:\/\/french-future.eckidev.com\/wp-content\/uploads\/2018\/04\/emeline-150x150.jpg\" class=\"attachment-thumbnail size-thumbnail\" alt=\"\" loading=\"lazy\" aria-describedby=\"gallery-1-21008\" srcset=\"http:\/\/french-future.eckidev.com\/wp-content\/uploads\/2018\/04\/emeline-150x150.jpg 150w, http:\/\/french-future.eckidev.com\/wp-content\/uploads\/2018\/04\/emeline-300x300.jpg 300w, http:\/\/french-future.eckidev.com\/wp-content\/uploads\/2018\/04\/emeline-100x100.jpg 100w, http:\/\/french-future.eckidev.com\/wp-content\/uploads\/2018\/04\/emeline.jpg 312w\" sizes=\"(max-width: 150px) 100vw, 150px\" \/><\/a>\n\t\t\t<\/dt>\n\t\t\t\t<dd class='wp-caption-text gallery-caption' id='gallery-1-21008'>\n\t\t\t\t<div class=\"team-description\"> <div class=\"team-name\"><a href=\"mailto:programmes@francais-avenir.org\">EMELINE LEURENT<\/a><\/div> <div class=\"team-job\">Gestionnaire des programmes<\/div> <\/div>\n\t\t\t\t<\/dd><\/dl><dl class='gallery-item'>\n\t\t\t<dt class='gallery-icon landscape'>\n\t\t\t\t<a href='http:\/\/french-future.eckidev.com\/wp-content\/uploads\/2018\/04\/kevin.jpg'><img width=\"150\" height=\"150\" src=\"http:\/\/french-future.eckidev.com\/wp-content\/uploads\/2018\/04\/kevin-150x150.jpg\" class=\"attachment-thumbnail size-thumbnail\" alt=\"\" loading=\"lazy\" aria-describedby=\"gallery-1-21010\" srcset=\"http:\/\/french-future.eckidev.com\/wp-content\/uploads\/2018\/04\/kevin-150x150.jpg 150w, http:\/\/french-future.eckidev.com\/wp-content\/uploads\/2018\/04\/kevin-300x300.jpg 300w, http:\/\/french-future.eckidev.com\/wp-content\/uploads\/2018\/04\/kevin-100x100.jpg 100w, http:\/\/french-future.eckidev.com\/wp-content\/uploads\/2018\/04\/kevin.jpg 312w\" sizes=\"(max-width: 150px) 100vw, 150px\" \/><\/a>\n\t\t\t<\/dt>\n\t\t\t\t<dd class='wp-caption-text gallery-caption' id='gallery-1-21010'>\n\t\t\t\t<div class=\"team-description\"> <div class=\"team-name\"><a href=\"mailto:operations@francais-avenir.org\">KEVIN SMITH<\/a><\/div> <div class=\"team-job\">Gestionnaire des op\u00e9rations et des finances<\/div> <\/div>\n\t\t\t\t<\/dd><\/dl><dl class='gallery-item'>\n\t\t\t<dt class='gallery-icon landscape'>\n\t\t\t\t<a href='http:\/\/french-future.eckidev.com\/wp-content\/uploads\/2018\/04\/Noella.jpg'><img width=\"150\" height=\"150\" src=\"http:\/\/french-future.eckidev.com\/wp-content\/uploads\/2018\/04\/Noella-150x150.jpg\" class=\"attachment-thumbnail size-thumbnail\" alt=\"\" loading=\"lazy\" aria-describedby=\"gallery-1-21012\" srcset=\"http:\/\/french-future.eckidev.com\/wp-content\/uploads\/2018\/04\/Noella-150x150.jpg 150w, http:\/\/french-future.eckidev.com\/wp-content\/uploads\/2018\/04\/Noella-300x300.jpg 300w, http:\/\/french-future.eckidev.com\/wp-content\/uploads\/2018\/04\/Noella-100x100.jpg 100w, http:\/\/french-future.eckidev.com\/wp-content\/uploads\/2018\/04\/Noella.jpg 312w\" sizes=\"(max-width: 150px) 100vw, 150px\" \/><\/a>\n\t\t\t<\/dt>\n\t\t\t\t<dd class='wp-caption-text gallery-caption' id='gallery-1-21012'>\n\t\t\t\t<div class=\"team-description\"> <div class=\"team-name\"><a href=\"mailto:agent@francais-avenir.org\">NO\u00cbLLA GALLO<\/a><\/div> <div class=\"team-job\">Agente des programmes<\/div> <\/div>\n\t\t\t\t<\/dd><\/dl><dl class='gallery-item'>\n\t\t\t<dt class='gallery-icon landscape'>\n\t\t\t\t<a href='http:\/\/french-future.eckidev.com\/wp-content\/uploads\/2018\/03\/Axelle-Compte.png'><img width=\"150\" height=\"150\" src=\"http:\/\/french-future.eckidev.com\/wp-content\/uploads\/2018\/03\/Axelle-Compte-150x150.png\" class=\"attachment-thumbnail size-thumbnail\" alt=\"\" loading=\"lazy\" aria-describedby=\"gallery-1-20670\" srcset=\"http:\/\/french-future.eckidev.com\/wp-content\/uploads\/2018\/03\/Axelle-Compte-150x150.png 150w, http:\/\/french-future.eckidev.com\/wp-content\/uploads\/2018\/03\/Axelle-Compte-100x100.png 100w\" sizes=\"(max-width: 150px) 100vw, 150px\" \/><\/a>\n\t\t\t<\/dt>\n\t\t\t\t<dd class='wp-caption-text gallery-caption' id='gallery-1-20670'>\n\t\t\t\t<div class=\"team-description\"> <div class=\"team-name\"><a href=\"mailto: developpement@francais-avenir.org\">AXELLE COMPTE<\/a><\/div> <div class=\"team-job\">Coordonnatrice des communications<\/div> <\/div>\n\t\t\t\t<\/dd><\/dl><br style=\"clear: both\" \/>\n\t\t<\/div>\n\n<div class=\"end-page\"><\/div>\n","protected":false},"excerpt":{"rendered":"<p>Les op\u00e9rations quotidiennes du Fran\u00e7ais pour l&rsquo;avenir sont assum\u00e9es par une \u00e9quipe permanente bas\u00e9e \u00e0 Toronto. &nbsp;<\/p>\n","protected":false},"author":8,"featured_media":0,"parent":1037,"menu_order":0,"comment_status":"closed","ping_status":"closed","template":"","meta":[],"_links":{"self":[{"href":"http:\/\/french-future.eckidev.com\/fr\/wp-json\/wp\/v2\/pages\/1041"}],"collection":[{"href":"http:\/\/french-future.eckidev.com\/fr\/wp-json\/wp\/v2\/pages"}],"about":[{"href":"http:\/\/french-future.eckidev.com\/fr\/wp-json\/wp\/v2\/types\/page"}],"author":[{"embeddable":true,"href":"http:\/\/french-future.eckidev.com\/fr\/wp-json\/wp\/v2\/users\/8"}],"replies":[{"embeddable":true,"href":"http:\/\/french-future.eckidev.com\/fr\/wp-json\/wp\/v2\/comments?post=1041"}],"version-history":[{"count":125,"href":"http:\/\/french-future.eckidev.com\/fr\/wp-json\/wp\/v2\/pages\/1041\/revisions"}],"predecessor-version":[{"id":21015,"href":"http:\/\/french-future.eckidev.com\/fr\/wp-json\/wp\/v2\/pages\/1041\/revisions\/21015"}],"up":[{"embeddable":true,"href":"http:\/\/french-future.eckidev.com\/fr\/wp-json\/wp\/v2\/pages\/1037"}],"wp:attachment":[{"href":"http:\/\/french-future.eckidev.com\/fr\/wp-json\/wp\/v2\/media?parent=1041"}],"curies":[{"name":"wp","href":"https:\/\/api.w.org\/{rel}","templated":true}]}}