{"id":11392,"date":"2016-02-05T10:09:51","date_gmt":"2016-02-05T15:09:51","guid":{"rendered":"https:\/\/french-future.eckidev.com\/fr\/?page_id=11392"},"modified":"2016-04-04T09:47:20","modified_gmt":"2016-04-04T14:47:20","slug":"forum-local-de-toronto","status":"publish","type":"page","link":"http:\/\/french-future.eckidev.com\/fr\/programmes\/forums-locaux\/forums-locaux-2016\/forum-local-de-toronto\/","title":{"rendered":"FORUM LOCAL DE TORONTO"},"content":{"rendered":"<p><strong>Date<\/strong><br \/>\n22\/04\/2016 \u2013 9h00 \u00e0 15h00<\/p>\n<p><strong> Lieu<\/strong><br \/>\nColl\u00e8ge universitaire Glendon, Universit\u00e9 de York &#8211; Toronto<\/p>\n<p>Le Forum local de Toronto du Fran\u00e7ais pour l\u2019avenir rassemble plus de 200 \u00e9l\u00e8ves d\u2019\u00e9coles d\u2019immersion et d\u2019\u00e9coles fran\u00e7aises langue seconde du GTA,\u00a0 le vendredi 22 avril 2016 au Coll\u00e8ge Universitaire Glendon, Universit\u00e9 de York pour encourager un avenir en fran\u00e7ais.<\/p>\n<p>Les \u00e9l\u00e8ves auront la chance d\u2019assister \u00e0 des ateliers \u00e9ducatifs et amusants. Ces activit\u00e9s permettront aux \u00e9l\u00e8ves d\u2019enrichir leurs connaissances du fran\u00e7ais pendant toute une journ\u00e9e. Ils auront aussi l\u2019occasion de rencontrer d\u2019autres \u00e9l\u00e8ves passionn\u00e9s de la langue fran\u00e7aise.<\/p>\n<p>Venez c\u00e9l\u00e9brer le fran\u00e7ais! Soyez fier d\u2019\u00eatre bilingue ! Inscris-toi <a href=\"https:\/\/www.surveymonkey.com\/r\/FLToronto_inscriptions\" target=\"_blank\">ici<\/a> avant le vendredi 8 avril !<\/p>\n<p><strong>COMIT\u00c9 LOCAL<br \/>\n<\/strong><\/p>\n<p><strong>Coordonnatrice du Forum local:<br \/>\n<\/strong>Fran\u00e7oise R\u00eame<br \/>\nemail: <a href=\"mailto:FFForum@glendon.yorku.ca\">FFForum@glendon.yorku.ca<\/a><\/p>\n<p><strong>Membres du comit\u00e9 <\/strong><\/p>\n<p>Solange Belluz, Directrice Ex\u00e9cutive, Glendon\/ Universit\u00e9 York<br \/>\nJulie L\u00e9ger, Gestionnaire de projets, Partenariats Institutionnels, Glendon\/Universit\u00e9 York<br \/>\nShabbirr Auhammud, Gestionnaire de projets, Partenariats Institutionnels, Glendon\/Universit\u00e9 York<br \/>\nMehdi Chaji, \u00e9tudiant international, Glendon\/Universit\u00e9 York<br \/>\nNada BENHACHIM, \u00e9tudiante internationale, Glendon\/Universit\u00e9 York<br \/>\nSebastian Reme, \u00e9tudiant \u00e0 Glendon\/Universit\u00e9 York<br \/>\nAlexia Polito, \u00e9tudiante \u00e0 Glendon\/Universit\u00e9 York<br \/>\nKarolina Bednarek, \u00e9tudiante \u00e0 Glendon, Universit\u00e9 York<br \/>\nMaria Gorelik-Sherman, \u00e9tudiante \u00e0 Glendon\/ Universit\u00e9 York<br \/>\nRon Felsen, Principal de Northern Secondary School<br \/>\nMuchnik Debra, Vice-Principale de Humberside Collegiate Institute<br \/>\nAbban Yusuf, \u00e9tudiante \u00e0 Humberside ColIegiate Institute &#8211; ambassadrice du Fran\u00e7ais pour l&rsquo;avenir<br \/>\nClaire Young, \u00e9tudiante \u00e0 Humberside ColIegiate Institute<br \/>\nAreej Hashimi, \u00e9tudiante \u00e0 Richview Collegiate Institute &#8211; ambassadrice du Fran\u00e7ais pour l&rsquo;avenir<br \/>\nPaul Leclerc, FSL\/C&amp;IL,\u00a0R\u00e9gion West<\/p>\n","protected":false},"excerpt":{"rendered":"<p>Date 22\/04\/2016 \u2013 9h00 \u00e0 15h00 Lieu Coll\u00e8ge universitaire Glendon, Universit\u00e9 de York &#8211; Toronto Le Forum local de Toronto du Fran\u00e7ais pour l\u2019avenir rassemble plus de 200 \u00e9l\u00e8ves d\u2019\u00e9coles d\u2019immersion et d\u2019\u00e9coles fran\u00e7aises langue<a class=\"moretag\" href=\"http:\/\/french-future.eckidev.com\/fr\/programmes\/forums-locaux\/forums-locaux-2016\/forum-local-de-toronto\/\"> Read more&hellip;<\/a><\/p>\n","protected":false},"author":8,"featured_media":0,"parent":9604,"menu_order":0,"comment_status":"closed","ping_status":"closed","template":"page-localforum.php","meta":[],"_links":{"self":[{"href":"http:\/\/french-future.eckidev.com\/fr\/wp-json\/wp\/v2\/pages\/11392"}],"collection":[{"href":"http:\/\/french-future.eckidev.com\/fr\/wp-json\/wp\/v2\/pages"}],"about":[{"href":"http:\/\/french-future.eckidev.com\/fr\/wp-json\/wp\/v2\/types\/page"}],"author":[{"embeddable":true,"href":"http:\/\/french-future.eckidev.com\/fr\/wp-json\/wp\/v2\/users\/8"}],"replies":[{"embeddable":true,"href":"http:\/\/french-future.eckidev.com\/fr\/wp-json\/wp\/v2\/comments?post=11392"}],"version-history":[{"count":8,"href":"http:\/\/french-future.eckidev.com\/fr\/wp-json\/wp\/v2\/pages\/11392\/revisions"}],"predecessor-version":[{"id":12375,"href":"http:\/\/french-future.eckidev.com\/fr\/wp-json\/wp\/v2\/pages\/11392\/revisions\/12375"}],"up":[{"embeddable":true,"href":"http:\/\/french-future.eckidev.com\/fr\/wp-json\/wp\/v2\/pages\/9604"}],"wp:attachment":[{"href":"http:\/\/french-future.eckidev.com\/fr\/wp-json\/wp\/v2\/media?parent=11392"}],"curies":[{"name":"wp","href":"https:\/\/api.w.org\/{rel}","templated":true}]}}