{"id":15506,"date":"2016-11-16T13:38:32","date_gmt":"2016-11-16T18:38:32","guid":{"rendered":"https:\/\/french-future.eckidev.com\/fr\/?page_id=15506"},"modified":"2018-04-09T13:27:51","modified_gmt":"2018-04-09T17:27:51","slug":"patrick-lachance","status":"publish","type":"page","link":"http:\/\/french-future.eckidev.com\/fr\/a-propos\/conseil-dadministration\/patrick-lachance\/","title":{"rendered":"Patrick Lachance"},"content":{"rendered":"<div class=\"person-description\">\n<p><img loading=\"lazy\" src=\"http:\/\/french-future.eckidev.com\/wp-content\/uploads\/2018\/03\/Patrick-Lachance-150x150.png\" alt=\"\" width=\"150\" height=\"150\" class=\"alignnone size-thumbnail wp-image-20705\" srcset=\"http:\/\/french-future.eckidev.com\/wp-content\/uploads\/2018\/03\/Patrick-Lachance-150x150.png 150w, http:\/\/french-future.eckidev.com\/wp-content\/uploads\/2018\/03\/Patrick-Lachance-300x300.png 300w, http:\/\/french-future.eckidev.com\/wp-content\/uploads\/2018\/03\/Patrick-Lachance-100x100.png 100w, http:\/\/french-future.eckidev.com\/wp-content\/uploads\/2018\/03\/Patrick-Lachance.png 361w\" sizes=\"(max-width: 150px) 100vw, 150px\" \/><\/p>\n<h3>Patrick Lachance<\/h3>\n<\/div>\n<p>\nOriginaire de Qu\u00e9bec, Patrick est conseiller marketing dans l\u2019\u00e9quipe des Services en fran\u00e7ais de Westjet. Depuis ses d\u00e9buts chez Westjet en 2008, il a occup\u00e9 de nombreux postes diff\u00e9rents pour lesquels ses connaissances de la langue fran\u00e7aise et sa maitrise en Communications publiques lui ont \u00e9t\u00e9 tr\u00e8s utiles, y compris lorsqu\u2019il \u00e9tait Repr\u00e9sentant \u00e0 destination bilingue \u00e0 Montego Bay, en Jama\u00efque.<\/p>\n<p>\n\u00c0 de nombreuses reprises, Patrick a b\u00e9n\u00e9volement particip\u00e9 \u00e0 plusieurs festivals francophones sponsoris\u00e9s par son entreprise, \u00e0 travers le pays, en tant qu\u2019ambassadeur de la langue fran\u00e7aise Westjet. Il utilise avec passion son h\u00e9ritage franco-canadien et ses connaissances personnelles de la culture franco-canadienne pour cr\u00e9er un lien avec ses clients Francophones \u00e0 travers la traduction, le marketing et l\u2019image de marque. Il est \u00e9galement fier d\u2019\u00eatre membre de l\u2019\u00e9quipe des m\u00e9dias sociaux o\u00f9 il r\u00e9dige du contenu cr\u00e9atif et fait de la traduction pour Facebook et Youtube, prenant soin de mani\u00e8re efficace du c\u00f4t\u00e9 francophone de WestJet.<\/p>\n<p>\nSur une note plus personnelle, Patrick est persuad\u00e9 que la maitrise de deux ou plusieurs langues ouvre des portes \u00e0 ceux qui poss\u00e8dent cette comp\u00e9tence. Son cheminement personnel vers le bilinguisme d\u00e9buta en 2007 lorsqu\u2019il d\u00e9m\u00e9nage en Alberta,\u00a0 sans \u00eatre sur d\u2019y trouver un emploi, avec pour objectif d\u2019apprendre l\u2019anglais. Presque dix ans plus tard, Patrick vit \u00e0 Calgary avec sa femme, une linguiste bilingue, qui partage ses valeurs sur l\u2019importance du bilinguisme.<\/p>\n<div class=\"end-page\"><\/div>\n","protected":false},"excerpt":{"rendered":"<p>Patrick Lachance Originaire de Qu\u00e9bec, Patrick est conseiller marketing dans l\u2019\u00e9quipe des Services en fran\u00e7ais de Westjet. Depuis ses d\u00e9buts chez Westjet en 2008, il a occup\u00e9 de nombreux postes diff\u00e9rents pour lesquels ses connaissances<a class=\"moretag\" href=\"http:\/\/french-future.eckidev.com\/fr\/a-propos\/conseil-dadministration\/patrick-lachance\/\"> Read more&hellip;<\/a><\/p>\n","protected":false},"author":8,"featured_media":0,"parent":16938,"menu_order":0,"comment_status":"closed","ping_status":"closed","template":"","meta":[],"_links":{"self":[{"href":"http:\/\/french-future.eckidev.com\/fr\/wp-json\/wp\/v2\/pages\/15506"}],"collection":[{"href":"http:\/\/french-future.eckidev.com\/fr\/wp-json\/wp\/v2\/pages"}],"about":[{"href":"http:\/\/french-future.eckidev.com\/fr\/wp-json\/wp\/v2\/types\/page"}],"author":[{"embeddable":true,"href":"http:\/\/french-future.eckidev.com\/fr\/wp-json\/wp\/v2\/users\/8"}],"replies":[{"embeddable":true,"href":"http:\/\/french-future.eckidev.com\/fr\/wp-json\/wp\/v2\/comments?post=15506"}],"version-history":[{"count":4,"href":"http:\/\/french-future.eckidev.com\/fr\/wp-json\/wp\/v2\/pages\/15506\/revisions"}],"predecessor-version":[{"id":21118,"href":"http:\/\/french-future.eckidev.com\/fr\/wp-json\/wp\/v2\/pages\/15506\/revisions\/21118"}],"up":[{"embeddable":true,"href":"http:\/\/french-future.eckidev.com\/fr\/wp-json\/wp\/v2\/pages\/16938"}],"wp:attachment":[{"href":"http:\/\/french-future.eckidev.com\/fr\/wp-json\/wp\/v2\/media?parent=15506"}],"curies":[{"name":"wp","href":"https:\/\/api.w.org\/{rel}","templated":true}]}}