{"id":20369,"date":"2018-02-16T11:11:00","date_gmt":"2018-02-16T16:11:00","guid":{"rendered":"http:\/\/french-future.eckidev.com\/font-page\/"},"modified":"2022-05-17T15:52:14","modified_gmt":"2022-05-17T19:52:14","slug":"font-page","status":"publish","type":"page","link":"http:\/\/french-future.eckidev.com\/fr\/","title":{"rendered":"Page d&rsquo;accueil"},"content":{"rendered":"<h2 class=\"hestia-title\">INSPIRER UNE PASSION POUR LE BILINGUISME<\/h2>\n<p><span>Le fran\u00e7ais pour l\u2019avenir est un organisme \u00e0 but non-lucratif qui encourage les \u00e9l\u00e8ves du secondaire \u00e0 \u00e9tudier et vivre en fran\u00e7ais. Le fran\u00e7ais pour l\u2019avenir vise \u00e0 promouvoir le bilinguisme officiel du Canada et les avantages d\u2019apprendre et de communiquer en fran\u00e7ais aupr\u00e8s des \u00e9l\u00e8ves de la 7e \u00e0 la 12e ann\u00e9e au Canada. Le fran\u00e7ais pour l\u2019avenir veut contribuer \u00e0 la cr\u00e9ation d\u2019un Canada o\u00f9 tous les jeunes accordent une valeur \u00e0 notre h\u00e9ritage francophone, appr\u00e9cient les cultures francophones et s\u2019efforcent d\u2019exceller en langue fran\u00e7aise.<\/span><\/p>\n","protected":false},"excerpt":{"rendered":"<p>INSPIRER UNE PASSION POUR LE BILINGUISME Le fran\u00e7ais pour l\u2019avenir est un organisme \u00e0 but non-lucratif qui encourage les \u00e9l\u00e8ves du secondaire \u00e0 \u00e9tudier et vivre en fran\u00e7ais. Le fran\u00e7ais pour l\u2019avenir vise \u00e0 promouvoir<a class=\"moretag\" href=\"http:\/\/french-future.eckidev.com\/fr\/\"> Read more&hellip;<\/a><\/p>\n","protected":false},"author":15,"featured_media":0,"parent":0,"menu_order":0,"comment_status":"closed","ping_status":"closed","template":"","meta":[],"_links":{"self":[{"href":"http:\/\/french-future.eckidev.com\/fr\/wp-json\/wp\/v2\/pages\/20369"}],"collection":[{"href":"http:\/\/french-future.eckidev.com\/fr\/wp-json\/wp\/v2\/pages"}],"about":[{"href":"http:\/\/french-future.eckidev.com\/fr\/wp-json\/wp\/v2\/types\/page"}],"author":[{"embeddable":true,"href":"http:\/\/french-future.eckidev.com\/fr\/wp-json\/wp\/v2\/users\/15"}],"replies":[{"embeddable":true,"href":"http:\/\/french-future.eckidev.com\/fr\/wp-json\/wp\/v2\/comments?post=20369"}],"version-history":[{"count":28,"href":"http:\/\/french-future.eckidev.com\/fr\/wp-json\/wp\/v2\/pages\/20369\/revisions"}],"predecessor-version":[{"id":21605,"href":"http:\/\/french-future.eckidev.com\/fr\/wp-json\/wp\/v2\/pages\/20369\/revisions\/21605"}],"wp:attachment":[{"href":"http:\/\/french-future.eckidev.com\/fr\/wp-json\/wp\/v2\/media?parent=20369"}],"curies":[{"name":"wp","href":"https:\/\/api.w.org\/{rel}","templated":true}]}}