{"id":20788,"date":"2018-03-29T13:36:55","date_gmt":"2018-03-29T17:36:55","guid":{"rendered":"http:\/\/french-future.eckidev.com\/?page_id=20788\/"},"modified":"2018-04-02T10:52:00","modified_gmt":"2018-04-02T14:52:00","slug":"notre-mission","status":"publish","type":"page","link":"http:\/\/french-future.eckidev.com\/fr\/a-propos\/notre-mission\/","title":{"rendered":"Notre mission"},"content":{"rendered":"<h3>Mission<\/h3>\n<p>Le fran\u00e7ais pour l\u2019avenir vise \u00e0 promouvoir le bilinguisme officiel du Canada et les avantages d\u2019apprendre et de communiquer en fran\u00e7ais aupr\u00e8s des \u00e9l\u00e8ves de la 7e \u00e0 la 12e ann\u00e9e au Canada.<\/p>\n<hr class=\"hr-grey\" \/>\n<h3>Vision<\/h3>\n<p>Le fran\u00e7ais pour l\u2019avenir veut contribuer \u00e0 la cr\u00e9ation d\u2019un Canada o\u00f9 tous les jeunes accordent une valeur \u00e0 notre h\u00e9ritage francophone, appr\u00e9cient les cultures francophones et s\u2019efforcent d\u2019exceller en langue fran\u00e7aise.<\/p>\n<hr class=\"hr-grey\" \/>\n<h3>Croyances<\/h3>\n<p>Le fran\u00e7ais pour l\u2019avenir croit que:<\/p>\n<ol>\n<li>L\u2019atteinte d\u2019un haut niveau de comp\u00e9tence en langue fran\u00e7aise apporte aux jeunes des b\u00e9n\u00e9fices personnels et professionnels importants.<\/li>\n<li>Ayant forg\u00e9 ensemble des liens linguistiques et culturels significatifs, les jeunes \u00e9tudiants canadiens appr\u00e9cient davantage la diversit\u00e9 et sont motiv\u00e9s \u00e0 poursuivre leurs \u00e9tudes en fran\u00e7ais.<\/li>\n<li>Des connexions personnelles fortes inspirent les jeunes canadiens \u00e0 entretenir, tout au long de leur vie, une relation avec la langue fran\u00e7aise et les cultures francophones.<\/li>\n<\/ol>\n<div class=\"end-page\"><\/div>\n","protected":false},"excerpt":{"rendered":"<p>Mission Le fran\u00e7ais pour l\u2019avenir vise \u00e0 promouvoir le bilinguisme officiel du Canada et les avantages d\u2019apprendre et de communiquer en fran\u00e7ais aupr\u00e8s des \u00e9l\u00e8ves de la 7e \u00e0 la 12e ann\u00e9e au Canada. Vision<a class=\"moretag\" href=\"http:\/\/french-future.eckidev.com\/fr\/a-propos\/notre-mission\/\"> Read more&hellip;<\/a><\/p>\n","protected":false},"author":30,"featured_media":0,"parent":1037,"menu_order":0,"comment_status":"closed","ping_status":"closed","template":"","meta":[],"_links":{"self":[{"href":"http:\/\/french-future.eckidev.com\/fr\/wp-json\/wp\/v2\/pages\/20788"}],"collection":[{"href":"http:\/\/french-future.eckidev.com\/fr\/wp-json\/wp\/v2\/pages"}],"about":[{"href":"http:\/\/french-future.eckidev.com\/fr\/wp-json\/wp\/v2\/types\/page"}],"author":[{"embeddable":true,"href":"http:\/\/french-future.eckidev.com\/fr\/wp-json\/wp\/v2\/users\/30"}],"replies":[{"embeddable":true,"href":"http:\/\/french-future.eckidev.com\/fr\/wp-json\/wp\/v2\/comments?post=20788"}],"version-history":[{"count":3,"href":"http:\/\/french-future.eckidev.com\/fr\/wp-json\/wp\/v2\/pages\/20788\/revisions"}],"predecessor-version":[{"id":20865,"href":"http:\/\/french-future.eckidev.com\/fr\/wp-json\/wp\/v2\/pages\/20788\/revisions\/20865"}],"up":[{"embeddable":true,"href":"http:\/\/french-future.eckidev.com\/fr\/wp-json\/wp\/v2\/pages\/1037"}],"wp:attachment":[{"href":"http:\/\/french-future.eckidev.com\/fr\/wp-json\/wp\/v2\/media?parent=20788"}],"curies":[{"name":"wp","href":"https:\/\/api.w.org\/{rel}","templated":true}]}}