{"id":20981,"date":"2018-04-03T13:41:40","date_gmt":"2018-04-03T17:41:40","guid":{"rendered":"http:\/\/french-future.eckidev.com\/?page_id=20981\/"},"modified":"2018-04-03T14:12:06","modified_gmt":"2018-04-03T18:12:06","slug":"formulaire-dinscription-des-jeunes-ambassadeurs-2018","status":"publish","type":"page","link":"http:\/\/french-future.eckidev.com\/fr\/programmes\/nayf\/formulaire-dinscription-des-jeunes-ambassadeurs-2018\/","title":{"rendered":"Formulaire d&rsquo;inscription des jeunes ambassadeurs 2018"},"content":{"rendered":"<h3>Le formulaire du participant<\/h3>\n<p>Merci de ton int\u00e9r\u00eat pour le FNJA ! C&rsquo;est peut-\u00eatre pour toi le d\u00e9but d&rsquo;une grande aventure, qui te conduira \u00e0 devenir un ambassadeur du Fran\u00e7ais pour l&rsquo;avenir !<\/p>\n<p>Pour commencer, nous avons besoin de mieux te connaitre :<\/p>\n<hr class=\"national-youth-forum\"\/>\n<p>FORMULAIRE CIVICRM<\/p>\n<p>N&rsquo;oublie pas de faire remplir le <a href=\"http:\/\/french-future.eckidev.com\/fr\/programmes\/nayf\/application-support-form\/\">formulaire d&rsquo;appui \u00e0 la candidature<\/a> par un membre de ta communaut\u00e9, qui ne soit ni un parent, ni un tuteur, pour que ta candidature soit compl\u00e8te !<\/p>\n<p>Les ambassadeurs\/drices seront s\u00e9lectionn\u00e9(e)s par un comit\u00e9 de s\u00e9lection du Fran\u00e7ais pour l\u2019avenir. Si tu es s\u00e9lectionn\u00e9(e), tu seras avis\u00e9(e) durant le mois de mai 2018 par courriel et\/ou t\u00e9l\u00e9phone. La liste officielle des ambassadeurs 2018 sera d\u00e9voil\u00e9e sur notre site Web \u00e0 compter du mois de juin 2018. Bonne chance !<\/p>\n<div class=\"end-page\"><\/div>\n","protected":false},"excerpt":{"rendered":"<p>Le formulaire du participant Merci de ton int\u00e9r\u00eat pour le FNJA ! C&rsquo;est peut-\u00eatre pour toi le d\u00e9but d&rsquo;une grande aventure, qui te conduira \u00e0 devenir un ambassadeur du Fran\u00e7ais pour l&rsquo;avenir ! Pour commencer,<a class=\"moretag\" href=\"http:\/\/french-future.eckidev.com\/fr\/programmes\/nayf\/formulaire-dinscription-des-jeunes-ambassadeurs-2018\/\"> Read more&hellip;<\/a><\/p>\n","protected":false},"author":30,"featured_media":0,"parent":2932,"menu_order":0,"comment_status":"closed","ping_status":"closed","template":"","meta":[],"_links":{"self":[{"href":"http:\/\/french-future.eckidev.com\/fr\/wp-json\/wp\/v2\/pages\/20981"}],"collection":[{"href":"http:\/\/french-future.eckidev.com\/fr\/wp-json\/wp\/v2\/pages"}],"about":[{"href":"http:\/\/french-future.eckidev.com\/fr\/wp-json\/wp\/v2\/types\/page"}],"author":[{"embeddable":true,"href":"http:\/\/french-future.eckidev.com\/fr\/wp-json\/wp\/v2\/users\/30"}],"replies":[{"embeddable":true,"href":"http:\/\/french-future.eckidev.com\/fr\/wp-json\/wp\/v2\/comments?post=20981"}],"version-history":[{"count":6,"href":"http:\/\/french-future.eckidev.com\/fr\/wp-json\/wp\/v2\/pages\/20981\/revisions"}],"predecessor-version":[{"id":21002,"href":"http:\/\/french-future.eckidev.com\/fr\/wp-json\/wp\/v2\/pages\/20981\/revisions\/21002"}],"up":[{"embeddable":true,"href":"http:\/\/french-future.eckidev.com\/fr\/wp-json\/wp\/v2\/pages\/2932"}],"wp:attachment":[{"href":"http:\/\/french-future.eckidev.com\/fr\/wp-json\/wp\/v2\/media?parent=20981"}],"curies":[{"name":"wp","href":"https:\/\/api.w.org\/{rel}","templated":true}]}}