{"id":20986,"date":"2018-04-03T13:50:52","date_gmt":"2018-04-03T17:50:52","guid":{"rendered":"http:\/\/french-future.eckidev.com\/?page_id=20986\/"},"modified":"2018-05-09T13:44:07","modified_gmt":"2018-05-09T17:44:07","slug":"application-support-form","status":"publish","type":"page","link":"http:\/\/french-future.eckidev.com\/fr\/programmes\/nayf\/application-support-form\/","title":{"rendered":"Formulaire d\u2019appui \u00e0 la candidature"},"content":{"rendered":"<h3>Quel est le r\u00f4le du parrain ?<\/h3>\n<p>En parrainant un futur ambassadeur, vous vous engagez \u00e0 :<\/p>\n<ul>\n<li>apporter votre soutien au futur ambassadeur dans l\u2019organisation de ses activit\u00e9s de promotion du fran\u00e7ais pour l\u2019ann\u00e9e scolaire 2018-2019.<\/li>\n<li>agir en tant que personne-contact pour le Fran\u00e7ais pour l\u2019avenir (\u00eatre contact\u00e9 2 \u00e0 3 fois dans l\u2019ann\u00e9e, pour connaitre le niveau d\u2019engagement de l\u2019ambassadeur).<\/li>\n<\/ul>\n<p>FOMULAIRE CIVICRM<\/p>\n","protected":false},"excerpt":{"rendered":"<p>Quel est le r\u00f4le du parrain ? En parrainant un futur ambassadeur, vous vous engagez \u00e0 : apporter votre soutien au futur ambassadeur dans l\u2019organisation de ses activit\u00e9s de promotion du fran\u00e7ais pour l\u2019ann\u00e9e scolaire<a class=\"moretag\" href=\"http:\/\/french-future.eckidev.com\/fr\/programmes\/nayf\/application-support-form\/\"> Read more&hellip;<\/a><\/p>\n","protected":false},"author":30,"featured_media":0,"parent":2932,"menu_order":0,"comment_status":"closed","ping_status":"closed","template":"","meta":[],"_links":{"self":[{"href":"http:\/\/french-future.eckidev.com\/fr\/wp-json\/wp\/v2\/pages\/20986"}],"collection":[{"href":"http:\/\/french-future.eckidev.com\/fr\/wp-json\/wp\/v2\/pages"}],"about":[{"href":"http:\/\/french-future.eckidev.com\/fr\/wp-json\/wp\/v2\/types\/page"}],"author":[{"embeddable":true,"href":"http:\/\/french-future.eckidev.com\/fr\/wp-json\/wp\/v2\/users\/30"}],"replies":[{"embeddable":true,"href":"http:\/\/french-future.eckidev.com\/fr\/wp-json\/wp\/v2\/comments?post=20986"}],"version-history":[{"count":2,"href":"http:\/\/french-future.eckidev.com\/fr\/wp-json\/wp\/v2\/pages\/20986\/revisions"}],"predecessor-version":[{"id":21582,"href":"http:\/\/french-future.eckidev.com\/fr\/wp-json\/wp\/v2\/pages\/20986\/revisions\/21582"}],"up":[{"embeddable":true,"href":"http:\/\/french-future.eckidev.com\/fr\/wp-json\/wp\/v2\/pages\/2932"}],"wp:attachment":[{"href":"http:\/\/french-future.eckidev.com\/fr\/wp-json\/wp\/v2\/media?parent=20986"}],"curies":[{"name":"wp","href":"https:\/\/api.w.org\/{rel}","templated":true}]}}