{"id":21273,"date":"2018-04-13T11:32:07","date_gmt":"2018-04-13T15:32:07","guid":{"rendered":"http:\/\/french-future.eckidev.com\/?page_id=21273\/"},"modified":"2018-04-13T13:34:24","modified_gmt":"2018-04-13T17:34:24","slug":"forum-local-dedmonton-2018","status":"publish","type":"page","link":"http:\/\/french-future.eckidev.com\/fr\/programmes\/forums-locaux\/forum-local-dedmonton-2018\/","title":{"rendered":"Forum local d&rsquo;Edmonton 2018"},"content":{"rendered":"<p><img loading=\"lazy\" class=\"wp-image-21274 size-full\" src=\"http:\/\/french-future.eckidev.com\/wp-content\/uploads\/2018\/04\/0H2A5582-low-res-1100x500.jpg\" alt=\"\" width=\"1100\" height=\"500\" srcset=\"http:\/\/french-future.eckidev.com\/wp-content\/uploads\/2018\/04\/0H2A5582-low-res-1100x500.jpg 1100w, http:\/\/french-future.eckidev.com\/wp-content\/uploads\/2018\/04\/0H2A5582-low-res-1100x500-600x273.jpg 600w, http:\/\/french-future.eckidev.com\/wp-content\/uploads\/2018\/04\/0H2A5582-low-res-1100x500-300x136.jpg 300w, http:\/\/french-future.eckidev.com\/wp-content\/uploads\/2018\/04\/0H2A5582-low-res-1100x500-768x349.jpg 768w, http:\/\/french-future.eckidev.com\/wp-content\/uploads\/2018\/04\/0H2A5582-low-res-1100x500-1024x465.jpg 1024w\" sizes=\"(max-width: 1100px) 100vw, 1100px\" \/><\/p>\n<h4>Date<\/h4>\n<p>Vendredi 23\/02\/2018 \u2013 de 8h30 \u00e0 14h30<\/p>\n<h4>Lieu<\/h4>\n<p>Campus Saint-Jean \u00e0 University of Alberta, Edmonton<\/p>\n<h4>Description<\/h4>\n<p>Le Forum local \u00a0du Fran\u00e7ais pour l\u2019avenir, en collaboration avec le Campus Saint-Jean de l\u2019Universit\u00e9 de l\u2019Alberta, regroupera environ 220 \u00e9l\u00e8ves de la 10e \u00e0 la 12e ann\u00e9e, des \u00e9coles d\u2019immersion, de fran\u00e7ais langue seconde et francophones de la r\u00e9gion d\u2019Edmonton et du Nord de l\u2019Alberta le vendredi 23 f\u00e9vrier 2018 pour les pr\u00e9parer pour un avenir en fran\u00e7ais. Activit\u00e9s et ateliers interactifs, conf\u00e9rence inspirante et spectacle seront au menu de cette journ\u00e9e compl\u00e8tement en fran\u00e7ais destin\u00e9e aux jeunes qui \u00e9tudient activement le fran\u00e7ais. En plus de vivre une programmation \u00e0 la fois divertissante et \u00e9ducative, l\u2019\u00e9l\u00e8ve aura \u00e9galement l\u2019opportunit\u00e9 de rencontrer des mentors bilingues engageants, de tisser des liens avec d\u2019autres \u00e9l\u00e8ves de la province et d\u2019\u00e9largir ses connaissances sur la francophonie locale et internationale \u2013 de quoi stimuler la fiert\u00e9 de la langue qui nous unit !<\/p>\n<p>Cette journ\u00e9e a toujours \u00e9t\u00e9 tr\u00e8s appr\u00e9ci\u00e9e par les jeunes dans le pass\u00e9 et cette ann\u00e9e, sans exception, ce sera une exp\u00e9rience merveilleuse pour les participants.<\/p>\n<p>Venez en grand nombre d\u00e9couvrir les joies de la langue fran\u00e7aise!<\/p>\n<h4>Au programme :<\/h4>\n<p>8h30 \u2013 Accueil et inscription<\/p>\n<p>9h00 \u2013 Mot de bienvenue par le ma\u00eetre de c\u00e9r\u00e9monie<\/p>\n<p>9h10 \u2013 Conf\u00e9rencier : Corey Loranger<\/p>\n<p>10h00 \u2013 Atelier 1<\/p>\n<p>11h00 \u2013 D\u00eener et cabane \u00e0 sucre (groupe A) \/ Atelier 2 (groupe B)<\/p>\n<p>11h50 \u2013 Pause\u00a0<\/p>\n<p>12h00 \u2013 D\u00eener et cabane \u00e0 sucre (groupe B) \/ Atelier 2 (groupe A)<\/p>\n<p>12h50 \u2013 Pause\u00a0<\/p>\n<p>13h00 \u2013 Atelier 3<\/p>\n<p>13h50 \u2013 Pause\u00a0<\/p>\n<p>14h00 \u2013 Spectacle<\/p>\n<p>14h20 \u2013 Mot de cl\u00f4ture : sondage et prix et participation<\/p>\n<p>14h30 \u2013 D\u00e9part des participants<\/p>\n<p>&nbsp;<\/p>\n<h4>Coordonnatrice du Forum Local d\u2019Edmonton<\/h4>\n<p>Rahimatou Founjouom \u2013 <a href=\"mailto:edmonton@francais-avenir.org\">edmonton@francais-avenir.org<\/a><\/p>\n","protected":false},"excerpt":{"rendered":"<p>Date Vendredi 23\/02\/2018 \u2013 de 8h30 \u00e0 14h30 Lieu Campus Saint-Jean \u00e0 University of Alberta, Edmonton Description Le Forum local \u00a0du Fran\u00e7ais pour l\u2019avenir, en collaboration avec le Campus Saint-Jean de l\u2019Universit\u00e9 de l\u2019Alberta, regroupera<a class=\"moretag\" href=\"http:\/\/french-future.eckidev.com\/fr\/programmes\/forums-locaux\/forum-local-dedmonton-2018\/\"> Read more&hellip;<\/a><\/p>\n","protected":false},"author":30,"featured_media":0,"parent":2990,"menu_order":0,"comment_status":"closed","ping_status":"closed","template":"","meta":[],"_links":{"self":[{"href":"http:\/\/french-future.eckidev.com\/fr\/wp-json\/wp\/v2\/pages\/21273"}],"collection":[{"href":"http:\/\/french-future.eckidev.com\/fr\/wp-json\/wp\/v2\/pages"}],"about":[{"href":"http:\/\/french-future.eckidev.com\/fr\/wp-json\/wp\/v2\/types\/page"}],"author":[{"embeddable":true,"href":"http:\/\/french-future.eckidev.com\/fr\/wp-json\/wp\/v2\/users\/30"}],"replies":[{"embeddable":true,"href":"http:\/\/french-future.eckidev.com\/fr\/wp-json\/wp\/v2\/comments?post=21273"}],"version-history":[{"count":6,"href":"http:\/\/french-future.eckidev.com\/fr\/wp-json\/wp\/v2\/pages\/21273\/revisions"}],"predecessor-version":[{"id":21311,"href":"http:\/\/french-future.eckidev.com\/fr\/wp-json\/wp\/v2\/pages\/21273\/revisions\/21311"}],"up":[{"embeddable":true,"href":"http:\/\/french-future.eckidev.com\/fr\/wp-json\/wp\/v2\/pages\/2990"}],"wp:attachment":[{"href":"http:\/\/french-future.eckidev.com\/fr\/wp-json\/wp\/v2\/media?parent=21273"}],"curies":[{"name":"wp","href":"https:\/\/api.w.org\/{rel}","templated":true}]}}