{"id":21304,"date":"2018-04-13T13:12:04","date_gmt":"2018-04-13T17:12:04","guid":{"rendered":"http:\/\/french-future.eckidev.com\/?page_id=21304\/"},"modified":"2018-04-13T13:36:45","modified_gmt":"2018-04-13T17:36:45","slug":"forum-local-de-regina","status":"publish","type":"page","link":"http:\/\/french-future.eckidev.com\/fr\/programmes\/forums-locaux\/forum-local-de-regina\/","title":{"rendered":"Forum local de Regina 2018"},"content":{"rendered":"<p><img loading=\"lazy\" class=\"wp-image-21288 size-full\" src=\"http:\/\/french-future.eckidev.com\/wp-content\/uploads\/2018\/04\/P1080341-ConvertImage-1100x500.jpg\" alt=\"\" width=\"1100\" height=\"500\" srcset=\"http:\/\/french-future.eckidev.com\/wp-content\/uploads\/2018\/04\/P1080341-ConvertImage-1100x500.jpg 1100w, http:\/\/french-future.eckidev.com\/wp-content\/uploads\/2018\/04\/P1080341-ConvertImage-1100x500-600x273.jpg 600w, http:\/\/french-future.eckidev.com\/wp-content\/uploads\/2018\/04\/P1080341-ConvertImage-1100x500-300x136.jpg 300w, http:\/\/french-future.eckidev.com\/wp-content\/uploads\/2018\/04\/P1080341-ConvertImage-1100x500-768x349.jpg 768w, http:\/\/french-future.eckidev.com\/wp-content\/uploads\/2018\/04\/P1080341-ConvertImage-1100x500-1024x465.jpg 1024w\" sizes=\"(max-width: 1100px) 100vw, 1100px\" \/><\/p>\n<h4>Date<\/h4>\n<p>Jeudi 1er mars 2018 \u2013 de 9 h 30 \u00e0 14 h 45<\/p>\n<h4>Lieu<\/h4>\n<p>Universit\u00e9 de Regina \u2013 Cit\u00e9 universitaire<\/p>\n<h4>Description<\/h4>\n<p>Le Forum local \u00a0du Fran\u00e7ais pour l\u2019avenir, en collaboration avec l\u2019Assembl\u00e9e communautaire fransaskoise, invite tous les \u00e9l\u00e8ves de la 10e \u00e0 la 12e ann\u00e9e, des \u00e9coles d\u2019immersion, de fran\u00e7ais langue seconde et francophones de Regina, le jeudi 1er mars 2018 pour \u00e9changer sur la vie en fran\u00e7ais en dehors du temps scolaire.<\/p>\n<p>Pour l\u2019occasion, nous recevrons une conf\u00e9renci\u00e8re, Malika Sellami, chanteuse francophone originaire du Qu\u00e9bec qui a beaucoup voyag\u00e9 avant de s\u2019installer en Saskatchewan. Elle viendra partager son exp\u00e9rience francophone et offrira en fin de journ\u00e9e une repr\u00e9sentation avec quelques unes de ses chansons. Durant cette journ\u00e9e, les jeunes pourront participer \u00e0 deux ateliers interactifs.<\/p>\n<p>Les jeunes qui \u00e9tudient activement le fran\u00e7ais auront la chance de passer une journ\u00e9e divertissante, \u00e9ducative, autour de rencontres avec des leaders francophones de la province et d\u2019\u00e9l\u00e8ves d\u2019autres \u00e9coles.<\/p>\n<p>Ce sera pour tous une belle opportunit\u00e9 d\u2019\u00e9largir ses connaissances sur la francophonie et de renforcer le sentiment d\u2019appartenance \u00e0 notre belle communaut\u00e9. <\/p>\n<p>Venez en grand nombre!<\/p>\n<h4>Au programme :<\/h4>\n<p>9 h 30 \u2013 Accueil et inscription<\/p>\n<p>9 h 45 \u2013 Mot de bienvenue et pr\u00e9sentation de la journ\u00e9e<\/p>\n<p>10 h 00 \u2013 Conf\u00e9rence de Malika Sellami<\/p>\n<p>10 h 30 \u2013 Pause collation<\/p>\n<p>10 h 45 \u2013 Atelier #1<\/p>\n<p>11 h 45 \u2013 Repas et kiosques<\/p>\n<p>12 h 30 \u2013 Atelier #2<\/p>\n<p>13 h 30 \u2013 Pause collation<\/p>\n<p>13 h 45 \u2013 Spectacle de musique francophone : Malika Sellami<\/p>\n<p>14 h 15 \u2013 C\u00e9r\u00e9monie de cl\u00f4ture<\/p>\n<h4>Coordonnateur du Forum local de Regina :<\/h4>\n<p>Cedric Delavaud \u2013\u00a0<a href=\"mailto:regina@francais-avenir.org\">regina@francais-avenir.org<\/a><\/p>\n","protected":false},"excerpt":{"rendered":"<p>Date Jeudi 1er mars 2018 \u2013 de 9 h 30 \u00e0 14 h 45 Lieu Universit\u00e9 de Regina \u2013 Cit\u00e9 universitaire Description Le Forum local \u00a0du Fran\u00e7ais pour l\u2019avenir, en collaboration avec l\u2019Assembl\u00e9e communautaire fransaskoise,<a class=\"moretag\" href=\"http:\/\/french-future.eckidev.com\/fr\/programmes\/forums-locaux\/forum-local-de-regina\/\"> Read more&hellip;<\/a><\/p>\n","protected":false},"author":30,"featured_media":0,"parent":2990,"menu_order":0,"comment_status":"closed","ping_status":"closed","template":"","meta":[],"_links":{"self":[{"href":"http:\/\/french-future.eckidev.com\/fr\/wp-json\/wp\/v2\/pages\/21304"}],"collection":[{"href":"http:\/\/french-future.eckidev.com\/fr\/wp-json\/wp\/v2\/pages"}],"about":[{"href":"http:\/\/french-future.eckidev.com\/fr\/wp-json\/wp\/v2\/types\/page"}],"author":[{"embeddable":true,"href":"http:\/\/french-future.eckidev.com\/fr\/wp-json\/wp\/v2\/users\/30"}],"replies":[{"embeddable":true,"href":"http:\/\/french-future.eckidev.com\/fr\/wp-json\/wp\/v2\/comments?post=21304"}],"version-history":[{"count":6,"href":"http:\/\/french-future.eckidev.com\/fr\/wp-json\/wp\/v2\/pages\/21304\/revisions"}],"predecessor-version":[{"id":21312,"href":"http:\/\/french-future.eckidev.com\/fr\/wp-json\/wp\/v2\/pages\/21304\/revisions\/21312"}],"up":[{"embeddable":true,"href":"http:\/\/french-future.eckidev.com\/fr\/wp-json\/wp\/v2\/pages\/2990"}],"wp:attachment":[{"href":"http:\/\/french-future.eckidev.com\/fr\/wp-json\/wp\/v2\/media?parent=21304"}],"curies":[{"name":"wp","href":"https:\/\/api.w.org\/{rel}","templated":true}]}}