{"id":21313,"date":"2018-04-13T13:44:38","date_gmt":"2018-04-13T17:44:38","guid":{"rendered":"http:\/\/french-future.eckidev.com\/?page_id=21313\/"},"modified":"2018-05-08T10:12:46","modified_gmt":"2018-05-08T14:12:46","slug":"forum-local-de-montreal-2018","status":"publish","type":"page","link":"http:\/\/french-future.eckidev.com\/fr\/forum-local-de-montreal-2018\/","title":{"rendered":"Forum local de Montr\u00e9al 2018"},"content":{"rendered":"<p><img loading=\"lazy\" class=\"wp-image-21285 size-full aligncenter\" src=\"http:\/\/french-future.eckidev.com\/wp-content\/uploads\/2018\/04\/IMG_0785-low-res-1100x500.jpg\" alt=\"\" width=\"1100\" height=\"500\" srcset=\"http:\/\/french-future.eckidev.com\/wp-content\/uploads\/2018\/04\/IMG_0785-low-res-1100x500.jpg 1100w, http:\/\/french-future.eckidev.com\/wp-content\/uploads\/2018\/04\/IMG_0785-low-res-1100x500-600x273.jpg 600w, http:\/\/french-future.eckidev.com\/wp-content\/uploads\/2018\/04\/IMG_0785-low-res-1100x500-300x136.jpg 300w, http:\/\/french-future.eckidev.com\/wp-content\/uploads\/2018\/04\/IMG_0785-low-res-1100x500-768x349.jpg 768w, http:\/\/french-future.eckidev.com\/wp-content\/uploads\/2018\/04\/IMG_0785-low-res-1100x500-1024x465.jpg 1024w\" sizes=\"(max-width: 1100px) 100vw, 1100px\" \/><\/p>\n<h4>Date<\/h4>\n<p>Mercredi 11 avril \u2013 de 8h30 \u00e0 14h30<\/p>\n<h4>Lieu<\/h4>\n<p>Universit\u00e9 du Qu\u00e9bec \u00e0 Montr\u00e9al (UQ\u00c0M) \u2013 Salle Marie-G\u00e9rin Lajoie<\/p>\n<h4>Description<\/h4>\n<p>Avec le th\u00e8me : Respect, culture et int\u00e9gration \u00e0 la soci\u00e9t\u00e9 qu\u00e9b\u00e9coise, nous vous pr\u00e9senterons des conf\u00e9renciers inspirants et des activit\u00e9s enrichissantes. C\u2019est s\u00fbr et certain que les \u00e9tudiants vont passer une journ\u00e9e stimulante et amusante. Pr\u00e8s de 600 \u00e9l\u00e8ves des \u00e9coles secondaires de Montr\u00e9al provenant de trois commissions scolaires seront pr\u00e9sents. La vari\u00e9t\u00e9 des programmes qui permettront aux \u00e9l\u00e8ves de faire une immersion en langue fran\u00e7aise au cours de la journ\u00e9e rehaussera la fiert\u00e9 de ceux-ci d\u2019\u00eatre bilingues et renforcera leur lien avec la culture qu\u00e9b\u00e9coise qui les entoure quotidiennement.<\/p>\n<h4>Au programme :<\/h4>\n<p>8h30 \u2013 Accueil et inscription<\/p>\n<p>9 h 00 \u2013 Mots de bienvenue \u2013 Alyssa Kuzmarov et Catherine Verdon-Diamond<\/p>\n<p>9 h 30 \u2013 Spectacle de Monk.e<\/p>\n<p>9 h 50 \u2013 Jeu questionnaire : La culture canadienne et qu\u00e9b\u00e9coise<\/p>\n<p>10 h 20 \u2013 Pause sant\u00e9<\/p>\n<p>10 h 35 \u2013 Athl\u00e8te Olympique<\/p>\n<p>10h55 \u2013 Concours La Voix \u00e9tudiants<\/p>\n<p>11h20 \u2013 Spectacle de la troupe de danse \u00d6r P\u00fcr<\/p>\n<p>11h50 \u2013 D\u00eener<\/p>\n<p>12h50 \u2013 Tirages au sort<\/p>\n<p>13h00 \u2013 Spectacle de la Ligue d\u2019improvisation Montr\u00e9alaise<\/p>\n<p>14h00 \u2013 \u00c9valuations<\/p>\n<h4>Invit\u00e9s sp\u00e9ciaux<\/h4>\n<div class=\"invites\">\n<div>\n<p><img loading=\"lazy\" src=\"http:\/\/french-future.eckidev.com\/wp-content\/uploads\/2018\/04\/Photo-Catherine-Verdon-Diamond-300x300.jpg\" alt=\"\" width=\"300\" height=\"300\" class=\"alignnone size-full wp-image-21335\" srcset=\"http:\/\/french-future.eckidev.com\/wp-content\/uploads\/2018\/04\/Photo-Catherine-Verdon-Diamond-300x300.jpg 300w, http:\/\/french-future.eckidev.com\/wp-content\/uploads\/2018\/04\/Photo-Catherine-Verdon-Diamond-300x300-100x100.jpg 100w, http:\/\/french-future.eckidev.com\/wp-content\/uploads\/2018\/04\/Photo-Catherine-Verdon-Diamond-300x300-150x150.jpg 150w, http:\/\/french-future.eckidev.com\/wp-content\/uploads\/2018\/04\/Photo-Catherine-Verdon-Diamond-300x300-190x190.jpg 190w\" sizes=\"(max-width: 300px) 100vw, 300px\" \/><\/p>\n<p><strong>Catherine Verdon-Diamond <\/strong> <strong>Breakfast Television \u2013 Weather &amp; traffic TV Host<\/strong><\/p>\n<p>Catherine Verdon-Diamond est n\u00e9e \u00e0 Montr\u00e9al, mais elle a voyag\u00e9 partout dans le monde avant de commencer \u00e0 travailler \u00e0 CBC. Depuis 2013, elle pr\u00e9sente la m\u00e9t\u00e9o et les conditions de trafic dans l\u2019\u00e9mission matinale Breakfast Television sur City TV, o\u00f9 vous pouvez la retrouver chaque matin de 6h \u00e0 9h.<\/p>\n<\/div>\n<div>\n<p><img loading=\"lazy\" src=\"http:\/\/french-future.eckidev.com\/wp-content\/uploads\/2018\/04\/LA-LIM-photo-300x300.jpg\" alt=\"\" width=\"300\" height=\"300\" class=\"alignnone size-full wp-image-21331\" srcset=\"http:\/\/french-future.eckidev.com\/wp-content\/uploads\/2018\/04\/LA-LIM-photo-300x300.jpg 300w, http:\/\/french-future.eckidev.com\/wp-content\/uploads\/2018\/04\/LA-LIM-photo-300x300-100x100.jpg 100w, http:\/\/french-future.eckidev.com\/wp-content\/uploads\/2018\/04\/LA-LIM-photo-300x300-150x150.jpg 150w, http:\/\/french-future.eckidev.com\/wp-content\/uploads\/2018\/04\/LA-LIM-photo-300x300-190x190.jpg 190w\" sizes=\"(max-width: 300px) 100vw, 300px\" \/><\/p>\n<p><strong>Ligue d\u2019improvisation\u00a0Montr\u00e9alaise<\/strong><\/p>\n<p>Fond\u00e9e en 1991, la Ligue d\u2019improvisation Montr\u00e9alaise se distingue des autres ligues d\u2019impro par son approche cr\u00e9ative tout \u00e0 fait unique. Plut\u00f4t que d\u2019opposer deux \u00e9quipes en comp\u00e9tition, la LIM propose \u00e0 chaque semaine de nouvelles avenues conceptuelles afin d\u2019orienter 2 troupes de 5 com\u00e9diens, improvisant ensemble sous la direction r\u00e9fl\u00e9chie d\u2019un ma\u00eetre de jeu. Il en r\u00e9sulte un spectacle terriblement dr\u00f4le, audacieux et convivial, rempli de contenu et de profondeur.<\/p>\n<\/div>\n<\/div>\n<div class=\"invites\">\n<div>\n<p><img loading=\"lazy\" src=\"http:\/\/french-future.eckidev.com\/wp-content\/uploads\/2018\/04\/Monk.e-photo-3-1-1100x500.jpg\" alt=\"\" width=\"1100\" height=\"500\" class=\"alignnone size-full wp-image-21333\" srcset=\"http:\/\/french-future.eckidev.com\/wp-content\/uploads\/2018\/04\/Monk.e-photo-3-1-1100x500.jpg 1100w, http:\/\/french-future.eckidev.com\/wp-content\/uploads\/2018\/04\/Monk.e-photo-3-1-1100x500-600x273.jpg 600w, http:\/\/french-future.eckidev.com\/wp-content\/uploads\/2018\/04\/Monk.e-photo-3-1-1100x500-300x136.jpg 300w, http:\/\/french-future.eckidev.com\/wp-content\/uploads\/2018\/04\/Monk.e-photo-3-1-1100x500-768x349.jpg 768w, http:\/\/french-future.eckidev.com\/wp-content\/uploads\/2018\/04\/Monk.e-photo-3-1-1100x500-1024x465.jpg 1024w\" sizes=\"(max-width: 1100px) 100vw, 1100px\" \/><\/p>\n<p><strong>Monke.E<\/strong><\/p>\n<p>D\u00e8s ses jeunes ann\u00e9es, Monk.E reconna\u00eet les arts visuels et lyriques comme l\u2019\u00e9picentre de son identit\u00e9. Professionnel et actif internationalement depuis qu\u2019il a 19 ans, ce graffeur et rappeur prolifique accumule les projets avec des collaborations de haut niveau comme le Cirque du Soleil, Kendrick Lamar ou encore le minist\u00e8re de la culture au Gabon. Du bodypainting aux combats de mots en passant par le muralisme d\u2019envergure, Monk.E excelle et charme par sa cr\u00e9ativit\u00e9 unique.<\/p>\n<\/div>\n<div>\n<p><img loading=\"lazy\" src=\"http:\/\/french-future.eckidev.com\/wp-content\/uploads\/2018\/04\/Urban-Element-Zone-photo-1100x500.jpg\" alt=\"\" width=\"1100\" height=\"500\" class=\"alignnone size-full wp-image-21337\" srcset=\"http:\/\/french-future.eckidev.com\/wp-content\/uploads\/2018\/04\/Urban-Element-Zone-photo-1100x500.jpg 1100w, http:\/\/french-future.eckidev.com\/wp-content\/uploads\/2018\/04\/Urban-Element-Zone-photo-1100x500-600x273.jpg 600w, http:\/\/french-future.eckidev.com\/wp-content\/uploads\/2018\/04\/Urban-Element-Zone-photo-1100x500-300x136.jpg 300w, http:\/\/french-future.eckidev.com\/wp-content\/uploads\/2018\/04\/Urban-Element-Zone-photo-1100x500-768x349.jpg 768w, http:\/\/french-future.eckidev.com\/wp-content\/uploads\/2018\/04\/Urban-Element-Zone-photo-1100x500-1024x465.jpg 1024w\" sizes=\"(max-width: 1100px) 100vw, 1100px\" \/><\/p>\n<p><strong>\u00d6r P\u00fcr<\/strong><\/p>\n<p>\u00d6r P\u00fcr repr\u00e9sente le studio Urban-Element Zone, qui se sp\u00e9cialise dans les styles de danses urbaines telles que le hip-hop, le house dance, l\u2019animation, le popping et le krump. Les danseurs d\u2019\u00d6r P\u00fcr ont chor\u00e9graphi\u00e9 et dans\u00e9 pour plusieurs artistes tr\u00e8s populaires, dont Rihanna, Corneille, Marie-Mai et bien d\u2019autres. Ils sont aussi arriv\u00e9 dans le top 6 de l\u2019\u00e9mission Danser Pour Gagner et ont leur propre \u00e9mission sur Place-Des-Arts, appel\u00e9e Zodiak.<\/p>\n<\/div>\n<\/div>\n<h4>Coordonnatrice du Forum local<\/h4>\n<p><a href=\"mailto:xpression13@gmail.com\">Alyssa Kuzmarov<\/a><\/p>\n","protected":false},"excerpt":{"rendered":"<p>Date Mercredi 11 avril \u2013 de 8h30 \u00e0 14h30 Lieu Universit\u00e9 du Qu\u00e9bec \u00e0 Montr\u00e9al (UQ\u00c0M) \u2013 Salle Marie-G\u00e9rin Lajoie Description Avec le th\u00e8me : Respect, culture et int\u00e9gration \u00e0 la soci\u00e9t\u00e9 qu\u00e9b\u00e9coise, nous vous<a class=\"moretag\" href=\"http:\/\/french-future.eckidev.com\/fr\/forum-local-de-montreal-2018\/\"> Read more&hellip;<\/a><\/p>\n","protected":false},"author":30,"featured_media":0,"parent":0,"menu_order":0,"comment_status":"closed","ping_status":"closed","template":"","meta":[],"_links":{"self":[{"href":"http:\/\/french-future.eckidev.com\/fr\/wp-json\/wp\/v2\/pages\/21313"}],"collection":[{"href":"http:\/\/french-future.eckidev.com\/fr\/wp-json\/wp\/v2\/pages"}],"about":[{"href":"http:\/\/french-future.eckidev.com\/fr\/wp-json\/wp\/v2\/types\/page"}],"author":[{"embeddable":true,"href":"http:\/\/french-future.eckidev.com\/fr\/wp-json\/wp\/v2\/users\/30"}],"replies":[{"embeddable":true,"href":"http:\/\/french-future.eckidev.com\/fr\/wp-json\/wp\/v2\/comments?post=21313"}],"version-history":[{"count":7,"href":"http:\/\/french-future.eckidev.com\/fr\/wp-json\/wp\/v2\/pages\/21313\/revisions"}],"predecessor-version":[{"id":21555,"href":"http:\/\/french-future.eckidev.com\/fr\/wp-json\/wp\/v2\/pages\/21313\/revisions\/21555"}],"wp:attachment":[{"href":"http:\/\/french-future.eckidev.com\/fr\/wp-json\/wp\/v2\/media?parent=21313"}],"curies":[{"name":"wp","href":"https:\/\/api.w.org\/{rel}","templated":true}]}}