{"id":21316,"date":"2018-04-13T13:58:01","date_gmt":"2018-04-13T17:58:01","guid":{"rendered":"http:\/\/french-future.eckidev.com\/?page_id=21316\/"},"modified":"2018-04-13T14:33:50","modified_gmt":"2018-04-13T18:33:50","slug":"forum-local-de-winnipeg-2018","status":"publish","type":"page","link":"http:\/\/french-future.eckidev.com\/fr\/programmes\/forums-locaux\/forum-local-de-winnipeg-2018\/","title":{"rendered":"Forum local de Winnipeg 2018"},"content":{"rendered":"<p><img loading=\"lazy\" class=\"wp-image-21291 size-full aligncenter\" src=\"http:\/\/french-future.eckidev.com\/wp-content\/uploads\/2018\/04\/P1080353-ConvertImage-1-1100x500.jpg\" alt=\"\" width=\"1100\" height=\"500\" srcset=\"http:\/\/french-future.eckidev.com\/wp-content\/uploads\/2018\/04\/P1080353-ConvertImage-1-1100x500.jpg 1100w, http:\/\/french-future.eckidev.com\/wp-content\/uploads\/2018\/04\/P1080353-ConvertImage-1-1100x500-600x273.jpg 600w, http:\/\/french-future.eckidev.com\/wp-content\/uploads\/2018\/04\/P1080353-ConvertImage-1-1100x500-300x136.jpg 300w, http:\/\/french-future.eckidev.com\/wp-content\/uploads\/2018\/04\/P1080353-ConvertImage-1-1100x500-768x349.jpg 768w, http:\/\/french-future.eckidev.com\/wp-content\/uploads\/2018\/04\/P1080353-ConvertImage-1-1100x500-1024x465.jpg 1024w\" sizes=\"(max-width: 1100px) 100vw, 1100px\" \/><\/p>\n<h4>Date<\/h4>\n<p>Mardi 17\/04\/2017 \u2013 de 8h30 \u00e0 14h45<\/p>\n<h4>Lieu<\/h4>\n<p>Universit\u00e9 de Saint-Boniface, Winnipeg<\/p>\n<h4>Description<\/h4>\n<p>Le Forum local de Winnipeg est un \u00e9v\u00e9nement d\u2019une journ\u00e9e qui r\u00e9unit \u00e0 chaque ann\u00e9e pr\u00e8s de 200 \u00e9l\u00e8ves bilingues du secondaire de partout au Manitoba. Le Forum local est organis\u00e9 par Le fran\u00e7ais pour l\u2019avenir, en collaboration avec la Soci\u00e9t\u00e9 franco-manitobaine et l\u2019Universit\u00e9 de Saint\u2011Boniface.<\/p>\n<p>Au cours de cette journ\u00e9e remplie d\u2019activit\u00e9s et d\u2019ateliers interactifs et amusants, les \u00e9l\u00e8ves participant au Forum local vivront une exp\u00e9rience culturelle et linguistique ensemble en fran\u00e7ais.<\/p>\n<p>Le fran\u00e7ais pour l\u2019avenir et la Soci\u00e9t\u00e9 franco-manitobaine invitent toutes les \u00e9coles de la Division scolaire franco\u2011manitobaine et d\u2019immersion des 9e \u00e0 12e ann\u00e9es \u00e0 participer \u00e0 l\u2019\u00e9v\u00e9nement.<\/p>\n<h4>les objectifs du Forum local<\/h4>\n<ul>\n<li>\u00c9tablir des liens linguistiques et culturels entre les \u00e9l\u00e8ves participants.<\/li>\n<li>C\u00e9l\u00e9brer le bilinguisme et mettre l\u2019accent sur le potentiel culturel et professionnel d\u2019une \u00e9ducation en fran\u00e7ais.<\/li>\n<li>Rassembler des \u00e9l\u00e8ves de diff\u00e9rents coins de la province, en leur fournissant l\u2019opportunit\u00e9 imm\u00e9diate d\u2019en apprendre sur leurs cultures et leur communaut\u00e9.<\/li>\n<li>Inspirer et \u00e9duquer la nouvelle g\u00e9n\u00e9ration sur la valeur da la dualit\u00e9 linguistique au Canada.<\/li>\n<\/ul>\n<h4>Au programme :<\/h4>\n<p>8h30 \u2013 Accueil et inscriptions<\/p>\n<p>9h15 \u2013 C\u00e9r\u00e9monie d\u2019ouverture<\/p>\n<p>9h45 \u2013 Pr\u00e9sentation des ambassadeurs du FNJA<\/p>\n<p>9h55 \u2013 Atelier #1<\/p>\n<p>11h \u2013 Conf\u00e9rence<\/p>\n<p>11h45 \u2013 D\u00eener<\/p>\n<p>12h35 \u2013 Atelier #2<\/p>\n<p>13h40 \u2013 Spectacle musical<\/p>\n<p>14h30 \u2013 Mot de cl\u00f4ture et sondages<\/p>\n<p><img loading=\"lazy\" src=\"http:\/\/french-future.eckidev.com\/wp-content\/uploads\/2018\/04\/P1080378-ConvertImage-1-250x188.jpg\" alt=\"\" width=\"250\" height=\"188\" class=\"size-full wp-image-21317 alignnone\" \/> <img loading=\"lazy\" src=\"http:\/\/french-future.eckidev.com\/wp-content\/uploads\/2018\/04\/P1080458-ConvertImage-1-250x188.jpg\" alt=\"\" width=\"250\" height=\"188\" class=\"size-full wp-image-21321 alignnone\" \/> <img loading=\"lazy\" src=\"http:\/\/french-future.eckidev.com\/wp-content\/uploads\/2018\/04\/P1080429-ConvertImage-1-250x188.jpg\" alt=\"\" width=\"250\" height=\"188\" class=\"size-full wp-image-21319 alignnone\" \/><\/p>\n<h4>En partenariat avec:<\/h4>\n<p><img loading=\"lazy\" src=\"http:\/\/french-future.eckidev.com\/wp-content\/uploads\/2018\/04\/Logos-550x275.png\" alt=\"\" width=\"550\" height=\"275\" class=\"alignnone size-full wp-image-21323\" srcset=\"http:\/\/french-future.eckidev.com\/wp-content\/uploads\/2018\/04\/Logos-550x275.png 550w, http:\/\/french-future.eckidev.com\/wp-content\/uploads\/2018\/04\/Logos-550x275-300x150.png 300w, http:\/\/french-future.eckidev.com\/wp-content\/uploads\/2018\/04\/Logos-550x275-375x188.png 375w\" sizes=\"(max-width: 550px) 100vw, 550px\" \/><\/p>\n<h4>Coordonnatrice du Forum local<\/h4>\n<p>Joanne Dupuis \u2013\u00a0<a href=\"mailto:jdupuis@sfm.mb.ca\">jdupuis@sfm.mb.ca<\/a><\/p>\n","protected":false},"excerpt":{"rendered":"<p>Date Mardi 17\/04\/2017 \u2013 de 8h30 \u00e0 14h45 Lieu Universit\u00e9 de Saint-Boniface, Winnipeg Description Le Forum local de Winnipeg est un \u00e9v\u00e9nement d\u2019une journ\u00e9e qui r\u00e9unit \u00e0 chaque ann\u00e9e pr\u00e8s de 200 \u00e9l\u00e8ves bilingues du<a class=\"moretag\" href=\"http:\/\/french-future.eckidev.com\/fr\/programmes\/forums-locaux\/forum-local-de-winnipeg-2018\/\"> Read more&hellip;<\/a><\/p>\n","protected":false},"author":30,"featured_media":0,"parent":2990,"menu_order":0,"comment_status":"closed","ping_status":"closed","template":"","meta":[],"_links":{"self":[{"href":"http:\/\/french-future.eckidev.com\/fr\/wp-json\/wp\/v2\/pages\/21316"}],"collection":[{"href":"http:\/\/french-future.eckidev.com\/fr\/wp-json\/wp\/v2\/pages"}],"about":[{"href":"http:\/\/french-future.eckidev.com\/fr\/wp-json\/wp\/v2\/types\/page"}],"author":[{"embeddable":true,"href":"http:\/\/french-future.eckidev.com\/fr\/wp-json\/wp\/v2\/users\/30"}],"replies":[{"embeddable":true,"href":"http:\/\/french-future.eckidev.com\/fr\/wp-json\/wp\/v2\/comments?post=21316"}],"version-history":[{"count":5,"href":"http:\/\/french-future.eckidev.com\/fr\/wp-json\/wp\/v2\/pages\/21316\/revisions"}],"predecessor-version":[{"id":21342,"href":"http:\/\/french-future.eckidev.com\/fr\/wp-json\/wp\/v2\/pages\/21316\/revisions\/21342"}],"up":[{"embeddable":true,"href":"http:\/\/french-future.eckidev.com\/fr\/wp-json\/wp\/v2\/pages\/2990"}],"wp:attachment":[{"href":"http:\/\/french-future.eckidev.com\/fr\/wp-json\/wp\/v2\/media?parent=21316"}],"curies":[{"name":"wp","href":"https:\/\/api.w.org\/{rel}","templated":true}]}}