{"id":21343,"date":"2018-04-13T14:43:04","date_gmt":"2018-04-13T18:43:04","guid":{"rendered":"http:\/\/french-future.eckidev.com\/?page_id=21343\/"},"modified":"2018-05-08T10:37:52","modified_gmt":"2018-05-08T14:37:52","slug":"forum-local-de-fredericton","status":"publish","type":"page","link":"http:\/\/french-future.eckidev.com\/fr\/programmes\/forums-locaux\/forum-local-de-fredericton\/","title":{"rendered":"Forum local de Fredericton 2018"},"content":{"rendered":"<p><img loading=\"lazy\" class=\"alignnone wp-image-21281 size-full\" src=\"http:\/\/french-future.eckidev.com\/wp-content\/uploads\/2018\/04\/FPA-6-low-res-1100x500.jpg\" alt=\"\" width=\"1100\" height=\"500\" srcset=\"http:\/\/french-future.eckidev.com\/wp-content\/uploads\/2018\/04\/FPA-6-low-res-1100x500.jpg 1100w, http:\/\/french-future.eckidev.com\/wp-content\/uploads\/2018\/04\/FPA-6-low-res-1100x500-600x273.jpg 600w, http:\/\/french-future.eckidev.com\/wp-content\/uploads\/2018\/04\/FPA-6-low-res-1100x500-300x136.jpg 300w, http:\/\/french-future.eckidev.com\/wp-content\/uploads\/2018\/04\/FPA-6-low-res-1100x500-768x349.jpg 768w, http:\/\/french-future.eckidev.com\/wp-content\/uploads\/2018\/04\/FPA-6-low-res-1100x500-1024x465.jpg 1024w\" sizes=\"(max-width: 1100px) 100vw, 1100px\" \/><\/p>\n<h4>Date<\/h4>\n<p>Jeudi 26\/04\/18 \u2014 de 8 h 15 \u00e0 14 h 20<\/p>\n<h4>Lieu<\/h4>\n<p>Centre communautaire Sainte-Anne, Fredericton<\/p>\n<h4>Description<\/h4>\n<p>Le jeudi 26 avril 2018, au Centre communautaire Sainte-Anne, le Forum local du Fran\u00e7ais pour l\u2019avenir de Fredericton accueillera pr\u00e8s de 300 jeunes anglophones et francophones de la r\u00e9gion.<\/p>\n<p>Il s\u2019agit d\u2019une journ\u00e9e compl\u00e8tement en fran\u00e7ais, o\u00f9 les \u00e9l\u00e8ves pourront participer \u00e0 des ateliers informatifs et interactifs. Les \u00e9l\u00e8ves auront la chance de rencontrer des professionnels de divers domaines qui partageront leurs exp\u00e9riences et expertises. Plusieurs institutions post-secondaires seront pr\u00e9sentes pour discuter des options acad\u00e9miques disponibles.<\/p>\n<p>Par le biais de sessions amusantes et \u00e9ducatives, les \u00e9l\u00e8ves pourront cr\u00e9er des liens avec des jeunes des deux communaut\u00e9s linguistiques, et d\u00e9couvrir un aper\u00e7u de la culture francophone et acadienne.<\/p>\n<p>Cette journ\u00e9e unique en son genre s\u2019av\u00e8re un \u00e9v\u00e9nement \u00e0 ne pas manquer. Alors, inscrivez-vous d\u00e8s maintenant et soyez au rendez-vous!<\/p>\n<h4>les objectifs du Forum local<\/h4>\n<h4>Au programme :<\/h4>\n<p>8 h 15 \u2014 Inscription, foire de kiosques et activit\u00e9s brise-glace<\/p>\n<p>9 h 15 \u2013 C\u00e9r\u00e9monie d\u2019ouverture<\/p>\n<p>9 h 35 \u2014 Conf\u00e9rence par Mathieu Gingras de l\u2019Universit\u00e9 de Moncton<\/p>\n<p>10 h 20 \u2014 Atelier #1<\/p>\n<p>11 h 10 \u2014 D\u00eener et foire de kiosques<\/p>\n<p>12 h 00 \u2014 Atelier #2<\/p>\n<p>12 h 35 \u2013 Atelier #2<\/p>\n<p>13 h 00 \u2014 Activit\u00e9 culturelle<\/p>\n<p>14 h 00 \u2014 Pl\u00e9ni\u00e8re et c\u00e9r\u00e9monie de cl\u00f4ture<\/p>\n<p><img loading=\"lazy\" src=\"http:\/\/french-future.eckidev.com\/wp-content\/uploads\/2018\/04\/FPA-23-low-res-e1518449912986-214x180.jpg\" alt=\"\" width=\"214\" height=\"180\" class=\"alignnone wp-image-21348 size-full\" \/> <img loading=\"lazy\" src=\"http:\/\/french-future.eckidev.com\/wp-content\/uploads\/2018\/04\/FPA-21-low-res-120x180.jpg\" alt=\"\" width=\"120\" height=\"180\" class=\"alignnone wp-image-21346 size-full\" \/> <img loading=\"lazy\" src=\"http:\/\/french-future.eckidev.com\/wp-content\/uploads\/2018\/04\/FPA-17-low-res-181x180.jpg\" alt=\"\" width=\"181\" height=\"180\" class=\"alignnone wp-image-21344 size-full\" srcset=\"http:\/\/french-future.eckidev.com\/wp-content\/uploads\/2018\/04\/FPA-17-low-res-181x180.jpg 181w, http:\/\/french-future.eckidev.com\/wp-content\/uploads\/2018\/04\/FPA-17-low-res-181x180-100x100.jpg 100w, http:\/\/french-future.eckidev.com\/wp-content\/uploads\/2018\/04\/FPA-17-low-res-181x180-150x150.jpg 150w\" sizes=\"(max-width: 181px) 100vw, 181px\" \/><\/p>\n<h4>Coordonnateur du Forum local de Fredericton<\/h4>\n<p>Maxime Bourgeois \u2013\u00a0<a href=\"mailto:mbourgeois@francais-avenir.org\">mbourgeois@francais-avenir.org<\/a><\/p>\n","protected":false},"excerpt":{"rendered":"<p>Date Jeudi 26\/04\/18 \u2014 de 8 h 15 \u00e0 14 h 20 Lieu Centre communautaire Sainte-Anne, Fredericton Description Le jeudi 26 avril 2018, au Centre communautaire Sainte-Anne, le Forum local du Fran\u00e7ais pour l\u2019avenir de<a class=\"moretag\" href=\"http:\/\/french-future.eckidev.com\/fr\/programmes\/forums-locaux\/forum-local-de-fredericton\/\"> Read more&hellip;<\/a><\/p>\n","protected":false},"author":30,"featured_media":0,"parent":2990,"menu_order":0,"comment_status":"closed","ping_status":"closed","template":"","meta":[],"_links":{"self":[{"href":"http:\/\/french-future.eckidev.com\/fr\/wp-json\/wp\/v2\/pages\/21343"}],"collection":[{"href":"http:\/\/french-future.eckidev.com\/fr\/wp-json\/wp\/v2\/pages"}],"about":[{"href":"http:\/\/french-future.eckidev.com\/fr\/wp-json\/wp\/v2\/types\/page"}],"author":[{"embeddable":true,"href":"http:\/\/french-future.eckidev.com\/fr\/wp-json\/wp\/v2\/users\/30"}],"replies":[{"embeddable":true,"href":"http:\/\/french-future.eckidev.com\/fr\/wp-json\/wp\/v2\/comments?post=21343"}],"version-history":[{"count":4,"href":"http:\/\/french-future.eckidev.com\/fr\/wp-json\/wp\/v2\/pages\/21343\/revisions"}],"predecessor-version":[{"id":21557,"href":"http:\/\/french-future.eckidev.com\/fr\/wp-json\/wp\/v2\/pages\/21343\/revisions\/21557"}],"up":[{"embeddable":true,"href":"http:\/\/french-future.eckidev.com\/fr\/wp-json\/wp\/v2\/pages\/2990"}],"wp:attachment":[{"href":"http:\/\/french-future.eckidev.com\/fr\/wp-json\/wp\/v2\/media?parent=21343"}],"curies":[{"name":"wp","href":"https:\/\/api.w.org\/{rel}","templated":true}]}}