{"id":21353,"date":"2018-04-17T08:41:33","date_gmt":"2018-04-17T12:41:33","guid":{"rendered":"http:\/\/french-future.eckidev.com\/?page_id=21353\/"},"modified":"2018-05-08T10:40:05","modified_gmt":"2018-05-08T14:40:05","slug":"forum-local-de-vancouver-2018","status":"publish","type":"page","link":"http:\/\/french-future.eckidev.com\/fr\/programmes\/forums-locaux\/forum-local-de-vancouver-2018\/","title":{"rendered":"Forum local de Vancouver 2018"},"content":{"rendered":"<p><img loading=\"lazy\" class=\"wp-image-21283 size-full aligncenter\" src=\"http:\/\/french-future.eckidev.com\/wp-content\/uploads\/2018\/04\/i-sJPLz5b-X2-1100x500.jpg\" alt=\"\" width=\"1100\" height=\"500\" srcset=\"http:\/\/french-future.eckidev.com\/wp-content\/uploads\/2018\/04\/i-sJPLz5b-X2-1100x500.jpg 1100w, http:\/\/french-future.eckidev.com\/wp-content\/uploads\/2018\/04\/i-sJPLz5b-X2-1100x500-600x273.jpg 600w, http:\/\/french-future.eckidev.com\/wp-content\/uploads\/2018\/04\/i-sJPLz5b-X2-1100x500-300x136.jpg 300w, http:\/\/french-future.eckidev.com\/wp-content\/uploads\/2018\/04\/i-sJPLz5b-X2-1100x500-768x349.jpg 768w, http:\/\/french-future.eckidev.com\/wp-content\/uploads\/2018\/04\/i-sJPLz5b-X2-1100x500-1024x465.jpg 1024w\" sizes=\"(max-width: 1100px) 100vw, 1100px\" \/><\/p>\n<h4>Date<\/h4>\n<p>Vendredi 27\/04\/2018 \u2013 de 8h30 \u00e0 15h15<\/p>\n<h4>Lieu<\/h4>\n<p>Universit\u00e9 Simon Fraser<\/p>\n<h4>Description<\/h4>\n<p>Sous le th\u00e8me \u201cVivre ma passion en fran\u00e7ais, un monde de possibilit\u00e9s!\u201d ce sont 200 \u00e9tudiants de la r\u00e9gion du Grand Vancouver qui se rassembleront \u00e0 l\u2019Universit\u00e9 Simon Fraser le vendredi 27 avril.<\/p>\n<p>Le Forum 2018 a pour but de promouvoir les activit\u00e9s et les opportunit\u00e9s propos\u00e9es par le Fran\u00e7ais pour l\u2019avenir ainsi que de tisser des liens entre les \u00e9l\u00e8ves du secondaire et leur communaut\u00e9 francophone. Nous voulons aussi encourager les \u00e9changes entre les \u00e9l\u00e8ves de diff\u00e9rentes \u00e9coles et de divers horizons. Les animateurs d\u2019ateliers seront d\u2019expertises vari\u00e9es \u2013 les arts, le sport, l\u2019entrepreneuriat et la technologie seront \u00e0 l\u2019honneur cette ann\u00e9e. Les \u00e9changes entre \u00e9l\u00e8ves, les ateliers interactifs et les conf\u00e9rences inspirantes susciteront assur\u00e9ment l\u2019enthousiasme des \u00e9l\u00e8ves \u00e0 poursuivre leurs \u00e9tudes en fran\u00e7ais au niveau postsecondaire.<\/p>\n<h4>Au programme :<\/h4>\n<p>8 h 30 \u2013 Accueil des \u00e9l\u00e8ves, activit\u00e9s brise-glace<\/p>\n<p>8 h 45 \u2013 C\u00e9r\u00e9monie d\u2019ouverture<\/p>\n<p>9 h 30 \u2013 Atelier #1<\/p>\n<p>10 h 45 \u2013 Atelier #2<\/p>\n<p>12 h 00 \u2013 D\u00eener<\/p>\n<p>12 h 30 \u2013 Visites du campus &amp; activit\u00e9 communautaire<\/p>\n<p>13 h 00 \u2013 Rendez-vous des exposants<\/p>\n<p>14 h 00 \u2013 Spectacle : Mat C\u00f4t\u00e9<\/p>\n<p>14 h 45 \u2013 C\u00e9r\u00e9monie de cl\u00f4ture<\/p>\n<p><img loading=\"lazy\" src=\"http:\/\/french-future.eckidev.com\/wp-content\/uploads\/2018\/04\/i-KnDbzLQ-X2-210x150.jpg\" alt=\"\" width=\"210\" height=\"150\" class=\"alignnone wp-image-21356 size-full\" \/> <img loading=\"lazy\" src=\"http:\/\/french-future.eckidev.com\/wp-content\/uploads\/2018\/04\/i-2TkCwCz-X2-1-210x150.jpg\" alt=\"\" width=\"210\" height=\"150\" class=\"alignnone wp-image-21354 size-full\" \/> <img loading=\"lazy\" src=\"http:\/\/french-future.eckidev.com\/wp-content\/uploads\/2018\/04\/photo1-210x150.jpg\" alt=\"\" width=\"210\" height=\"150\" class=\"alignnone wp-image-21360 size-full\" \/><\/p>\n<h4>Merci aux sponsors et donateurs locaux<\/h4>\n<p><img loading=\"lazy\" src=\"http:\/\/french-future.eckidev.com\/wp-content\/uploads\/2018\/04\/Montage-logos.png\" alt=\"\" width=\"756\" height=\"370\" class=\"alignnone size-full wp-image-21359\" srcset=\"http:\/\/french-future.eckidev.com\/wp-content\/uploads\/2018\/04\/Montage-logos.png 756w, http:\/\/french-future.eckidev.com\/wp-content\/uploads\/2018\/04\/Montage-logos-600x294.png 600w, http:\/\/french-future.eckidev.com\/wp-content\/uploads\/2018\/04\/Montage-logos-300x147.png 300w\" sizes=\"(max-width: 756px) 100vw, 756px\" \/><\/p>\n<h4>Coordonnatrice du Forum local de Vancouver<\/h4>\n<p>Marjorie Boies \u2013\u00a0<a href=\"mailto:cb@francais-avenir.org\">mbourgeois@francais-avenir.org<\/a><\/p>\n","protected":false},"excerpt":{"rendered":"<p>Date Vendredi 27\/04\/2018 \u2013 de 8h30 \u00e0 15h15 Lieu Universit\u00e9 Simon Fraser Description Sous le th\u00e8me \u201cVivre ma passion en fran\u00e7ais, un monde de possibilit\u00e9s!\u201d ce sont 200 \u00e9tudiants de la r\u00e9gion du Grand Vancouver<a class=\"moretag\" href=\"http:\/\/french-future.eckidev.com\/fr\/programmes\/forums-locaux\/forum-local-de-vancouver-2018\/\"> Read more&hellip;<\/a><\/p>\n","protected":false},"author":30,"featured_media":0,"parent":2990,"menu_order":0,"comment_status":"closed","ping_status":"closed","template":"","meta":[],"_links":{"self":[{"href":"http:\/\/french-future.eckidev.com\/fr\/wp-json\/wp\/v2\/pages\/21353"}],"collection":[{"href":"http:\/\/french-future.eckidev.com\/fr\/wp-json\/wp\/v2\/pages"}],"about":[{"href":"http:\/\/french-future.eckidev.com\/fr\/wp-json\/wp\/v2\/types\/page"}],"author":[{"embeddable":true,"href":"http:\/\/french-future.eckidev.com\/fr\/wp-json\/wp\/v2\/users\/30"}],"replies":[{"embeddable":true,"href":"http:\/\/french-future.eckidev.com\/fr\/wp-json\/wp\/v2\/comments?post=21353"}],"version-history":[{"count":8,"href":"http:\/\/french-future.eckidev.com\/fr\/wp-json\/wp\/v2\/pages\/21353\/revisions"}],"predecessor-version":[{"id":21558,"href":"http:\/\/french-future.eckidev.com\/fr\/wp-json\/wp\/v2\/pages\/21353\/revisions\/21558"}],"up":[{"embeddable":true,"href":"http:\/\/french-future.eckidev.com\/fr\/wp-json\/wp\/v2\/pages\/2990"}],"wp:attachment":[{"href":"http:\/\/french-future.eckidev.com\/fr\/wp-json\/wp\/v2\/media?parent=21353"}],"curies":[{"name":"wp","href":"https:\/\/api.w.org\/{rel}","templated":true}]}}