{"id":21374,"date":"2018-04-16T14:36:13","date_gmt":"2018-04-16T18:36:13","guid":{"rendered":"http:\/\/french-future.eckidev.com\/?page_id=21374\/"},"modified":"2018-04-16T14:36:13","modified_gmt":"2018-04-16T18:36:13","slug":"forum-local-de-victoria-2018","status":"publish","type":"page","link":"http:\/\/french-future.eckidev.com\/fr\/forum-local-de-victoria-2018\/","title":{"rendered":"Forum local de Victoria 2018"},"content":{"rendered":"<p><img loading=\"lazy\" class=\"wp-image-21277 size-full aligncenter\" src=\"http:\/\/french-future.eckidev.com\/wp-content\/uploads\/2018\/04\/18768527_1932798056965847_5102553590563412879_o-1100x500.jpg\" alt=\"\" width=\"1100\" height=\"500\" srcset=\"http:\/\/french-future.eckidev.com\/wp-content\/uploads\/2018\/04\/18768527_1932798056965847_5102553590563412879_o-1100x500.jpg 1100w, http:\/\/french-future.eckidev.com\/wp-content\/uploads\/2018\/04\/18768527_1932798056965847_5102553590563412879_o-1100x500-600x273.jpg 600w, http:\/\/french-future.eckidev.com\/wp-content\/uploads\/2018\/04\/18768527_1932798056965847_5102553590563412879_o-1100x500-300x136.jpg 300w, http:\/\/french-future.eckidev.com\/wp-content\/uploads\/2018\/04\/18768527_1932798056965847_5102553590563412879_o-1100x500-768x349.jpg 768w, http:\/\/french-future.eckidev.com\/wp-content\/uploads\/2018\/04\/18768527_1932798056965847_5102553590563412879_o-1100x500-1024x465.jpg 1024w\" sizes=\"(max-width: 1100px) 100vw, 1100px\" \/><\/p>\n<h4>Date<\/h4>\n<p>Lundi 30\/04\/2018 \u2013 de 8h30 \u00e0 15h15<\/p>\n<h4>Lieu<\/h4>\n<p>Universit\u00e9 de Victoria<\/p>\n<h4>Description<\/h4>\n<p>Sous le th\u00e8me \u201cVivre ma passion en fran\u00e7ais, un monde de possibilit\u00e9s!\u201d ce sont 200 \u00e9tudiants de la r\u00e9gion du Grand Victoria qui se rassembleront \u00e0 l\u2019Universit\u00e9 de Victoria le lundi 30 avril.<\/p>\n<p>Le Forum 2018 a pour but de promouvoir les activit\u00e9s et les opportunit\u00e9s propos\u00e9es par le Fran\u00e7ais pour l\u2019avenir ainsi que de tisser des liens entre les \u00e9l\u00e8ves du secondaire et leur communaut\u00e9 francophone. Nous voulons aussi encourager les \u00e9changes entre les \u00e9l\u00e8ves de diff\u00e9rentes \u00e9coles et de divers horizons. Les animateurs d\u2019ateliers seront d\u2019expertises vari\u00e9es \u2013 les arts, le sport, l\u2019entrepreneuriat et la technologie seront \u00e0 l\u2019honneur cette ann\u00e9e. Les \u00e9changes entre \u00e9l\u00e8ves, les ateliers interactifs et les conf\u00e9rences inspirantes susciteront assur\u00e9ment l\u2019enthousiasme des \u00e9l\u00e8ves \u00e0 poursuivre leurs \u00e9tudes en fran\u00e7ais au niveau postsecondaire.<\/p>\n<h4>Au programme :<\/h4>\n<p>8h30 \u2013 Accueil des \u00e9l\u00e8ves, activit\u00e9s brise-glace<\/p>\n<p>8h45 \u2013 C\u00e9r\u00e9monie d\u2019ouverture<\/p>\n<p>9h30 \u2013 Atelier #1<\/p>\n<p>10h45 \u2013 Atelier #2<\/p>\n<p>12h00 \u2013 D\u00eener<\/p>\n<p>12h30 \u2013 Visites du campus &amp; activit\u00e9 communautaire<\/p>\n<p>13h00 \u2013 Rendez-vous des exposants<\/p>\n<p>14h00 \u2013 Spectacle : Mat C\u00f4t\u00e9<\/p>\n<p>14h45 \u2013 C\u00e9r\u00e9monie de cl\u00f4ture<\/p>\n<p><img loading=\"lazy\" src=\"http:\/\/french-future.eckidev.com\/wp-content\/uploads\/2018\/04\/IMG_6738-210x150.jpg\" alt=\"\" width=\"210\" height=\"150\" class=\"alignnone size-full wp-image-21379\" \/><img loading=\"lazy\" src=\"http:\/\/french-future.eckidev.com\/wp-content\/uploads\/2018\/04\/IMG_6317-210x150.jpg\" alt=\"\" width=\"210\" height=\"150\" class=\"alignnone size-full wp-image-21375\" \/><img loading=\"lazy\" src=\"http:\/\/french-future.eckidev.com\/wp-content\/uploads\/2018\/04\/IMG_6636-210x150.jpg\" alt=\"\" width=\"210\" height=\"150\" class=\"alignnone size-full wp-image-21377\" \/><\/p>\n<h4>Merci aux sponsors et donateurs locaux<\/h4>\n<p>\u00a0\u00a0\u00a0<img loading=\"lazy\" src=\"http:\/\/french-future.eckidev.com\/wp-content\/uploads\/2018\/04\/Montage-logos-Victoria.png\" alt=\"\" width=\"756\" height=\"378\" class=\"alignnone size-full wp-image-21381\" srcset=\"http:\/\/french-future.eckidev.com\/wp-content\/uploads\/2018\/04\/Montage-logos-Victoria.png 756w, http:\/\/french-future.eckidev.com\/wp-content\/uploads\/2018\/04\/Montage-logos-Victoria-600x300.png 600w, http:\/\/french-future.eckidev.com\/wp-content\/uploads\/2018\/04\/Montage-logos-Victoria-300x150.png 300w\" sizes=\"(max-width: 756px) 100vw, 756px\" \/><\/p>\n<h4>Coordonnatrice du Forum Local de Victoria<\/h4>\n<p>Marjorie Boies \u2013 <a href=\"mailto:cb@francais-avenir.org\">cb@francais-avenir.org<\/a><\/p>\n","protected":false},"excerpt":{"rendered":"<p>Date Lundi 30\/04\/2018 \u2013 de 8h30 \u00e0 15h15 Lieu Universit\u00e9 de Victoria Description Sous le th\u00e8me \u201cVivre ma passion en fran\u00e7ais, un monde de possibilit\u00e9s!\u201d ce sont 200 \u00e9tudiants de la r\u00e9gion du Grand Victoria<a class=\"moretag\" href=\"http:\/\/french-future.eckidev.com\/fr\/forum-local-de-victoria-2018\/\"> Read more&hellip;<\/a><\/p>\n","protected":false},"author":30,"featured_media":0,"parent":0,"menu_order":0,"comment_status":"closed","ping_status":"closed","template":"","meta":[],"_links":{"self":[{"href":"http:\/\/french-future.eckidev.com\/fr\/wp-json\/wp\/v2\/pages\/21374"}],"collection":[{"href":"http:\/\/french-future.eckidev.com\/fr\/wp-json\/wp\/v2\/pages"}],"about":[{"href":"http:\/\/french-future.eckidev.com\/fr\/wp-json\/wp\/v2\/types\/page"}],"author":[{"embeddable":true,"href":"http:\/\/french-future.eckidev.com\/fr\/wp-json\/wp\/v2\/users\/30"}],"replies":[{"embeddable":true,"href":"http:\/\/french-future.eckidev.com\/fr\/wp-json\/wp\/v2\/comments?post=21374"}],"version-history":[{"count":1,"href":"http:\/\/french-future.eckidev.com\/fr\/wp-json\/wp\/v2\/pages\/21374\/revisions"}],"predecessor-version":[{"id":21383,"href":"http:\/\/french-future.eckidev.com\/fr\/wp-json\/wp\/v2\/pages\/21374\/revisions\/21383"}],"wp:attachment":[{"href":"http:\/\/french-future.eckidev.com\/fr\/wp-json\/wp\/v2\/media?parent=21374"}],"curies":[{"name":"wp","href":"https:\/\/api.w.org\/{rel}","templated":true}]}}