{"id":21384,"date":"2018-04-16T14:43:01","date_gmt":"2018-04-16T18:43:01","guid":{"rendered":"http:\/\/french-future.eckidev.com\/?page_id=21384\/"},"modified":"2018-05-08T10:48:30","modified_gmt":"2018-05-08T14:48:30","slug":"forum-local-de-whitehorse-2018","status":"publish","type":"page","link":"http:\/\/french-future.eckidev.com\/fr\/forum-local-de-whitehorse-2018\/","title":{"rendered":"Forum local de Whitehorse 2018"},"content":{"rendered":"<p><img loading=\"lazy\" class=\"aligncenter wp-image-21292 size-full\" src=\"http:\/\/french-future.eckidev.com\/wp-content\/uploads\/2018\/04\/secondaire_en_spectacle_2017_36dp-ConvertImage-ConvertImage-1100x500.jpg\" alt=\"\" width=\"1100\" height=\"500\" srcset=\"http:\/\/french-future.eckidev.com\/wp-content\/uploads\/2018\/04\/secondaire_en_spectacle_2017_36dp-ConvertImage-ConvertImage-1100x500.jpg 1100w, http:\/\/french-future.eckidev.com\/wp-content\/uploads\/2018\/04\/secondaire_en_spectacle_2017_36dp-ConvertImage-ConvertImage-1100x500-600x273.jpg 600w, http:\/\/french-future.eckidev.com\/wp-content\/uploads\/2018\/04\/secondaire_en_spectacle_2017_36dp-ConvertImage-ConvertImage-1100x500-300x136.jpg 300w, http:\/\/french-future.eckidev.com\/wp-content\/uploads\/2018\/04\/secondaire_en_spectacle_2017_36dp-ConvertImage-ConvertImage-1100x500-768x349.jpg 768w, http:\/\/french-future.eckidev.com\/wp-content\/uploads\/2018\/04\/secondaire_en_spectacle_2017_36dp-ConvertImage-ConvertImage-1100x500-1024x465.jpg 1024w\" sizes=\"(max-width: 1100px) 100vw, 1100px\" \/><\/p>\n<h4>Date<\/h4>\n<p>30 avril 2018<\/p>\n<h4>Lieu<\/h4>\n<p>Universit\u00e9 de Victoria<\/p>\n<h4>Description<\/h4>\n<p>Organis\u00e9 par les Programmes en fran\u00e7ais du minist\u00e8re de l\u2019\u00c9ducation, notre Forum local prendra la forme d\u2019un spectacle pour et par les jeunes.<\/p>\n<p>Anim\u00e9 par des \u00e9l\u00e8ves, ce Forum appel\u00e9 \u00abSecondaire en Spectacle\u00bb regroupera environ 350 jeunes de la 7e \u00e0 la 12e ann\u00e9e provenant des 4 \u00e9coles secondaires de Whitehorse et des \u00e9coles de diff\u00e9rentes communaut\u00e9s rurales.<\/p>\n<p>Les prestations artistiques de notre forum seront pr\u00e9sent\u00e9es par les \u00e9l\u00e8ves des \u00e9coles secondaires.<\/p>\n<p><img loading=\"lazy\" src=\"http:\/\/french-future.eckidev.com\/wp-content\/uploads\/2018\/04\/secondaire_en_spectacle_2017_33dp-ConvertImage-ConvertImage-250x166.jpg\" alt=\"\" width=\"250\" height=\"166\" class=\"size-full wp-image-21385 alignnone\" \/> <img loading=\"lazy\" src=\"http:\/\/french-future.eckidev.com\/wp-content\/uploads\/2018\/04\/secondaire_en_spectacle_2017_35dp-ConvertImage-250x166.jpg\" alt=\"\" width=\"250\" height=\"166\" class=\"size-full wp-image-21387 alignnone\" \/><\/p>\n<h4>Coordonnateurs du Forum local de Whitehorse<\/h4>\n<p>Danielle Bonneau &#8211; <a href=\"mailto:Danielle.Bonneau@yesnet.yk.ca\">danielle.bonneau@yesnet.yk.ca<\/a><\/p>\n<p>Yann Herry &#8211;\u00a0<span>\u00a0<\/span><a href=\"mailto:yann.herry@gov.yk.ca\">yann.herry@gov.yk.ca<\/a><\/p>\n","protected":false},"excerpt":{"rendered":"<p>Date 30 avril 2018 Lieu Universit\u00e9 de Victoria Description Organis\u00e9 par les Programmes en fran\u00e7ais du minist\u00e8re de l\u2019\u00c9ducation, notre Forum local prendra la forme d\u2019un spectacle pour et par les jeunes. Anim\u00e9 par des<a class=\"moretag\" href=\"http:\/\/french-future.eckidev.com\/fr\/forum-local-de-whitehorse-2018\/\"> Read more&hellip;<\/a><\/p>\n","protected":false},"author":30,"featured_media":0,"parent":0,"menu_order":0,"comment_status":"closed","ping_status":"closed","template":"","meta":[],"_links":{"self":[{"href":"http:\/\/french-future.eckidev.com\/fr\/wp-json\/wp\/v2\/pages\/21384"}],"collection":[{"href":"http:\/\/french-future.eckidev.com\/fr\/wp-json\/wp\/v2\/pages"}],"about":[{"href":"http:\/\/french-future.eckidev.com\/fr\/wp-json\/wp\/v2\/types\/page"}],"author":[{"embeddable":true,"href":"http:\/\/french-future.eckidev.com\/fr\/wp-json\/wp\/v2\/users\/30"}],"replies":[{"embeddable":true,"href":"http:\/\/french-future.eckidev.com\/fr\/wp-json\/wp\/v2\/comments?post=21384"}],"version-history":[{"count":2,"href":"http:\/\/french-future.eckidev.com\/fr\/wp-json\/wp\/v2\/pages\/21384\/revisions"}],"predecessor-version":[{"id":21562,"href":"http:\/\/french-future.eckidev.com\/fr\/wp-json\/wp\/v2\/pages\/21384\/revisions\/21562"}],"wp:attachment":[{"href":"http:\/\/french-future.eckidev.com\/fr\/wp-json\/wp\/v2\/media?parent=21384"}],"curies":[{"name":"wp","href":"https:\/\/api.w.org\/{rel}","templated":true}]}}