{"id":21390,"date":"2018-04-16T14:45:01","date_gmt":"2018-04-16T18:45:01","guid":{"rendered":"http:\/\/french-future.eckidev.com\/?page_id=21390\/"},"modified":"2018-05-08T10:50:13","modified_gmt":"2018-05-08T14:50:13","slug":"forum-local-de-charlottetown-2018","status":"publish","type":"page","link":"http:\/\/french-future.eckidev.com\/fr\/programmes\/forums-locaux\/forum-local-de-charlottetown-2018\/","title":{"rendered":"Forum local de Charlottetown 2018"},"content":{"rendered":"<p><img loading=\"lazy\" class=\"wp-image-21277 size-full aligncenter\" src=\"http:\/\/french-future.eckidev.com\/wp-content\/uploads\/2018\/04\/18768527_1932798056965847_5102553590563412879_o-1100x500.jpg\" alt=\"\" width=\"1100\" height=\"500\" srcset=\"http:\/\/french-future.eckidev.com\/wp-content\/uploads\/2018\/04\/18768527_1932798056965847_5102553590563412879_o-1100x500.jpg 1100w, http:\/\/french-future.eckidev.com\/wp-content\/uploads\/2018\/04\/18768527_1932798056965847_5102553590563412879_o-1100x500-600x273.jpg 600w, http:\/\/french-future.eckidev.com\/wp-content\/uploads\/2018\/04\/18768527_1932798056965847_5102553590563412879_o-1100x500-300x136.jpg 300w, http:\/\/french-future.eckidev.com\/wp-content\/uploads\/2018\/04\/18768527_1932798056965847_5102553590563412879_o-1100x500-768x349.jpg 768w, http:\/\/french-future.eckidev.com\/wp-content\/uploads\/2018\/04\/18768527_1932798056965847_5102553590563412879_o-1100x500-1024x465.jpg 1024w\" sizes=\"(max-width: 1100px) 100vw, 1100px\" \/><\/p>\n<h4>Date<\/h4>\n<p>Mercredi 02\/05\/18 \u2013 de 8 h 15 \u00e0 14 h 30<\/p>\n<h4>Lieu<\/h4>\n<p>Campus de Charlottetown du Coll\u00e8ge de l\u2019\u00cele et du Holland College<\/p>\n<h4>Description<\/h4>\n<p>Le mercredi 2 mai 2018, au Campus de Charlottetown du Coll\u00e8ge de l\u2019\u00cele et du Holland College, le Forum local du Fran\u00e7ais pour l\u2019avenir de Charlottetown accueillera pr\u00e8s de 300 \u00e9l\u00e8ves anglophones et francophones des quatre coins de l\u2019\u00cele.<\/p>\n<p>Il s\u2019agit d\u2019une journ\u00e9e compl\u00e8tement en fran\u00e7ais, o\u00f9 les \u00e9l\u00e8ves pourront participer \u00e0 des ateliers informatifs et interactifs. Les \u00e9l\u00e8ves auront la chance de rencontrer des professionnels de divers domaines qui partageront leurs exp\u00e9riences et expertises. Plusieurs institutions postsecondaires seront pr\u00e9sentes pour discuter des options acad\u00e9miques disponibles.<\/p>\n<p>Par le biais de sessions amusantes et \u00e9ducatives, les \u00e9l\u00e8ves pourront cr\u00e9er des liens avec des jeunes des deux communaut\u00e9s linguistiques, et d\u00e9couvrir un aper\u00e7u de la culture francophone et acadienne de l\u2019\u00eele.<\/p>\n<p>Cette journ\u00e9e unique en son genre s\u2019av\u00e8re un \u00e9v\u00e9nement \u00e0 ne pas manquer. Alors, inscrivez-vous d\u00e8s maintenant et soyez au rendez-vous!<\/p>\n<h4>Au programme :<\/h4>\n<p>8 h 15 \u2013 Inscription, foire de kiosques et activit\u00e9s brise-glace<\/p>\n<p>9 h 15 \u2013 C\u00e9r\u00e9monie d\u2019ouverture<\/p>\n<p>9 h 35 \u2013 Conf\u00e9rence de Rachelle Gauthier<\/p>\n<p>10 h 20 \u2013 Atelier #1<\/p>\n<p>11 h 20 \u2013 Atelier #2<\/p>\n<p>12 h 10 \u2013 D\u00eener<\/p>\n<p>13 h 00 \u2013 Activit\u00e9 culturelle<\/p>\n<p>14 h 00 \u2013 Pl\u00e9ni\u00e8re et c\u00e9r\u00e9monie de cl\u00f4ture<\/p>\n<p><img loading=\"lazy\" src=\"http:\/\/french-future.eckidev.com\/wp-content\/uploads\/2018\/04\/2017-05-03-09.19-low-res-1-270x180.jpg\" alt=\"\" width=\"270\" height=\"180\" class=\"alignnone size-full wp-image-21393\" \/>\u00a0<img loading=\"lazy\" src=\"http:\/\/french-future.eckidev.com\/wp-content\/uploads\/2018\/04\/IMG_2573-CONFLICT-1-low-res-270x180.jpg\" alt=\"\" width=\"270\" height=\"180\" class=\"alignnone size-full wp-image-21397\" \/><img loading=\"lazy\" src=\"http:\/\/french-future.eckidev.com\/wp-content\/uploads\/2018\/04\/IMG_2565-CONFLICT-1-low-res-270x180.jpg\" alt=\"\" width=\"270\" height=\"180\" class=\"alignnone size-full wp-image-21395\" \/>\u00a0<\/p>\n<h4>Merci aux sponsors et donateurs locaux<\/h4>\n<p>\u00a0\u00a0\u00a0<img loading=\"lazy\" src=\"http:\/\/french-future.eckidev.com\/wp-content\/uploads\/2018\/04\/Montage-logos-FL-Charlottetown-2018.jpg\" alt=\"\" width=\"756\" height=\"378\" class=\"alignnone wp-image-21399 size-full\" srcset=\"http:\/\/french-future.eckidev.com\/wp-content\/uploads\/2018\/04\/Montage-logos-FL-Charlottetown-2018.jpg 756w, http:\/\/french-future.eckidev.com\/wp-content\/uploads\/2018\/04\/Montage-logos-FL-Charlottetown-2018-600x300.jpg 600w, http:\/\/french-future.eckidev.com\/wp-content\/uploads\/2018\/04\/Montage-logos-FL-Charlottetown-2018-300x150.jpg 300w\" sizes=\"(max-width: 756px) 100vw, 756px\" \/><\/p>\n<h4>Coordonnateur du Forum Local de Victoria<\/h4>\n<p>Maxime Bourgeois \u2013 <a href=\"mailto:mbourgeois@francais-avenir.org\">mbourgeois@francais-avenir.org<\/a><\/p>\n","protected":false},"excerpt":{"rendered":"<p>Date Mercredi 02\/05\/18 \u2013 de 8 h 15 \u00e0 14 h 30 Lieu Campus de Charlottetown du Coll\u00e8ge de l\u2019\u00cele et du Holland College Description Le mercredi 2 mai 2018, au Campus de Charlottetown du<a class=\"moretag\" href=\"http:\/\/french-future.eckidev.com\/fr\/programmes\/forums-locaux\/forum-local-de-charlottetown-2018\/\"> Read more&hellip;<\/a><\/p>\n","protected":false},"author":30,"featured_media":0,"parent":2990,"menu_order":0,"comment_status":"closed","ping_status":"closed","template":"","meta":[],"_links":{"self":[{"href":"http:\/\/french-future.eckidev.com\/fr\/wp-json\/wp\/v2\/pages\/21390"}],"collection":[{"href":"http:\/\/french-future.eckidev.com\/fr\/wp-json\/wp\/v2\/pages"}],"about":[{"href":"http:\/\/french-future.eckidev.com\/fr\/wp-json\/wp\/v2\/types\/page"}],"author":[{"embeddable":true,"href":"http:\/\/french-future.eckidev.com\/fr\/wp-json\/wp\/v2\/users\/30"}],"replies":[{"embeddable":true,"href":"http:\/\/french-future.eckidev.com\/fr\/wp-json\/wp\/v2\/comments?post=21390"}],"version-history":[{"count":4,"href":"http:\/\/french-future.eckidev.com\/fr\/wp-json\/wp\/v2\/pages\/21390\/revisions"}],"predecessor-version":[{"id":21563,"href":"http:\/\/french-future.eckidev.com\/fr\/wp-json\/wp\/v2\/pages\/21390\/revisions\/21563"}],"up":[{"embeddable":true,"href":"http:\/\/french-future.eckidev.com\/fr\/wp-json\/wp\/v2\/pages\/2990"}],"wp:attachment":[{"href":"http:\/\/french-future.eckidev.com\/fr\/wp-json\/wp\/v2\/media?parent=21390"}],"curies":[{"name":"wp","href":"https:\/\/api.w.org\/{rel}","templated":true}]}}