{"id":2794,"date":"2015-02-06T04:56:54","date_gmt":"2015-02-06T09:56:54","guid":{"rendered":"http:\/\/198.27.70.109\/~ff1284\/?page_id=2794"},"modified":"2018-04-20T14:57:57","modified_gmt":"2018-04-20T18:57:57","slug":"danielle-arcand","status":"publish","type":"page","link":"http:\/\/french-future.eckidev.com\/fr\/a-propos\/conseil-dadministration\/danielle-arcand\/","title":{"rendered":"Danielle Arcand"},"content":{"rendered":"<div class=\"person-description\">\n<p><img loading=\"lazy\" src=\"http:\/\/french-future.eckidev.com\/wp-content\/uploads\/2018\/03\/Danielle-Arcand-175x200-1-150x150.jpg\" alt=\"\" width=\"150\" height=\"150\" class=\"alignnone size-thumbnail wp-image-20717\" srcset=\"http:\/\/french-future.eckidev.com\/wp-content\/uploads\/2018\/03\/Danielle-Arcand-175x200-1-150x150.jpg 150w, http:\/\/french-future.eckidev.com\/wp-content\/uploads\/2018\/03\/Danielle-Arcand-175x200-1-100x100.jpg 100w\" sizes=\"(max-width: 150px) 100vw, 150px\" \/><\/p>\n<h3>Danielle Arcand<\/h3>\n<\/div>\n<p>Enseignante de profession (maternelle, sp\u00e9cialiste de musique, titulaire \u00e0 l\u2019\u00e9cole \u00e9l\u00e9mentaire Anne-H\u00e9bert de Vancouver, 1985-2000), Mme Arcand a aussi \u00e9t\u00e9 Assistante p\u00e9dagogique au module de fran\u00e7ais de la Facult\u00e9 d\u2019\u00e9ducation de SFU, s\u2019occupant de la formation et de l\u2019encadrement en stage des \u00e9tudiants-ma\u00eetres. Titulaire d\u2019une ma\u00eetrise \u00e8s Arts (M.A. en \u00e9ducation, SFU, 2000), Mme Arcand s\u2019est int\u00e9ress\u00e9e aux repr\u00e9sentations de la culture, de l\u2019identit\u00e9 culturelle et de la fonction culturelle de l\u2019\u00e9cole francophone en milieu minoritaire. Elle a \u00e9t\u00e9 directrice de trois \u00e9coles francophones de la r\u00e9gion de Howe Sound : l\u2019\u00e9cole Andr\u00e9-Piolat de Vancouver Nord, l\u2019\u00e9cole Les Aiglons, de Squamish et l\u2019\u00e9cole La Passerelle, de Whistler (2001-2003). \u00c0 l\u2019\u00e9t\u00e9 2003, Mme Arcand est revenue \u00e0 l\u2019Universit\u00e9 Simon Fraser, dans le r\u00f4le de coordonnatrice de projets sp\u00e9ciaux \u00e0 la facult\u00e9 d\u2019\u00e9ducation, avant d\u2019y occuper le poste de directrice adjointe du Bureau des affaires francophones et francophiles, et ce jusqu\u2019en juin 2015. Maintenant consultante principale d\u2019une petite entreprise de traduction et r\u00e9vision dans le domaine de l\u2019\u00e9ducation, Mme Arcand habite sur une \u00eele de la mer Salish en Colombie-Britannique.<\/p>\n<p>N\u00e9e et \u00e9duqu\u00e9e \u00e0 Montr\u00e9al (UQAM), Danielle Arcand est mari\u00e9e et a trois enfants maintenant adultes, tous tr\u00e8s attach\u00e9s \u00e0 leurs racines et leur identit\u00e9 francophones. Depuis son arriv\u00e9e \u00e0 Vancouver en 1984, Mme Arcand a \u00e9t\u00e9 impliqu\u00e9e dans diverses fonctions au sein de la communaut\u00e9 francophone : membre du Conseil d\u2019administration du Conseil culturel et artistique de la C.-B. et, depuis 1999, pr\u00e9sidente du Th\u00e9\u00e2tre La Seizi\u00e8me, la seule compagnie de th\u00e9\u00e2tre professionnel francophone en Colombie-Britannique. Elle est \u00e9galement vice-pr\u00e9sidente de la Soci\u00e9t\u00e9 Maison de la francophonie de Vancouver.<\/p>\n<div class=\"end-page\"><\/div>\n","protected":false},"excerpt":{"rendered":"<p>Danielle Arcand Enseignante de profession (maternelle, sp\u00e9cialiste de musique, titulaire \u00e0 l\u2019\u00e9cole \u00e9l\u00e9mentaire Anne-H\u00e9bert de Vancouver, 1985-2000), Mme Arcand a aussi \u00e9t\u00e9 Assistante p\u00e9dagogique au module de fran\u00e7ais de la Facult\u00e9 d\u2019\u00e9ducation de SFU, s\u2019occupant<a class=\"moretag\" href=\"http:\/\/french-future.eckidev.com\/fr\/a-propos\/conseil-dadministration\/danielle-arcand\/\"> Read more&hellip;<\/a><\/p>\n","protected":false},"author":8,"featured_media":0,"parent":16938,"menu_order":0,"comment_status":"closed","ping_status":"closed","template":"","meta":[],"_links":{"self":[{"href":"http:\/\/french-future.eckidev.com\/fr\/wp-json\/wp\/v2\/pages\/2794"}],"collection":[{"href":"http:\/\/french-future.eckidev.com\/fr\/wp-json\/wp\/v2\/pages"}],"about":[{"href":"http:\/\/french-future.eckidev.com\/fr\/wp-json\/wp\/v2\/types\/page"}],"author":[{"embeddable":true,"href":"http:\/\/french-future.eckidev.com\/fr\/wp-json\/wp\/v2\/users\/8"}],"replies":[{"embeddable":true,"href":"http:\/\/french-future.eckidev.com\/fr\/wp-json\/wp\/v2\/comments?post=2794"}],"version-history":[{"count":11,"href":"http:\/\/french-future.eckidev.com\/fr\/wp-json\/wp\/v2\/pages\/2794\/revisions"}],"predecessor-version":[{"id":21480,"href":"http:\/\/french-future.eckidev.com\/fr\/wp-json\/wp\/v2\/pages\/2794\/revisions\/21480"}],"up":[{"embeddable":true,"href":"http:\/\/french-future.eckidev.com\/fr\/wp-json\/wp\/v2\/pages\/16938"}],"wp:attachment":[{"href":"http:\/\/french-future.eckidev.com\/fr\/wp-json\/wp\/v2\/media?parent=2794"}],"curies":[{"name":"wp","href":"https:\/\/api.w.org\/{rel}","templated":true}]}}