{"id":2803,"date":"2015-02-06T05:01:00","date_gmt":"2015-02-06T10:01:00","guid":{"rendered":"http:\/\/198.27.70.109\/~ff1284\/?page_id=2803"},"modified":"2018-04-09T11:40:24","modified_gmt":"2018-04-09T15:40:24","slug":"micheline-dube","status":"publish","type":"page","link":"http:\/\/french-future.eckidev.com\/fr\/a-propos\/conseil-dadministration\/micheline-dube\/","title":{"rendered":"Micheline Dub\u00e9"},"content":{"rendered":"<div class=\"person-description\">\n<p><img loading=\"lazy\" src=\"http:\/\/french-future.eckidev.com\/wp-content\/uploads\/2018\/03\/Micheline-dube\u0301-portrait-150x150.png\" alt=\"\" width=\"150\" height=\"150\" class=\"alignnone size-thumbnail wp-image-20703\" srcset=\"http:\/\/french-future.eckidev.com\/wp-content\/uploads\/2018\/03\/Micheline-dube\u0301-portrait-150x150.png 150w, http:\/\/french-future.eckidev.com\/wp-content\/uploads\/2018\/03\/Micheline-dube\u0301-portrait-300x300.png 300w, http:\/\/french-future.eckidev.com\/wp-content\/uploads\/2018\/03\/Micheline-dube\u0301-portrait-100x100.png 100w, http:\/\/french-future.eckidev.com\/wp-content\/uploads\/2018\/03\/Micheline-dube\u0301-portrait-298x300.png 298w, http:\/\/french-future.eckidev.com\/wp-content\/uploads\/2018\/03\/Micheline-dube\u0301-portrait-375x377.png 375w, http:\/\/french-future.eckidev.com\/wp-content\/uploads\/2018\/03\/Micheline-dube\u0301-portrait.png 463w\" sizes=\"(max-width: 150px) 100vw, 150px\" \/><\/p>\n<h3>Micheline Dub\u00e9<\/h3>\n<\/div>\n<p>PR\u00c9SIDENTE ET PREMI\u00c8RE DIRIGEANTE DE LA SOCI\u00c9T\u00c9 DES PONTS F\u00c9D\u00c9RAUX LIMIT\u00c9E (SPFL)<\/p>\n<p>Le 1<sup>er<\/sup> f\u00e9vrier 2015, Madame Dub\u00e9 a \u00e9t\u00e9 nomm\u00e9e par le gouverneur g\u00e9n\u00e9ral en conseil au poste de premi\u00e8re dirigeante de la soci\u00e9t\u00e9 d\u2019\u00c9tat r\u00e9cemment cr\u00e9\u00e9e, la Soci\u00e9t\u00e9 des ponts f\u00e9d\u00e9raux Limit\u00e9e, et ce, pour un mandat de quatre ans. Auparavant, elle a exerc\u00e9 les fonctions de premi\u00e8re dirigeante de l\u2019ancienne Soci\u00e9t\u00e9 des ponts f\u00e9d\u00e9raux Limit\u00e9e (SPFL) \u00e0 titre amovible du 31 mars 2008 jusqu\u2019\u00e0 la fusion pour un mandat de cinq ans qui fut subs\u00e9quemment prolong\u00e9 pendant deux ans. Elle est une cadre sup\u00e9rieure poss\u00e9dant une vaste exp\u00e9rience de plus de 39 ans en gestion du changement, ainsi qu\u2019en gestion de programmes et d\u2019op\u00e9rations dans le milieu des soci\u00e9t\u00e9s d\u2019\u00c9tat.<\/p>\n<p>La SPFL est une soci\u00e9t\u00e9 d\u2019\u00c9tat f\u00e9d\u00e9rale issue de la fusion de trois soci\u00e9t\u00e9s d\u2019\u00c9tat f\u00e9d\u00e9rales. Elle est responsable des int\u00e9r\u00eats f\u00e9d\u00e9raux canadiens \u00e0 quatre ponts internationaux traversant la province de l\u2019Ontario et les \u00e9tats de New York et du Michigan, \u00e0 savoir Sault Ste. Marie, Point Edward, Lansdowne et Cornwall. Ces structures jouent un r\u00f4le essentiel en reliant les transports et le r\u00e9seau \u00e9conomique canadien au monde entier. Ce portefeuille de projets importants est g\u00e9r\u00e9 directement par la SPFL ou par l\u2019entremise de sa filiale en propri\u00e9t\u00e9 exclusive, la Corporation du pont international de la voie maritime, Lt\u00e9e. La SPFL est \u00e9galement responsable de la gestion d\u2019ententes internationales avec ses partenaires am\u00e9ricains; la Thousand Islands Bridge Authority, la St. Lawrence Seaway Development Corporation et le Michigan Department of Transportation. La SPFL est une soci\u00e9t\u00e9 d\u2019\u00c9tat m\u00e8re qui rel\u00e8ve du Parlement du Canada par l\u2019interm\u00e9diaire du ministre des Transports.<\/p>\n<p> Dans le cadre de ses fonctions, Mme Dub\u00e9 est membre du Conseil d\u2019administration de la SPFL et agit \u00e0 titre de pr\u00e9sidente du Conseil d\u2019administration de la Corporation du pont international de la voie maritime ainsi que de celui de la Sault Ste. Marie Bridge Authority. Elle est \u00e9galement membre du Conseil d\u2019administration de la Thousand Islands Bridge Authority. Elle repr\u00e9sente les int\u00e9r\u00eats des propri\u00e9taires aux rencontres canado-am\u00e9ricaines de gestion des ponts.<\/p>\n<p>Auparavant, Mme Dub\u00e9 avait \u00e9t\u00e9 nomm\u00e9e par le gouverneur en conseil au poste de premi\u00e8re dirigeante de la Commission de la capitale nationale (CCN) le 4 avril 2007, pour y exercer ses fonctions \u00e0 titre amovible. Employ\u00e9e \u00e0 la CCN depuis 1982, elle y a d\u00e9tenu des postes comportant de plus en plus de responsabilit\u00e9s. Avant d\u2019\u00eatre nomm\u00e9e premi\u00e8re dirigeante, elle a occup\u00e9 le poste de vice-pr\u00e9sidente \u00e0 la direction et chef des op\u00e9rations, une fonction qu\u2019elle exer\u00e7ait depuis le 14 f\u00e9vrier 2005.<\/p>\n<p>Avant de se joindre \u00e0 la CCN, Mme Dub\u00e9 \u00e9tait v\u00e9rificatrice senior au Bureau du v\u00e9rificateur g\u00e9n\u00e9ral du Canada. Dipl\u00f4m\u00e9e en commerce de l\u2019Universit\u00e9 d\u2019Ottawa, elle a obtenu en 1982 le titre de comptable en management accr\u00e9dit\u00e9e (CMA). Ce titre ayant depuis chang\u00e9, Mme Dub\u00e9 est d\u00e9sormais appel\u00e9e comptable professionnelle agr\u00e9\u00e9 (CPA). En octobre 2004, elle a re\u00e7u le titre de Fellow de la Soci\u00e9t\u00e9 des comptables en management (FCMA), une haute distinction nationale accord\u00e9e aux CMA qui, par leurs r\u00e9alisations importantes, apportent une contribution exceptionnelle \u00e0 leur profession et servent de mod\u00e8le pour les autres. Le titre de FCMA est un t\u00e9moignage d\u2019excellence en comptabilit\u00e9 de gestion, d\u2019engagement envers CMA Canada et de civisme. Ce titre est d\u00e9sormais appel\u00e9 Fellow comptable professionnel agr\u00e9\u00e9 (FCPA).<\/p>\n<p><\/p>\n<p>Mme Dub\u00e9 est membre du comit\u00e9 directeur du Groupe des chefs des organismes f\u00e9d\u00e9raux. Elle a aussi particip\u00e9 \u00e0 la mise sur pied de campagnes de financement et d\u2019autres \u00e9v\u00e9nements en tant que membre du comit\u00e9 de divers groupes de b\u00e9n\u00e9voles.<\/p>\n<p> Madame Dub\u00e9 habite \u00e0 Ottawa, en Ontario, avec son mari Frank Chiarello et leurs enfants, Francine, qui est professeure au Conseil des \u00e9coles catholiques du Centre-Est et Bruno, qui poursuit des \u00e9tudes en administration et en commerce \u00e0 l\u2019Universit\u00e9 d\u2019Ottawa. Elle nourrit une passion pour la famille, la musique et les voyages.<\/p>\n<div class=\"end-page\"><\/div>\n","protected":false},"excerpt":{"rendered":"<p>Micheline Dub\u00e9 PR\u00c9SIDENTE ET PREMI\u00c8RE DIRIGEANTE DE LA SOCI\u00c9T\u00c9 DES PONTS F\u00c9D\u00c9RAUX LIMIT\u00c9E (SPFL) Le 1er f\u00e9vrier 2015, Madame Dub\u00e9 a \u00e9t\u00e9 nomm\u00e9e par le gouverneur g\u00e9n\u00e9ral en conseil au poste de premi\u00e8re dirigeante de<a class=\"moretag\" href=\"http:\/\/french-future.eckidev.com\/fr\/a-propos\/conseil-dadministration\/micheline-dube\/\"> Read more&hellip;<\/a><\/p>\n","protected":false},"author":8,"featured_media":0,"parent":16938,"menu_order":0,"comment_status":"closed","ping_status":"closed","template":"","meta":[],"_links":{"self":[{"href":"http:\/\/french-future.eckidev.com\/fr\/wp-json\/wp\/v2\/pages\/2803"}],"collection":[{"href":"http:\/\/french-future.eckidev.com\/fr\/wp-json\/wp\/v2\/pages"}],"about":[{"href":"http:\/\/french-future.eckidev.com\/fr\/wp-json\/wp\/v2\/types\/page"}],"author":[{"embeddable":true,"href":"http:\/\/french-future.eckidev.com\/fr\/wp-json\/wp\/v2\/users\/8"}],"replies":[{"embeddable":true,"href":"http:\/\/french-future.eckidev.com\/fr\/wp-json\/wp\/v2\/comments?post=2803"}],"version-history":[{"count":14,"href":"http:\/\/french-future.eckidev.com\/fr\/wp-json\/wp\/v2\/pages\/2803\/revisions"}],"predecessor-version":[{"id":21095,"href":"http:\/\/french-future.eckidev.com\/fr\/wp-json\/wp\/v2\/pages\/2803\/revisions\/21095"}],"up":[{"embeddable":true,"href":"http:\/\/french-future.eckidev.com\/fr\/wp-json\/wp\/v2\/pages\/16938"}],"wp:attachment":[{"href":"http:\/\/french-future.eckidev.com\/fr\/wp-json\/wp\/v2\/media?parent=2803"}],"curies":[{"name":"wp","href":"https:\/\/api.w.org\/{rel}","templated":true}]}}