{"id":2932,"date":"2014-11-03T17:13:09","date_gmt":"2014-11-03T22:13:09","guid":{"rendered":"http:\/\/198.27.70.109\/~ff1284\/?page_id=2932"},"modified":"2018-05-09T14:00:57","modified_gmt":"2018-05-09T18:00:57","slug":"nayf","status":"publish","type":"page","link":"http:\/\/french-future.eckidev.com\/fr\/programmes\/nayf\/","title":{"rendered":"FORUM NATIONAL DES JEUNES AMBASSADEURS"},"content":{"rendered":"<h3>Qu\u2019est-ce que le FNJA ?<\/h3>\n<p>Le Forum national des jeunes ambassadeurs (FNJA) c\u2019est :<\/p>\n<ul>\n<li>30 jeunes bilingues de 10e et 11e ann\u00e9e de partout au Canada, inscrits dans un programme de fran\u00e7ais (fran\u00e7ais de base, intensif, immersion, \u00e9coles francophones)<\/li>\n<li>5 jours de partage, de formation et d\u2019activit\u00e9s culturelles ax\u00e9s sur l\u2019importance du bilinguisme<\/li>\n<li>1 ville canadienne diff\u00e9rente chaque ann\u00e9e<\/li>\n<\/ul>\n<p>Le but ? Devenir un ambassadeur du Fran\u00e7ais pour l\u2019avenir !<\/p>\n<p>Un ambassadeur a pour mission de promouvoir la langue fran\u00e7aise et le bilinguisme dans son \u00e9cole tout au long de l\u2019ann\u00e9e scolaire qui suivra le FNJA, en organisant des activit\u00e9s en lien avec le fran\u00e7ais.<\/p>\n<h3>Le FNJA \u00e9dition 2018 \u00e0 Montr\u00e9al<\/h3>\n<p>Le FNJA 2018 aura lieu<strong> du 9 au 14 ao\u00fbt 2018<\/strong> sur le Campus de l\u2019Universit\u00e9 de McGill, <strong>Montr\u00e9al<\/strong> , Qu\u00e9bec. Le programme est entie\u0300rement pris en charge par le Fran\u00e7ais pour l\u2019avenir : repas, frais de d\u00e9placement, h\u00e9bergement, <strong>tout est gratuit !<\/strong><\/p>\n<hr class=\"national-youth-forum\" \/>\n<h3>Comment participer ?<\/h3>\n<p>Envoie ta candidature entre le 2 avril et le 4 mai 2018 en effectuant les \u00e9tapes suivantes :<\/p>\n<p><strong>\u00c9tape 1: R\u00e9alise une vid\u00e9o<\/strong><\/p>\n<p>Dans cette vid\u00e9o, tu dois :\u00a0<\/p>\n<ul>\n<li>Te pr\u00e9senter (Nom, pr\u00e9nom, \u00e9cole, ville, province, fran\u00e7ais langue maternelle ou fran\u00e7ais langue seconde ?)<\/li>\n<li>R\u00e9pondre \u00e0 la question : Si tu \u00e9tais choisi comme ambassadeur, quelle activit\u00e9 pour promouvoir le fran\u00e7ais voudrais-tu mettre en place dans ton \u00e9cole ou ta communaut\u00e9 ?<\/li>\n<\/ul>\n<p>La vid\u00e9o doit \u00eatre h\u00e9berg\u00e9e sur une plateforme vid\u00e9o telle que Youtube, Dailymotion ou Vimeo et avoir une dur\u00e9e de 1 minute maximum.<\/p>\n<p><strong>\u00c9tape 2 : remplis le formulaire du participant<\/strong><\/p>\n<p>Dans ce formulaire, tu devras copier-coller le lien vers ta vid\u00e9o (\u00e9tape 1).<\/p>\n<p><a href=\"http:\/\/french-future.eckidev.com\/fr\/programmes\/nayf\/formulaire-dinscription-des-jeunes-ambassadeurs-2018\/\" class=\"btn btn-md btn-primary custom-subscribe-button button-fnja\">Je m&rsquo;inscris<\/a><\/p>\n<p><strong>\u00c9tape 3 : choisis une personne-ressource et fais lui remplir le formulaire d\u2019appui \u00e0 ta candidature <\/strong><\/p>\n<p><a href=\"http:\/\/french-future.eckidev.com\/fr\/programmes\/nayf\/application-support-form\/\" class=\"btn btn-md btn-primary custom-subscribe-button button-fnja\">Appui \u00e0 la candidature<\/a><\/p>\n<p>Chaque participant doit avoir sa candidature soutenue par une personne de sa communaut\u00e9, qui n\u2019est ni un parent, ni un tuteur. Cette personne sera une personne-ressource pour le futur ambassadeur, et s\u2019engage \u00e0 :<\/p>\n<ul>\n<li>apporter son soutien au futur ambassadeur dans l\u2019organisation de ses activit\u00e9s de promotion du fran\u00e7ais pour l\u2019ann\u00e9e scolaire 2018-2019.<\/li>\n<li>agir en tant que personne-contact pour Le fran\u00e7ais pour l\u2019avenir (\u00eatre contact\u00e9 2 \u00e0 3 fois dans l\u2019ann\u00e9e, pour conna\u00eetre le niveau d\u2019engagement de l\u2019ambassadeur).<\/li>\n<\/ul>\n<p><strong>Ta candidature est maintenant compl\u00e8te !<\/strong><\/p>\n<hr class=\"national-youth-forum\" \/>\n<h3>Et ensuite ?<\/h3>\n<p>Les candidatures seront \u00e9tudi\u00e9es par un comit\u00e9 de s\u00e9lection du Fran\u00e7ais pour l\u2019avenir. Si tu es chosi(e), tu seras avis\u00e9(e) durant le mois de mai 2018 par courriel et\/ou t\u00e9l\u00e9phone. La liste officielle des ambassadeurs 2018 sera d\u00e9voil\u00e9e sur notre site Web \u00e0 compter du mois de juin 2018.<\/p>\n<hr class=\"national-youth-forum\" \/>\n<h3>FNJA 2017<\/h3>\n\n\t\t<style type=\"text\/css\">\n\t\t\t#gallery-1 {\n\t\t\t\tmargin: auto;\n\t\t\t}\n\t\t\t#gallery-1 .gallery-item {\n\t\t\t\tfloat: left;\n\t\t\t\tmargin-top: 10px;\n\t\t\t\ttext-align: center;\n\t\t\t\twidth: 25%;\n\t\t\t}\n\t\t\t#gallery-1 img {\n\t\t\t\tborder: 2px solid #cfcfcf;\n\t\t\t}\n\t\t\t#gallery-1 .gallery-caption {\n\t\t\t\tmargin-left: 0;\n\t\t\t}\n\t\t\t\/* see gallery_shortcode() in wp-includes\/media.php *\/\n\t\t<\/style>\n\t\t<div id='gallery-1' class='gallery galleryid-2932 gallery-columns-4 gallery-size-medium'><dl class='gallery-item'>\n\t\t\t<dt class='gallery-icon landscape'>\n\t\t\t\t<a href='http:\/\/french-future.eckidev.com\/wp-content\/uploads\/2018\/03\/IMG_6795.jpg'><img width=\"300\" height=\"200\" src=\"http:\/\/french-future.eckidev.com\/wp-content\/uploads\/2018\/03\/IMG_6795-300x200.jpg\" class=\"attachment-medium size-medium\" alt=\"\" loading=\"lazy\" srcset=\"http:\/\/french-future.eckidev.com\/wp-content\/uploads\/2018\/03\/IMG_6795-300x200.jpg 300w, http:\/\/french-future.eckidev.com\/wp-content\/uploads\/2018\/03\/IMG_6795-600x400.jpg 600w, http:\/\/french-future.eckidev.com\/wp-content\/uploads\/2018\/03\/IMG_6795-768x512.jpg 768w, http:\/\/french-future.eckidev.com\/wp-content\/uploads\/2018\/03\/IMG_6795-1024x683.jpg 1024w, http:\/\/french-future.eckidev.com\/wp-content\/uploads\/2018\/03\/IMG_6795-360x240.jpg 360w\" sizes=\"(max-width: 300px) 100vw, 300px\" \/><\/a>\n\t\t\t<\/dt><\/dl><dl class='gallery-item'>\n\t\t\t<dt class='gallery-icon landscape'>\n\t\t\t\t<a href='http:\/\/french-future.eckidev.com\/wp-content\/uploads\/2018\/03\/IMG_3960.jpg'><img width=\"300\" height=\"200\" src=\"http:\/\/french-future.eckidev.com\/wp-content\/uploads\/2018\/03\/IMG_3960-300x200.jpg\" class=\"attachment-medium size-medium\" alt=\"\" loading=\"lazy\" srcset=\"http:\/\/french-future.eckidev.com\/wp-content\/uploads\/2018\/03\/IMG_3960-300x200.jpg 300w, http:\/\/french-future.eckidev.com\/wp-content\/uploads\/2018\/03\/IMG_3960-600x400.jpg 600w, http:\/\/french-future.eckidev.com\/wp-content\/uploads\/2018\/03\/IMG_3960-768x512.jpg 768w, http:\/\/french-future.eckidev.com\/wp-content\/uploads\/2018\/03\/IMG_3960-1024x683.jpg 1024w, http:\/\/french-future.eckidev.com\/wp-content\/uploads\/2018\/03\/IMG_3960-360x240.jpg 360w\" sizes=\"(max-width: 300px) 100vw, 300px\" \/><\/a>\n\t\t\t<\/dt><\/dl><dl class='gallery-item'>\n\t\t\t<dt class='gallery-icon landscape'>\n\t\t\t\t<a href='http:\/\/french-future.eckidev.com\/wp-content\/uploads\/2018\/03\/IMG_3269.jpg'><img width=\"300\" height=\"200\" src=\"http:\/\/french-future.eckidev.com\/wp-content\/uploads\/2018\/03\/IMG_3269-300x200.jpg\" class=\"attachment-medium size-medium\" alt=\"\" loading=\"lazy\" srcset=\"http:\/\/french-future.eckidev.com\/wp-content\/uploads\/2018\/03\/IMG_3269-300x200.jpg 300w, http:\/\/french-future.eckidev.com\/wp-content\/uploads\/2018\/03\/IMG_3269-600x400.jpg 600w, http:\/\/french-future.eckidev.com\/wp-content\/uploads\/2018\/03\/IMG_3269-768x512.jpg 768w, http:\/\/french-future.eckidev.com\/wp-content\/uploads\/2018\/03\/IMG_3269-1024x683.jpg 1024w, http:\/\/french-future.eckidev.com\/wp-content\/uploads\/2018\/03\/IMG_3269-360x240.jpg 360w\" sizes=\"(max-width: 300px) 100vw, 300px\" \/><\/a>\n\t\t\t<\/dt><\/dl><dl class='gallery-item'>\n\t\t\t<dt class='gallery-icon landscape'>\n\t\t\t\t<a href='http:\/\/french-future.eckidev.com\/wp-content\/uploads\/2018\/03\/IMG_9361.jpg'><img width=\"300\" height=\"200\" src=\"http:\/\/french-future.eckidev.com\/wp-content\/uploads\/2018\/03\/IMG_9361-300x200.jpg\" class=\"attachment-medium size-medium\" alt=\"\" loading=\"lazy\" srcset=\"http:\/\/french-future.eckidev.com\/wp-content\/uploads\/2018\/03\/IMG_9361-300x200.jpg 300w, http:\/\/french-future.eckidev.com\/wp-content\/uploads\/2018\/03\/IMG_9361-600x400.jpg 600w, http:\/\/french-future.eckidev.com\/wp-content\/uploads\/2018\/03\/IMG_9361-768x512.jpg 768w, http:\/\/french-future.eckidev.com\/wp-content\/uploads\/2018\/03\/IMG_9361-1024x683.jpg 1024w, http:\/\/french-future.eckidev.com\/wp-content\/uploads\/2018\/03\/IMG_9361-360x240.jpg 360w\" sizes=\"(max-width: 300px) 100vw, 300px\" \/><\/a>\n\t\t\t<\/dt><\/dl><br style=\"clear: both\" \/>\n\t\t<\/div>\n\n<p>&nbsp;<\/p>\n<hr class=\"national-youth-forum\" \/>\n<h3>Partenaires<\/h3>\n<div class=\"row partenaires\">\n<div class=\"col-md-12\" style=\"display: block;\"><a href=\"https:\/\/www.canada.ca\/home.html\" target=\"_blank\" rel=\"noopener\"><img src=\"http:\/\/french-future.eckidev.com\/wp-content\/uploads\/2018\/03\/canada-1.png\" alt=\"\" \/><\/a><\/div>\n<div class=\"col-md-4\" style=\"display: block;\"><a href=\"https:\/\/www.td.com\/ca\/en\/personal-banking\/\" target=\"_blank\" rel=\"noopener\"><img src=\"http:\/\/french-future.eckidev.com\/wp-content\/uploads\/2018\/04\/TD.png\" alt=\"\" \/><\/a><\/div>\n<div class=\"col-md-4\" style=\"display: block;\"><a href=\"https:\/\/www.bmo.com\/main\/personal\" target=\"_blank\" rel=\"noopener\"><img src=\"http:\/\/french-future.eckidev.com\/wp-content\/uploads\/2018\/03\/BMO.jpg\" alt=\"\" \/><\/a><\/div>\n<div class=\"col-md-4\" style=\"display: block;\"><a href=\"https:\/\/www.rbcroyalbank.com\/personal.html\" target=\"_blank\" rel=\"noopener\"><img src=\"http:\/\/french-future.eckidev.com\/wp-content\/uploads\/2018\/03\/RBC.png\" alt=\"\" \/><\/a><\/div>\n<\/div>\n<div class=\"end-page\"><\/div>\n","protected":false},"excerpt":{"rendered":"<p>Qu\u2019est-ce que le FNJA ? Le Forum national des jeunes ambassadeurs (FNJA) c\u2019est : 30 jeunes bilingues de 10e et 11e ann\u00e9e de partout au Canada, inscrits dans un programme de fran\u00e7ais (fran\u00e7ais de base,<a class=\"moretag\" href=\"http:\/\/french-future.eckidev.com\/fr\/programmes\/nayf\/\"> Read more&hellip;<\/a><\/p>\n","protected":false},"author":8,"featured_media":0,"parent":2929,"menu_order":0,"comment_status":"closed","ping_status":"closed","template":"","meta":[],"_links":{"self":[{"href":"http:\/\/french-future.eckidev.com\/fr\/wp-json\/wp\/v2\/pages\/2932"}],"collection":[{"href":"http:\/\/french-future.eckidev.com\/fr\/wp-json\/wp\/v2\/pages"}],"about":[{"href":"http:\/\/french-future.eckidev.com\/fr\/wp-json\/wp\/v2\/types\/page"}],"author":[{"embeddable":true,"href":"http:\/\/french-future.eckidev.com\/fr\/wp-json\/wp\/v2\/users\/8"}],"replies":[{"embeddable":true,"href":"http:\/\/french-future.eckidev.com\/fr\/wp-json\/wp\/v2\/comments?post=2932"}],"version-history":[{"count":110,"href":"http:\/\/french-future.eckidev.com\/fr\/wp-json\/wp\/v2\/pages\/2932\/revisions"}],"predecessor-version":[{"id":21584,"href":"http:\/\/french-future.eckidev.com\/fr\/wp-json\/wp\/v2\/pages\/2932\/revisions\/21584"}],"up":[{"embeddable":true,"href":"http:\/\/french-future.eckidev.com\/fr\/wp-json\/wp\/v2\/pages\/2929"}],"wp:attachment":[{"href":"http:\/\/french-future.eckidev.com\/fr\/wp-json\/wp\/v2\/media?parent=2932"}],"curies":[{"name":"wp","href":"https:\/\/api.w.org\/{rel}","templated":true}]}}