{"id":2990,"date":"2015-01-26T14:58:06","date_gmt":"2015-01-26T19:58:06","guid":{"rendered":"http:\/\/198.27.70.109\/~ff1284\/?page_id=2990"},"modified":"2018-05-08T15:57:56","modified_gmt":"2018-05-08T19:57:56","slug":"forums-locaux","status":"publish","type":"page","link":"http:\/\/french-future.eckidev.com\/fr\/programmes\/forums-locaux\/","title":{"rendered":"FORUMS LOCAUX"},"content":{"rendered":"<h3>Les Forums locaux, qu&rsquo;est-ce que c&rsquo;est ?<\/h3>\n<p>Les Forums locaux r\u00e9unissent des \u00e9l\u00e8ves de la 9e \u00e0 la 12e ann\u00e9e de Fran\u00e7ais langue seconde et Fran\u00e7ais langue maternelle pour une journ\u00e9e compl\u00e8te d\u2019activit\u00e9s en fran\u00e7ais. Gr\u00e2ce \u00e0 la pr\u00e9sence d\u2019acteurs et d\u2019artistes de la communaut\u00e9 francophone, nous leur donnons l\u2019opportunit\u00e9 de d\u00e9couvrir et d\u2019apprendre la valeur culturelle et professionnelle d\u2019\u00eatre bilingue. C\u2019est aussi l\u2019occasion de faciliter un dialogue entre les \u00e9l\u00e8ves de FLS et FLM, tout en c\u00e9l\u00e9brant les cultures francophones.<\/p>\n<p>Organis\u00e9s dans plus de 15 villes \u00e0 travers le Canada chaque ann\u00e9e, des milliers d\u2019\u00e9l\u00e8ves y participent. Ces \u00e9v\u00e9nements sont gratuits pour tous les participants, et le d\u00eener est offert !<\/p>\n<p>Voici le d\u00e9roulement d\u2019une journ\u00e9e type, de 8h30 \u00e0 14h30 :<\/p>\n<ul>\n<li>Accueil et bienvenue<\/li>\n<li>C\u00e9r\u00e9monie d&rsquo;ouverture<\/li>\n<li>Ateliers int\u00e9ractifs<\/li>\n<li>D\u00eener<\/li>\n<li>Activit\u00e9 culturelle ou spectacle<\/li>\n<li>C\u00e9r\u00e9monie de cl\u00f4ture<\/li>\n<\/ul>\n\n\t\t<style type=\"text\/css\">\n\t\t\t#gallery-1 {\n\t\t\t\tmargin: auto;\n\t\t\t}\n\t\t\t#gallery-1 .gallery-item {\n\t\t\t\tfloat: left;\n\t\t\t\tmargin-top: 10px;\n\t\t\t\ttext-align: center;\n\t\t\t\twidth: 25%;\n\t\t\t}\n\t\t\t#gallery-1 img {\n\t\t\t\tborder: 2px solid #cfcfcf;\n\t\t\t}\n\t\t\t#gallery-1 .gallery-caption {\n\t\t\t\tmargin-left: 0;\n\t\t\t}\n\t\t\t\/* see gallery_shortcode() in wp-includes\/media.php *\/\n\t\t<\/style>\n\t\t<div id='gallery-1' class='gallery galleryid-2990 gallery-columns-4 gallery-size-medium'><dl class='gallery-item'>\n\t\t\t<dt class='gallery-icon landscape'>\n\t\t\t\t<a href='http:\/\/french-future.eckidev.com\/wp-content\/uploads\/2018\/03\/IMG_0477.jpg'><img width=\"300\" height=\"200\" src=\"http:\/\/french-future.eckidev.com\/wp-content\/uploads\/2018\/03\/IMG_0477-300x200.jpg\" class=\"attachment-medium size-medium\" alt=\"\" loading=\"lazy\" srcset=\"http:\/\/french-future.eckidev.com\/wp-content\/uploads\/2018\/03\/IMG_0477-300x200.jpg 300w, http:\/\/french-future.eckidev.com\/wp-content\/uploads\/2018\/03\/IMG_0477-600x400.jpg 600w, http:\/\/french-future.eckidev.com\/wp-content\/uploads\/2018\/03\/IMG_0477-768x512.jpg 768w, http:\/\/french-future.eckidev.com\/wp-content\/uploads\/2018\/03\/IMG_0477-1024x683.jpg 1024w, http:\/\/french-future.eckidev.com\/wp-content\/uploads\/2018\/03\/IMG_0477-360x240.jpg 360w\" sizes=\"(max-width: 300px) 100vw, 300px\" \/><\/a>\n\t\t\t<\/dt><\/dl><dl class='gallery-item'>\n\t\t\t<dt class='gallery-icon landscape'>\n\t\t\t\t<a href='http:\/\/french-future.eckidev.com\/wp-content\/uploads\/2018\/03\/IMG_0536.jpg'><img width=\"300\" height=\"200\" src=\"http:\/\/french-future.eckidev.com\/wp-content\/uploads\/2018\/03\/IMG_0536-300x200.jpg\" class=\"attachment-medium size-medium\" alt=\"\" loading=\"lazy\" srcset=\"http:\/\/french-future.eckidev.com\/wp-content\/uploads\/2018\/03\/IMG_0536-300x200.jpg 300w, http:\/\/french-future.eckidev.com\/wp-content\/uploads\/2018\/03\/IMG_0536-600x400.jpg 600w, http:\/\/french-future.eckidev.com\/wp-content\/uploads\/2018\/03\/IMG_0536-768x512.jpg 768w, http:\/\/french-future.eckidev.com\/wp-content\/uploads\/2018\/03\/IMG_0536-1024x683.jpg 1024w, http:\/\/french-future.eckidev.com\/wp-content\/uploads\/2018\/03\/IMG_0536-360x240.jpg 360w\" sizes=\"(max-width: 300px) 100vw, 300px\" \/><\/a>\n\t\t\t<\/dt><\/dl><dl class='gallery-item'>\n\t\t\t<dt class='gallery-icon landscape'>\n\t\t\t\t<a href='http:\/\/french-future.eckidev.com\/wp-content\/uploads\/2018\/03\/IMG_6242.jpg'><img width=\"300\" height=\"200\" src=\"http:\/\/french-future.eckidev.com\/wp-content\/uploads\/2018\/03\/IMG_6242-300x200.jpg\" class=\"attachment-medium size-medium\" alt=\"\" loading=\"lazy\" srcset=\"http:\/\/french-future.eckidev.com\/wp-content\/uploads\/2018\/03\/IMG_6242-300x200.jpg 300w, http:\/\/french-future.eckidev.com\/wp-content\/uploads\/2018\/03\/IMG_6242-600x400.jpg 600w, http:\/\/french-future.eckidev.com\/wp-content\/uploads\/2018\/03\/IMG_6242-768x512.jpg 768w, http:\/\/french-future.eckidev.com\/wp-content\/uploads\/2018\/03\/IMG_6242-1024x683.jpg 1024w, http:\/\/french-future.eckidev.com\/wp-content\/uploads\/2018\/03\/IMG_6242-360x240.jpg 360w, http:\/\/french-future.eckidev.com\/wp-content\/uploads\/2018\/03\/IMG_6242.jpg 2048w\" sizes=\"(max-width: 300px) 100vw, 300px\" \/><\/a>\n\t\t\t<\/dt><\/dl><dl class='gallery-item'>\n\t\t\t<dt class='gallery-icon landscape'>\n\t\t\t\t<a href='http:\/\/french-future.eckidev.com\/wp-content\/uploads\/2018\/03\/selfie.jpg'><img width=\"300\" height=\"200\" src=\"http:\/\/french-future.eckidev.com\/wp-content\/uploads\/2018\/03\/selfie-300x200.jpg\" class=\"attachment-medium size-medium\" alt=\"\" loading=\"lazy\" srcset=\"http:\/\/french-future.eckidev.com\/wp-content\/uploads\/2018\/03\/selfie-300x200.jpg 300w, http:\/\/french-future.eckidev.com\/wp-content\/uploads\/2018\/03\/selfie-600x400.jpg 600w, http:\/\/french-future.eckidev.com\/wp-content\/uploads\/2018\/03\/selfie-768x512.jpg 768w, http:\/\/french-future.eckidev.com\/wp-content\/uploads\/2018\/03\/selfie-1024x683.jpg 1024w, http:\/\/french-future.eckidev.com\/wp-content\/uploads\/2018\/03\/selfie-360x240.jpg 360w\" sizes=\"(max-width: 300px) 100vw, 300px\" \/><\/a>\n\t\t\t<\/dt><\/dl><br style=\"clear: both\" \/>\n\t\t<\/div>\n\n<hr class=\"local-forums\" \/>\n<h3>Pourquoi faire participer mes \u00e9l\u00e8ves ?<\/h3>\n<ul>\n<li>Pour faciliter un dialogue entre les \u00e9l\u00e8ves de FLS et de FLM<\/li>\n<li>Pour cr\u00e9er un environnement positif o\u00f9 les \u00e9l\u00e8ves peuvent mettre en pratique leur fran\u00e7ais<\/li>\n<li>Pour d\u00e9voiler aux \u00e9l\u00e8ves les possibilit\u00e9s professionnelles et les opportunit\u00e9s cr\u00e9\u00e9es par le bilinguisme<\/li>\n<li>Pour encourager les \u00e9l\u00e8ves \u00e0 poursuivre leurs cours de fran\u00e7ais tout au long du secondaire et du postsecondaire<\/li>\n<li>Pour c\u00e9l\u00e9brer la langue fran\u00e7aise, ainsi que les cultures francophones et montrer aux \u00e9l\u00e8ves le r\u00f4le important que le fran\u00e7ais joue au Canada<\/li>\n<\/ul>\n<hr class=\"local-forums\" \/>\n<h3>Y a-t-il un Forum local pr\u00e8s de chez moi ?<\/h3>\n<p>Voici la liste des Forums locaux de l\u2019ann\u00e9e scolaire en cours. Cette liste sera mise \u00e0 jour au fur et \u00e0 mesure d\u00e8s que les dates seront connues.<\/p>\n<div>\n<h4>F\u00e9vrier 2018<\/h4>\n\n\t\t<style type=\"text\/css\">\n\t\t\t#gallery-2 {\n\t\t\t\tmargin: auto;\n\t\t\t}\n\t\t\t#gallery-2 .gallery-item {\n\t\t\t\tfloat: left;\n\t\t\t\tmargin-top: 10px;\n\t\t\t\ttext-align: center;\n\t\t\t\twidth: 25%;\n\t\t\t}\n\t\t\t#gallery-2 img {\n\t\t\t\tborder: 2px solid #cfcfcf;\n\t\t\t}\n\t\t\t#gallery-2 .gallery-caption {\n\t\t\t\tmargin-left: 0;\n\t\t\t}\n\t\t\t\/* see gallery_shortcode() in wp-includes\/media.php *\/\n\t\t<\/style>\n\t\t<div id='gallery-2' class='gallery galleryid-2990 gallery-columns-4 gallery-size-thumbnail'><dl class='gallery-item'>\n\t\t\t<dt class='gallery-icon landscape'>\n\t\t\t\t<img width=\"150\" height=\"150\" src=\"http:\/\/french-future.eckidev.com\/wp-content\/uploads\/2018\/04\/0H2A5582-low-res-1100x500-150x150.jpg\" class=\"attachment-thumbnail size-thumbnail\" alt=\"\" loading=\"lazy\" aria-describedby=\"gallery-2-21274\" srcset=\"http:\/\/french-future.eckidev.com\/wp-content\/uploads\/2018\/04\/0H2A5582-low-res-1100x500-150x150.jpg 150w, http:\/\/french-future.eckidev.com\/wp-content\/uploads\/2018\/04\/0H2A5582-low-res-1100x500-300x300.jpg 300w, http:\/\/french-future.eckidev.com\/wp-content\/uploads\/2018\/04\/0H2A5582-low-res-1100x500-100x100.jpg 100w\" sizes=\"(max-width: 150px) 100vw, 150px\" \/>\n\t\t\t<\/dt>\n\t\t\t\t<dd class='wp-caption-text gallery-caption' id='gallery-2-21274'>\n\t\t\t\t<a href=\"http:\/\/french-future.eckidev.com\/fr\/programmes\/forums-locaux\/forum-local-dedmonton-2018\/\">Edmonton<br>24 f\u00e9vrier<\/a>\n\t\t\t\t<\/dd><\/dl>\n\t\t\t<br style='clear: both' \/>\n\t\t<\/div>\n\n<\/div>\n<div>\n<h4>Mars 2018<\/h4>\n\n\t\t<style type=\"text\/css\">\n\t\t\t#gallery-3 {\n\t\t\t\tmargin: auto;\n\t\t\t}\n\t\t\t#gallery-3 .gallery-item {\n\t\t\t\tfloat: left;\n\t\t\t\tmargin-top: 10px;\n\t\t\t\ttext-align: center;\n\t\t\t\twidth: 25%;\n\t\t\t}\n\t\t\t#gallery-3 img {\n\t\t\t\tborder: 2px solid #cfcfcf;\n\t\t\t}\n\t\t\t#gallery-3 .gallery-caption {\n\t\t\t\tmargin-left: 0;\n\t\t\t}\n\t\t\t\/* see gallery_shortcode() in wp-includes\/media.php *\/\n\t\t<\/style>\n\t\t<div id='gallery-3' class='gallery galleryid-2990 gallery-columns-4 gallery-size-thumbnail'><dl class='gallery-item'>\n\t\t\t<dt class='gallery-icon landscape'>\n\t\t\t\t<img width=\"150\" height=\"150\" src=\"http:\/\/french-future.eckidev.com\/wp-content\/uploads\/2018\/04\/P1080341-ConvertImage-1100x500-150x150.jpg\" class=\"attachment-thumbnail size-thumbnail\" alt=\"\" loading=\"lazy\" aria-describedby=\"gallery-3-21288\" srcset=\"http:\/\/french-future.eckidev.com\/wp-content\/uploads\/2018\/04\/P1080341-ConvertImage-1100x500-150x150.jpg 150w, http:\/\/french-future.eckidev.com\/wp-content\/uploads\/2018\/04\/P1080341-ConvertImage-1100x500-300x300.jpg 300w, http:\/\/french-future.eckidev.com\/wp-content\/uploads\/2018\/04\/P1080341-ConvertImage-1100x500-100x100.jpg 100w\" sizes=\"(max-width: 150px) 100vw, 150px\" \/>\n\t\t\t<\/dt>\n\t\t\t\t<dd class='wp-caption-text gallery-caption' id='gallery-3-21288'>\n\t\t\t\t<a href=\"http:\/\/french-future.eckidev.com\/fr\/forum-local-de-regina\/ \">Regina<br>1 mars<\/a>\n\t\t\t\t<\/dd><\/dl>\n\t\t\t<br style='clear: both' \/>\n\t\t<\/div>\n\n<\/div>\n<div>\n<h4>Avril 2018<\/h4>\n\n\t\t<style type=\"text\/css\">\n\t\t\t#gallery-4 {\n\t\t\t\tmargin: auto;\n\t\t\t}\n\t\t\t#gallery-4 .gallery-item {\n\t\t\t\tfloat: left;\n\t\t\t\tmargin-top: 10px;\n\t\t\t\ttext-align: center;\n\t\t\t\twidth: 25%;\n\t\t\t}\n\t\t\t#gallery-4 img {\n\t\t\t\tborder: 2px solid #cfcfcf;\n\t\t\t}\n\t\t\t#gallery-4 .gallery-caption {\n\t\t\t\tmargin-left: 0;\n\t\t\t}\n\t\t\t\/* see gallery_shortcode() in wp-includes\/media.php *\/\n\t\t<\/style>\n\t\t<div id='gallery-4' class='gallery galleryid-2990 gallery-columns-4 gallery-size-thumbnail'><dl class='gallery-item'>\n\t\t\t<dt class='gallery-icon landscape'>\n\t\t\t\t<img width=\"150\" height=\"150\" src=\"http:\/\/french-future.eckidev.com\/wp-content\/uploads\/2018\/04\/IMG_0785-low-res-1100x500-150x150.jpg\" class=\"attachment-thumbnail size-thumbnail\" alt=\"\" loading=\"lazy\" aria-describedby=\"gallery-4-21284\" srcset=\"http:\/\/french-future.eckidev.com\/wp-content\/uploads\/2018\/04\/IMG_0785-low-res-1100x500-150x150.jpg 150w, http:\/\/french-future.eckidev.com\/wp-content\/uploads\/2018\/04\/IMG_0785-low-res-1100x500-300x300.jpg 300w, http:\/\/french-future.eckidev.com\/wp-content\/uploads\/2018\/04\/IMG_0785-low-res-1100x500-100x100.jpg 100w\" sizes=\"(max-width: 150px) 100vw, 150px\" \/>\n\t\t\t<\/dt>\n\t\t\t\t<dd class='wp-caption-text gallery-caption' id='gallery-4-21284'>\n\t\t\t\t<a href=\"http:\/\/french-future.eckidev.com\/fr\/forum-local-de-montreal-2018\/\">Montr\u00e9al<br>11 avril<\/a>\n\t\t\t\t<\/dd><\/dl><dl class='gallery-item'>\n\t\t\t<dt class='gallery-icon landscape'>\n\t\t\t\t<img width=\"150\" height=\"150\" src=\"http:\/\/french-future.eckidev.com\/wp-content\/uploads\/2018\/04\/P1080353-ConvertImage-1-1100x500-150x150.jpg\" class=\"attachment-thumbnail size-thumbnail\" alt=\"\" loading=\"lazy\" aria-describedby=\"gallery-4-21290\" srcset=\"http:\/\/french-future.eckidev.com\/wp-content\/uploads\/2018\/04\/P1080353-ConvertImage-1-1100x500-150x150.jpg 150w, http:\/\/french-future.eckidev.com\/wp-content\/uploads\/2018\/04\/P1080353-ConvertImage-1-1100x500-300x300.jpg 300w, http:\/\/french-future.eckidev.com\/wp-content\/uploads\/2018\/04\/P1080353-ConvertImage-1-1100x500-100x100.jpg 100w\" sizes=\"(max-width: 150px) 100vw, 150px\" \/>\n\t\t\t<\/dt>\n\t\t\t\t<dd class='wp-caption-text gallery-caption' id='gallery-4-21290'>\n\t\t\t\t<a href=\"http:\/\/french-future.eckidev.com\/fr\/programmes\/forums-locaux\/forum-local-de-winnipeg-2018\/ \">Winnipeg<br>17 avril<\/a>\n\t\t\t\t<\/dd><\/dl><dl class='gallery-item'>\n\t\t\t<dt class='gallery-icon landscape'>\n\t\t\t\t<img width=\"150\" height=\"150\" src=\"http:\/\/french-future.eckidev.com\/wp-content\/uploads\/2018\/04\/FPA-6-low-res-1100x500-150x150.jpg\" class=\"attachment-thumbnail size-thumbnail\" alt=\"\" loading=\"lazy\" aria-describedby=\"gallery-4-21280\" srcset=\"http:\/\/french-future.eckidev.com\/wp-content\/uploads\/2018\/04\/FPA-6-low-res-1100x500-150x150.jpg 150w, http:\/\/french-future.eckidev.com\/wp-content\/uploads\/2018\/04\/FPA-6-low-res-1100x500-300x300.jpg 300w, http:\/\/french-future.eckidev.com\/wp-content\/uploads\/2018\/04\/FPA-6-low-res-1100x500-100x100.jpg 100w\" sizes=\"(max-width: 150px) 100vw, 150px\" \/>\n\t\t\t<\/dt>\n\t\t\t\t<dd class='wp-caption-text gallery-caption' id='gallery-4-21280'>\n\t\t\t\t<a href=\"http:\/\/french-future.eckidev.com\/fr\/forum-local-de-fredericton\/\">Fredericton<br>26 avril<\/a>\n\t\t\t\t<\/dd><\/dl><dl class='gallery-item'>\n\t\t\t<dt class='gallery-icon landscape'>\n\t\t\t\t<img width=\"150\" height=\"150\" src=\"http:\/\/french-future.eckidev.com\/wp-content\/uploads\/2018\/04\/i-sJPLz5b-X2-1100x500-150x150.jpg\" class=\"attachment-thumbnail size-thumbnail\" alt=\"\" loading=\"lazy\" aria-describedby=\"gallery-4-21282\" srcset=\"http:\/\/french-future.eckidev.com\/wp-content\/uploads\/2018\/04\/i-sJPLz5b-X2-1100x500-150x150.jpg 150w, http:\/\/french-future.eckidev.com\/wp-content\/uploads\/2018\/04\/i-sJPLz5b-X2-1100x500-300x300.jpg 300w, http:\/\/french-future.eckidev.com\/wp-content\/uploads\/2018\/04\/i-sJPLz5b-X2-1100x500-100x100.jpg 100w\" sizes=\"(max-width: 150px) 100vw, 150px\" \/>\n\t\t\t<\/dt>\n\t\t\t\t<dd class='wp-caption-text gallery-caption' id='gallery-4-21282'>\n\t\t\t\t<a href=\"http:\/\/french-future.eckidev.com\/fr\/forum-local-de-vancouver-2018\/\">Vancouver<br>30 avril<\/a>\n\t\t\t\t<\/dd><\/dl><br style=\"clear: both\" \/><dl class='gallery-item'>\n\t\t\t<dt class='gallery-icon landscape'>\n\t\t\t\t<img width=\"150\" height=\"150\" src=\"http:\/\/french-future.eckidev.com\/wp-content\/uploads\/2018\/04\/18768527_1932798056965847_5102553590563412879_o-1100x500-150x150.jpg\" class=\"attachment-thumbnail size-thumbnail\" alt=\"\" loading=\"lazy\" aria-describedby=\"gallery-4-21276\" srcset=\"http:\/\/french-future.eckidev.com\/wp-content\/uploads\/2018\/04\/18768527_1932798056965847_5102553590563412879_o-1100x500-150x150.jpg 150w, http:\/\/french-future.eckidev.com\/wp-content\/uploads\/2018\/04\/18768527_1932798056965847_5102553590563412879_o-1100x500-300x300.jpg 300w, http:\/\/french-future.eckidev.com\/wp-content\/uploads\/2018\/04\/18768527_1932798056965847_5102553590563412879_o-1100x500-100x100.jpg 100w\" sizes=\"(max-width: 150px) 100vw, 150px\" \/>\n\t\t\t<\/dt>\n\t\t\t\t<dd class='wp-caption-text gallery-caption' id='gallery-4-21276'>\n\t\t\t\t<a href=\"http:\/\/french-future.eckidev.com\/fr\/forum-local-de-victoria-2018\/ \">Victoria<br>30 avril<\/a>\n\t\t\t\t<\/dd><\/dl><dl class='gallery-item'>\n\t\t\t<dt class='gallery-icon landscape'>\n\t\t\t\t<img width=\"150\" height=\"150\" src=\"http:\/\/french-future.eckidev.com\/wp-content\/uploads\/2018\/04\/secondaire_en_spectacle_2017_36dp-ConvertImage-ConvertImage-1100x500-150x150.jpg\" class=\"attachment-thumbnail size-thumbnail\" alt=\"\" loading=\"lazy\" aria-describedby=\"gallery-4-21292\" srcset=\"http:\/\/french-future.eckidev.com\/wp-content\/uploads\/2018\/04\/secondaire_en_spectacle_2017_36dp-ConvertImage-ConvertImage-1100x500-150x150.jpg 150w, http:\/\/french-future.eckidev.com\/wp-content\/uploads\/2018\/04\/secondaire_en_spectacle_2017_36dp-ConvertImage-ConvertImage-1100x500-300x300.jpg 300w, http:\/\/french-future.eckidev.com\/wp-content\/uploads\/2018\/04\/secondaire_en_spectacle_2017_36dp-ConvertImage-ConvertImage-1100x500-100x100.jpg 100w\" sizes=\"(max-width: 150px) 100vw, 150px\" \/>\n\t\t\t<\/dt>\n\t\t\t\t<dd class='wp-caption-text gallery-caption' id='gallery-4-21292'>\n\t\t\t\t<a href=\"http:\/\/french-future.eckidev.com\/fr\/forum-local-de-whitehorse-2018\/\">Whitehorse<br>30 avril<\/a>\n\t\t\t\t<\/dd><\/dl>\n\t\t\t<br style='clear: both' \/>\n\t\t<\/div>\n\n<\/div>\n<h4>Mai 2018<\/h4>\n\n\t\t<style type=\"text\/css\">\n\t\t\t#gallery-5 {\n\t\t\t\tmargin: auto;\n\t\t\t}\n\t\t\t#gallery-5 .gallery-item {\n\t\t\t\tfloat: left;\n\t\t\t\tmargin-top: 10px;\n\t\t\t\ttext-align: center;\n\t\t\t\twidth: 25%;\n\t\t\t}\n\t\t\t#gallery-5 img {\n\t\t\t\tborder: 2px solid #cfcfcf;\n\t\t\t}\n\t\t\t#gallery-5 .gallery-caption {\n\t\t\t\tmargin-left: 0;\n\t\t\t}\n\t\t\t\/* see gallery_shortcode() in wp-includes\/media.php *\/\n\t\t<\/style>\n\t\t<div id='gallery-5' class='gallery galleryid-2990 gallery-columns-4 gallery-size-thumbnail'><dl class='gallery-item'>\n\t\t\t<dt class='gallery-icon landscape'>\n\t\t\t\t<img width=\"150\" height=\"150\" src=\"http:\/\/french-future.eckidev.com\/wp-content\/uploads\/2018\/04\/2017-05-03-09.20-low-res-1-1100x500-150x150.jpg\" class=\"attachment-thumbnail size-thumbnail\" alt=\"\" loading=\"lazy\" aria-describedby=\"gallery-5-21278\" srcset=\"http:\/\/french-future.eckidev.com\/wp-content\/uploads\/2018\/04\/2017-05-03-09.20-low-res-1-1100x500-150x150.jpg 150w, http:\/\/french-future.eckidev.com\/wp-content\/uploads\/2018\/04\/2017-05-03-09.20-low-res-1-1100x500-300x300.jpg 300w, http:\/\/french-future.eckidev.com\/wp-content\/uploads\/2018\/04\/2017-05-03-09.20-low-res-1-1100x500-100x100.jpg 100w\" sizes=\"(max-width: 150px) 100vw, 150px\" \/>\n\t\t\t<\/dt>\n\t\t\t\t<dd class='wp-caption-text gallery-caption' id='gallery-5-21278'>\n\t\t\t\t<a href=\"\/fr\/forum-local-de-toronto\/\">Toronto<br>1er mai<\/a>\n\t\t\t\t<\/dd><\/dl><dl class='gallery-item'>\n\t\t\t<dt class='gallery-icon landscape'>\n\t\t\t\t<img width=\"150\" height=\"150\" src=\"http:\/\/french-future.eckidev.com\/wp-content\/uploads\/2018\/04\/P1080341-ConvertImage-1100x500-1-150x150.jpg\" class=\"attachment-thumbnail size-thumbnail\" alt=\"\" loading=\"lazy\" aria-describedby=\"gallery-5-21286\" srcset=\"http:\/\/french-future.eckidev.com\/wp-content\/uploads\/2018\/04\/P1080341-ConvertImage-1100x500-1-150x150.jpg 150w, http:\/\/french-future.eckidev.com\/wp-content\/uploads\/2018\/04\/P1080341-ConvertImage-1100x500-1-300x300.jpg 300w, http:\/\/french-future.eckidev.com\/wp-content\/uploads\/2018\/04\/P1080341-ConvertImage-1100x500-1-100x100.jpg 100w\" sizes=\"(max-width: 150px) 100vw, 150px\" \/>\n\t\t\t<\/dt>\n\t\t\t\t<dd class='wp-caption-text gallery-caption' id='gallery-5-21286'>\n\t\t\t\t<a href=\"http:\/\/french-future.eckidev.com\/fr\/forum-local-de-charlottetown-2018\/\">Charlottetown<br>2 mai<\/a>\n\t\t\t\t<\/dd><\/dl>\n\t\t\t<br style='clear: both' \/>\n\t\t<\/div>\n\n<hr class=\"local-forums\" \/>\n<h3>Comment y participer ?<\/h3>\n<p>Vous pouvez contacter le coordonnateur en charge du Forum local de votre r\u00e9gion afin de vous inscrire avec vos \u00e9l\u00e8ves.<\/p>\n<h4 class=\"coordonnator-title\">Coordonnateurs des Forums locaux<\/h4>\n<div class=\"coordonnator\">\n<div class=\"coordonnator-column\">\n<p>Charlottetown, \u00ce.-P.-E : <a href=\"mailto:mbourgeois@francais-avenir.org\">Maxime Bourgeois<\/a><\/p>\n<p>Halifax, <span>Nouvelle-\u00c9cosse<\/span> : <a href=\"mailto:mbourgeois@francais-avenir.org\">Maxime Bourgeois<\/a><\/p>\n<p>Fredericton, Nouveau-Brunswick : <a href=\"mailto:mbourgeois@francais-avenir.org\">Maxime Bourgeois<\/a><\/p>\n<p>St. John&rsquo;s, <span>Terre-Neuve-et-Labrador<\/span> : <a href=\"mbourgeois@francais-avenir.org\">Maxime Bourgeois<\/a><\/p>\n<p>Edmonton, Alberta : <a href=\"mailto:edmonton@francais-avenir.org\">Rahimatou Founjouom<\/a><\/p>\n<p>Toronto, Ontario : <a href=\"mailto:toronto@francais-avenir.org\">Val\u00e9rie Bourdeau<\/a><\/p>\n<p>Montreal, Qu\u00e9bec : <a href=\"mailto:xpression13@gmail.com\">Alyssa Kuzmarov<\/a><\/p>\n<p>Moncton, Nouveau-Brunswick : <a href=\"mailto:john.thomas@umoncton.ca\">John Thomas<\/a><\/p>\n<p>Ottawa, Ontario :<a href=\"mailto:ottawa@francais-avenir.org\"> Mireille Brownhill<\/a><\/p>\n<p>Winnipeg, Manitoba : <a href=\"mailto:jdupuis@sfm.mb.ca\">Joanne Dupuis<\/a><\/p>\n<p>Vancouver, Colombie-Britanique : <a href=\"mailto:cb@francais-avenir.org\">Marjorie Boies<\/a><\/p>\n<p>Victoria, Colombie-Britanique : <a href=\"mailto:cb@francais-avenir.org\">Marjorie Boies<\/a><\/p>\n<p>Whitehorse, Yukon : <a href=\"mailto:Danielle.Bonneau@yesnet.yk.ca\">Danielle Bonneau<\/a><\/p>\n<p>Calgary, Alberta :\u00a0<a href=\"mailto:mtryon@ab.cpf.ca\">Michael Tryon<\/a><\/p>\n<p>Moncton,\u00a0Nouveau-Brunswick :\u00a0<a href=\"mailto:john.thomas@umoncton.ca\">John Thomas<\/a><\/p>\n<\/div>\n<div class=\"coordonnator-column\"><\/div>\n<\/div>\n<div class=\"end-page\"><\/div>\n","protected":false},"excerpt":{"rendered":"<p>Les Forums locaux, qu&rsquo;est-ce que c&rsquo;est ? Les Forums locaux r\u00e9unissent des \u00e9l\u00e8ves de la 9e \u00e0 la 12e ann\u00e9e de Fran\u00e7ais langue seconde et Fran\u00e7ais langue maternelle pour une journ\u00e9e compl\u00e8te d\u2019activit\u00e9s en fran\u00e7ais.<a class=\"moretag\" href=\"http:\/\/french-future.eckidev.com\/fr\/programmes\/forums-locaux\/\"> Read more&hellip;<\/a><\/p>\n","protected":false},"author":8,"featured_media":0,"parent":2929,"menu_order":0,"comment_status":"closed","ping_status":"closed","template":"","meta":[],"_links":{"self":[{"href":"http:\/\/french-future.eckidev.com\/fr\/wp-json\/wp\/v2\/pages\/2990"}],"collection":[{"href":"http:\/\/french-future.eckidev.com\/fr\/wp-json\/wp\/v2\/pages"}],"about":[{"href":"http:\/\/french-future.eckidev.com\/fr\/wp-json\/wp\/v2\/types\/page"}],"author":[{"embeddable":true,"href":"http:\/\/french-future.eckidev.com\/fr\/wp-json\/wp\/v2\/users\/8"}],"replies":[{"embeddable":true,"href":"http:\/\/french-future.eckidev.com\/fr\/wp-json\/wp\/v2\/comments?post=2990"}],"version-history":[{"count":64,"href":"http:\/\/french-future.eckidev.com\/fr\/wp-json\/wp\/v2\/pages\/2990\/revisions"}],"predecessor-version":[{"id":21566,"href":"http:\/\/french-future.eckidev.com\/fr\/wp-json\/wp\/v2\/pages\/2990\/revisions\/21566"}],"up":[{"embeddable":true,"href":"http:\/\/french-future.eckidev.com\/fr\/wp-json\/wp\/v2\/pages\/2929"}],"wp:attachment":[{"href":"http:\/\/french-future.eckidev.com\/fr\/wp-json\/wp\/v2\/media?parent=2990"}],"curies":[{"name":"wp","href":"https:\/\/api.w.org\/{rel}","templated":true}]}}