{"id":3037,"date":"2015-02-03T17:16:21","date_gmt":"2015-02-03T22:16:21","guid":{"rendered":"http:\/\/198.27.70.109\/~ff1284\/?page_id=3037"},"modified":"2018-05-03T13:59:34","modified_gmt":"2018-05-03T17:59:34","slug":"sessions-franconnexion","status":"publish","type":"page","link":"http:\/\/french-future.eckidev.com\/fr\/programmes\/sessions-franconnexion\/","title":{"rendered":"SESSION FRANCONNEXION"},"content":{"rendered":"<h3>Pr\u00e9parez-vous \u00e0 \u00e9tablir une connexion!<\/h3>\n<p>N\u2019avez-vous pas eu 100 fois d\u00e9j\u00e0 cette question de la part de vos \u00e9l\u00e8ves : \u00ab \u00c0 quoi \u00e7a sert de parler le fran\u00e7ais \u00bb ?<\/p>\n<p>Ce qui leur manque, c\u2019est une connexion ! La connexion entre ce qu\u2019on apprend en salle de classe et l\u2019utilit\u00e9, la valeur, l\u2019importance du fran\u00e7ais \u00e0 l\u2019ext\u00e9rieur de l\u2019\u00e9cole. Pour cela, Le Fran\u00e7ais pour l\u2019avenir a cr\u00e9\u00e9 les Sessions franconnexion !<\/p>\n<hr class=\"franconnexion-session\" \/>\n<h3>En quoi consiste le programme Session franconnexion?<\/h3>\n<p>Le Fran\u00e7ais pour l\u2019avenir vous offre une trousse de ressources p\u00e9dagogiques sp\u00e9cialement con\u00e7ues pour sensibiliser les \u00e9l\u00e8ves aux avantages (et au plaisir !) de parler fran\u00e7ais. Utilisez-la pour organiser une Session franconnexion avec vos \u00e9l\u00e8ves de la 7e \u00e0 la 12e ann\u00e9e !<\/p>\n<p>Le r\u00e9sultat ? Des \u00e9l\u00e8ves plus motiv\u00e9s et engag\u00e9s dans leur apprentissage, car ils comprennent la grande valeur de ce que vous leur transmettez.<\/p>\n<hr class=\"franconnexion-session\" \/>\n<h3>Qu\u2019y a-t-il dans la trousse?<\/h3>\n<p>La trousse contient des vid\u00e9os, des jeux-questionnaires ainsi que des activit\u00e9s \u00e0 partir de nos affiches. Chacune des ressources s\u2019accompagne d\u2019un guide p\u00e9dagogique.<\/p>\n<p><a href=\"http:\/\/french-future.eckidev.com\/fr\/programmes\/sessions-franconnexion\/ressources-disponibles\/\">En savoir plus sur le contenu de la trousse<\/a><\/p>\n<p>Nous vous enverrons \u00e9galement une bo\u00eete contenant des affiches pour la salle de classe ainsi que des petits cadeaux que vous pourrez utiliser pour r\u00e9compenser les participants \u00e0 votre Session franconnexion.<\/p>\n<p><iframe loading=\"lazy\" width=\"560\" height=\"315\" src=\"https:\/\/www.youtube.com\/embed\/rpmbraR751Y\" frameborder=\"0\" allow=\"autoplay; encrypted-media\" allowfullscreen=\"allowfullscreen\"><\/iframe><\/p>\n<hr class=\"franconnexion-session\" \/>\n<h3>Comment l\u2019obtenir?<\/h3>\n<p>Remplissez le <a href=\"http:\/\/french-future.eckidev.com\/fr\/programmes\/sessions-franconnexion\/recevoir-ma-trousse-gratuite\/\">formulaire en ligne<\/a>. Indiquez-nous la date de votre Session franconnexion ainsi que le nombre d\u2019\u00e9l\u00e8ves qui y participeront, et nous vous enverrons vos ressources environ un mois avant cette date.<\/p>\n<p>La trousse de ressources est envoy\u00e9e gratuitement partout au Canada. En retour, nous vous demanderons seulement de r\u00e9pondre \u00e0 un court sondage apr\u00e8s votre Session franconnexion pour conna\u00eetre votre avis sur ce programme.<\/p>\n<p><a href=\"http:\/\/french-future.eckidev.com\/fr\/programmes\/sessions-franconnexion\/recevoir-ma-trousse-gratuite\/\" class=\"btn btn-md btn-primary custom-subscribe-button button-franconnexion\">Je demande ma trousse<\/a><\/p>\n<div class=\"end-page\"><\/div>\n","protected":false},"excerpt":{"rendered":"<p>Pr\u00e9parez-vous \u00e0 \u00e9tablir une connexion! N\u2019avez-vous pas eu 100 fois d\u00e9j\u00e0 cette question de la part de vos \u00e9l\u00e8ves : \u00ab \u00c0 quoi \u00e7a sert de parler le fran\u00e7ais \u00bb ? Ce qui leur manque,<a class=\"moretag\" href=\"http:\/\/french-future.eckidev.com\/fr\/programmes\/sessions-franconnexion\/\"> Read more&hellip;<\/a><\/p>\n","protected":false},"author":8,"featured_media":0,"parent":2929,"menu_order":0,"comment_status":"closed","ping_status":"closed","template":"","meta":[],"_links":{"self":[{"href":"http:\/\/french-future.eckidev.com\/fr\/wp-json\/wp\/v2\/pages\/3037"}],"collection":[{"href":"http:\/\/french-future.eckidev.com\/fr\/wp-json\/wp\/v2\/pages"}],"about":[{"href":"http:\/\/french-future.eckidev.com\/fr\/wp-json\/wp\/v2\/types\/page"}],"author":[{"embeddable":true,"href":"http:\/\/french-future.eckidev.com\/fr\/wp-json\/wp\/v2\/users\/8"}],"replies":[{"embeddable":true,"href":"http:\/\/french-future.eckidev.com\/fr\/wp-json\/wp\/v2\/comments?post=3037"}],"version-history":[{"count":52,"href":"http:\/\/french-future.eckidev.com\/fr\/wp-json\/wp\/v2\/pages\/3037\/revisions"}],"predecessor-version":[{"id":21541,"href":"http:\/\/french-future.eckidev.com\/fr\/wp-json\/wp\/v2\/pages\/3037\/revisions\/21541"}],"up":[{"embeddable":true,"href":"http:\/\/french-future.eckidev.com\/fr\/wp-json\/wp\/v2\/pages\/2929"}],"wp:attachment":[{"href":"http:\/\/french-future.eckidev.com\/fr\/wp-json\/wp\/v2\/media?parent=3037"}],"curies":[{"name":"wp","href":"https:\/\/api.w.org\/{rel}","templated":true}]}}