{"id":4012,"date":"2015-03-06T04:24:10","date_gmt":"2015-03-06T09:24:10","guid":{"rendered":"http:\/\/198.27.70.109\/~ff1284\/?page_id=4012"},"modified":"2018-04-12T14:15:04","modified_gmt":"2018-04-12T18:15:04","slug":"contact","status":"publish","type":"page","link":"http:\/\/french-future.eckidev.com\/fr\/a-propos\/contact\/","title":{"rendered":"CONTACT"},"content":{"rendered":"<p><strong>Bureau national du Fran\u00e7ais pour l&rsquo;avenir<\/strong><br \/>\n 366 rue Adelaide Est<br \/>\n Bureau 444<br \/>\n Toronto, Ontario<br \/>\n M5A 3X9<\/p>\n<p>T\u00e9l\u00e9phone: <strong>416 203-9900<\/strong><br \/>\n T\u00e9l\u00e9phone sans frais: <strong>1 866 220-7216<\/strong><\/p>\n<p>T\u00e9l\u00e9copieur: 416 203-1369<br \/>\n Num\u00e9ro de t\u00e9l\u00e9copieur sans frais: 1 866 506-7589<\/p>\n<p>&nbsp;<\/p>\n<p><strong>info@francais-avenir.org<\/strong><\/p>\n<p>&nbsp;<\/p>\n<div class=\"footer-custom-social\">\n<h4>R\u00e9seaux sociaux<\/h4>\n<div class=\"contact-social-link\"><a href=\"https:\/\/www.facebook.com\/lefrancaispourlavenir\/\" target=\"_blank\" rel=\"noopener\"><i class=\"fa fa-facebook fa-3x\"><\/i><\/a> <a href=\"https:\/\/twitter.com\/francaisavenir\" target=\"_blank\" rel=\"noopener\"><i class=\"fa fa-twitter fa-3x\"><\/i><\/a> <a href=\"https:\/\/www.instagram.com\/francaisavenir\/\" target=\"_blank\" rel=\"noopener\"><i class=\"fa fa-instagram fa-3x\"><\/i><\/a> <a href=\"https:\/\/www.snapchat.com\/add\/fancaisavenir\" target=\"_blank\" rel=\"noopener\"><i class=\"fa fa-snapchat-ghost fa-3x\"><\/i><\/a><\/div>\n<\/div>\n<p>&nbsp;<\/p>\n<p>Nos heures de bureau sont ouvert du lundi au vendredi de 9h \u00e0 17h et le vendredi, heure de l&rsquo;Est.<\/p>\n<p>Vous pouvez \u00e9galement remplir le formulaire ci-dessous pour nous envoyer vos questions ou vos commentaires. Nous serons en contact avec vous sous peu.<\/p>\n<p>Merci!<\/p>\n<p>&nbsp;<\/p>\n<h4>Formulaire de contact<\/h4>\n\n\n<div class=\"pirate_forms_container widget-no\" id=\"pirate_forms_container_default\">\n\t<!-- header -->\n\t\n\t<!-- thank you -->\n\t\n\t<div class=\"pirate_forms_wrap\">\n\t<!-- errors -->\n\t\n\t<!-- form -->\n\n\t\t<form\n\t\t\tmethod=\"post\"\n\t\t\tenctype=\"application\/x-www-form-urlencoded\"\n\t\t\tclass=\"pirate_forms  form_honeypot-on wordpress-nonce-on pirate-forms-contact-name-on pirate-forms-contact-email-on pirate-forms-contact-subject-on pirate-forms-contact-message-on pirate-forms-captcha-on pirate-forms-contact-submit-on pirate_forms_from_form-on\"\n\t\t\t\t\t>\n\t\t\t<div class=\"pirate_forms_three_inputs_wrap \">\n\t\n\n<div class=\"col-xs-12 col-sm-6 contact_name_wrap pirate_forms_three_inputs form_field_wrap\">\n\t<label for=\"pirate-forms-contact-name\"class=\"control-label\">Votre nom<\/label>\t<input type=\"text\" class=\"form-control\" id=\"pirate-forms-contact-name\" name=\"pirate-forms-contact-name\" class=\"\" placeholder=\"\" required oninvalid=\"this.setCustomValidity('Enter your name')\" onchange=\"this.setCustomValidity('')\" value=\"\" >\n<\/div>\n\n\n<div class=\"col-xs-12 col-sm-6 contact_email_wrap pirate_forms_three_inputs form_field_wrap\">\n\t<label for=\"pirate-forms-contact-email\"class=\"control-label\">Votre courriel<\/label>\t<input type=\"email\" class=\"form-control\" id=\"pirate-forms-contact-email\" name=\"pirate-forms-contact-email\" class=\"\" placeholder=\"\" required oninvalid=\"this.setCustomValidity('Enter a valid email')\" onchange=\"this.setCustomValidity('')\" value=\"\" >\n<\/div>\n\n\n<div class=\"col-xs-12 contact_subject_wrap pirate_forms_three_inputs form_field_wrap\">\n\t<label for=\"pirate-forms-contact-subject\"class=\"control-label\">Sujet<\/label>\t<input type=\"text\" class=\"form-control\" id=\"pirate-forms-contact-subject\" name=\"pirate-forms-contact-subject\" class=\"\" placeholder=\"\" required oninvalid=\"this.setCustomValidity('Please enter a subject')\" onchange=\"this.setCustomValidity('')\" value=\"\" >\n<\/div>\n\t\t\t<\/div>\n\n\t\n\n<div class=\"col-xs-12 form_field_wrap contact_message_wrap\">\n\t<label for=\"pirate-forms-contact-message\"class=\"control-label\">Votre message<\/label>\t<textarea rows=\"5\" cols=\"30\" class=\"form-control\" id=\"pirate-forms-contact-message\" name=\"pirate-forms-contact-message\" class=\"\" placeholder=\"\" required oninvalid=\"this.setCustomValidity('Enter your question or comment')\" onchange=\"this.setCustomValidity('')\" ><\/textarea>\n<\/div>\n\n\n<div class=\"col-xs-12 form_field_wrap form_captcha_wrap\">\n\t<div id=\"pirate-forms-captcha\" class=\"g-recaptcha pirate-forms-google-recaptcha\"  data-sitekey=\"6LdWwU8UAAAAAOF-VaJ8LMXGX8ao6WbpdqpUEUQS\">\n\t<\/div>\n<\/div>\n\n\n<div class=\"col-xs-12 form_field_wrap contact_submit_wrap\">\n\t<button type=\"submit\" class=\"pirate-forms-submit-button btn btn-primary \" id=\"pirate-forms-contact-submit\" name=\"pirate-forms-contact-submit\" class=\"pirate-forms-submit-button btn btn-primary \" placeholder=\"\" >Envoyer<\/button>\n<\/div>\n<input type=\"hidden\" id=\"pirate_forms_ajax\" name=\"pirate_forms_ajax\" class=\"\" placeholder=\"\"  value=\"0\"><div class=\"form_field_wrap hidden\" style=\"display: none\"><input type=\"text\" id=\"form_honeypot\" name=\"honeypot\" class=\"\" placeholder=\"\"  value=\"\"><\/div><input type=\"hidden\" id=\"pirate_forms_from_widget\" name=\"pirate_forms_from_widget\" class=\"\" placeholder=\"\"  value=\"0\"><input type=\"hidden\" id=\"wordpress-nonce\" name=\"wordpress-nonce\" class=\"\" placeholder=\"\"  value=\"7e852720c4\"><input type=\"hidden\" id=\"pirate_forms_from_form\" name=\"pirate_forms_from_form\" class=\"\" placeholder=\"\"  value=\"2e33e0d86e\">\t\t<\/form>\n\n\t\n\t\t<div class=\"pirate_forms_clearfix\"><\/div>\n\t<\/div>\n\n\t<!-- footer -->\n\t\n<\/div>\n\n","protected":false},"excerpt":{"rendered":"<p>Bureau national du Fran\u00e7ais pour l&rsquo;avenir 366 rue Adelaide Est Bureau 444 Toronto, Ontario M5A 3X9 T\u00e9l\u00e9phone: 416 203-9900 T\u00e9l\u00e9phone sans frais: 1 866 220-7216 T\u00e9l\u00e9copieur: 416 203-1369 Num\u00e9ro de t\u00e9l\u00e9copieur sans frais: 1 866<a class=\"moretag\" href=\"http:\/\/french-future.eckidev.com\/fr\/a-propos\/contact\/\"> Read more&hellip;<\/a><\/p>\n","protected":false},"author":8,"featured_media":0,"parent":1037,"menu_order":0,"comment_status":"closed","ping_status":"closed","template":"","meta":[],"_links":{"self":[{"href":"http:\/\/french-future.eckidev.com\/fr\/wp-json\/wp\/v2\/pages\/4012"}],"collection":[{"href":"http:\/\/french-future.eckidev.com\/fr\/wp-json\/wp\/v2\/pages"}],"about":[{"href":"http:\/\/french-future.eckidev.com\/fr\/wp-json\/wp\/v2\/types\/page"}],"author":[{"embeddable":true,"href":"http:\/\/french-future.eckidev.com\/fr\/wp-json\/wp\/v2\/users\/8"}],"replies":[{"embeddable":true,"href":"http:\/\/french-future.eckidev.com\/fr\/wp-json\/wp\/v2\/comments?post=4012"}],"version-history":[{"count":28,"href":"http:\/\/french-future.eckidev.com\/fr\/wp-json\/wp\/v2\/pages\/4012\/revisions"}],"predecessor-version":[{"id":21267,"href":"http:\/\/french-future.eckidev.com\/fr\/wp-json\/wp\/v2\/pages\/4012\/revisions\/21267"}],"up":[{"embeddable":true,"href":"http:\/\/french-future.eckidev.com\/fr\/wp-json\/wp\/v2\/pages\/1037"}],"wp:attachment":[{"href":"http:\/\/french-future.eckidev.com\/fr\/wp-json\/wp\/v2\/media?parent=4012"}],"curies":[{"name":"wp","href":"https:\/\/api.w.org\/{rel}","templated":true}]}}