{"id":16938,"date":"2017-03-20T23:43:28","date_gmt":"2017-03-21T03:43:28","guid":{"rendered":"https:\/\/french-future.eckidev.com\/?page_id=16938\/"},"modified":"2018-05-03T13:55:26","modified_gmt":"2018-05-03T17:55:26","slug":"conseil-dadministration","status":"publish","type":"page","link":"https:\/\/french-future.eckidev.com\/fr\/a-propos\/conseil-dadministration\/","title":{"rendered":"CONSEIL D&rsquo;ADMINISTRATION"},"content":{"rendered":"<h3>Directeurs<\/h3>\n<p>Le fran\u00e7ais pour l&rsquo;avenir est dirig\u00e9 par un conseil d&rsquo;administration b\u00e9n\u00e9vole.<\/p>\n\n\t\t<style type=\"text\/css\">\n\t\t\t#gallery-1 {\n\t\t\t\tmargin: auto;\n\t\t\t}\n\t\t\t#gallery-1 .gallery-item {\n\t\t\t\tfloat: left;\n\t\t\t\tmargin-top: 10px;\n\t\t\t\ttext-align: center;\n\t\t\t\twidth: 25%;\n\t\t\t}\n\t\t\t#gallery-1 img {\n\t\t\t\tborder: 2px solid #cfcfcf;\n\t\t\t}\n\t\t\t#gallery-1 .gallery-caption {\n\t\t\t\tmargin-left: 0;\n\t\t\t}\n\t\t\t\/* see gallery_shortcode() in wp-includes\/media.php *\/\n\t\t<\/style>\n\t\t<div id='gallery-1' class='gallery galleryid-16938 gallery-columns-4 gallery-size-thumbnail'><dl class='gallery-item'>\n\t\t\t<dt class='gallery-icon landscape'>\n\t\t\t\t<img width=\"150\" height=\"150\" src=\"https:\/\/french-future.eckidev.com\/wp-content\/uploads\/2018\/03\/Michael-salvatori-portrait-1-150x150.png\" class=\"attachment-thumbnail size-thumbnail\" alt=\"\" loading=\"lazy\" aria-describedby=\"gallery-1-20728\" srcset=\"https:\/\/french-future.eckidev.com\/wp-content\/uploads\/2018\/03\/Michael-salvatori-portrait-1-150x150.png 150w, https:\/\/french-future.eckidev.com\/wp-content\/uploads\/2018\/03\/Michael-salvatori-portrait-1-300x300.png 300w, https:\/\/french-future.eckidev.com\/wp-content\/uploads\/2018\/03\/Michael-salvatori-portrait-1-100x100.png 100w\" sizes=\"(max-width: 150px) 100vw, 150px\" \/>\n\t\t\t<\/dt>\n\t\t\t\t<dd class='wp-caption-text gallery-caption' id='gallery-1-20728'>\n\t\t\t\t<div class=\"team-description\">     <div class=\"team-name\">         <a href=\"http:\/\/french-future.eckidev.com\/fr\/a-propos\/conseil-dadministration\/michael-salvatori\/\" target=\"_blank\" rel=\"noopener\">MICHAEL SALVATORI<\/a>     <\/div>     <div class=\"team-job\"> Pr\u00e9sident     <\/div> <\/div>\n\t\t\t\t<\/dd><\/dl><dl class='gallery-item'>\n\t\t\t<dt class='gallery-icon portrait'>\n\t\t\t\t<img width=\"150\" height=\"150\" src=\"https:\/\/french-future.eckidev.com\/wp-content\/uploads\/2018\/03\/Danielle-Arcand-175x200-1-150x150.jpg\" class=\"attachment-thumbnail size-thumbnail\" alt=\"\" loading=\"lazy\" aria-describedby=\"gallery-1-20716\" srcset=\"https:\/\/french-future.eckidev.com\/wp-content\/uploads\/2018\/03\/Danielle-Arcand-175x200-1-150x150.jpg 150w, https:\/\/french-future.eckidev.com\/wp-content\/uploads\/2018\/03\/Danielle-Arcand-175x200-1-100x100.jpg 100w\" sizes=\"(max-width: 150px) 100vw, 150px\" \/>\n\t\t\t<\/dt>\n\t\t\t\t<dd class='wp-caption-text gallery-caption' id='gallery-1-20716'>\n\t\t\t\t<div class=\"team-description\">     <div class=\"team-name\">         <a href=\"http:\/\/french-future.eckidev.com\/fr\/a-propos\/conseil-dadministration\/danielle-arcand\/\" target=\"_blank\" rel=\"noopener\">DANIELLE ARCAND<\/a>      <\/div>     <div class=\"team-job\"> Vice-pr\u00e9sidente     <\/div> <\/div>\n\t\t\t\t<\/dd><\/dl><dl class='gallery-item'>\n\t\t\t<dt class='gallery-icon landscape'>\n\t\t\t\t<img width=\"150\" height=\"150\" src=\"https:\/\/french-future.eckidev.com\/wp-content\/uploads\/2018\/03\/Mat-Herrington-1-150x150.jpg\" class=\"attachment-thumbnail size-thumbnail\" alt=\"\" loading=\"lazy\" aria-describedby=\"gallery-1-20726\" srcset=\"https:\/\/french-future.eckidev.com\/wp-content\/uploads\/2018\/03\/Mat-Herrington-1-150x150.jpg 150w, https:\/\/french-future.eckidev.com\/wp-content\/uploads\/2018\/03\/Mat-Herrington-1-300x300.jpg 300w, https:\/\/french-future.eckidev.com\/wp-content\/uploads\/2018\/03\/Mat-Herrington-1-100x100.jpg 100w, https:\/\/french-future.eckidev.com\/wp-content\/uploads\/2018\/03\/Mat-Herrington-1-600x600.jpg 600w, https:\/\/french-future.eckidev.com\/wp-content\/uploads\/2018\/03\/Mat-Herrington-1-768x768.jpg 768w, https:\/\/french-future.eckidev.com\/wp-content\/uploads\/2018\/03\/Mat-Herrington-1.jpg 960w\" sizes=\"(max-width: 150px) 100vw, 150px\" \/>\n\t\t\t<\/dt>\n\t\t\t\t<dd class='wp-caption-text gallery-caption' id='gallery-1-20726'>\n\t\t\t\t<div class=\"team-description\">     <div class=\"team-name\">         <a href=\"http:\/\/french-future.eckidev.com\/fr\/a-propos\/conseil-dadministration\/matt-herrington\/\" target=\"_blank\" rel=\"noopener\">MATT HERRINGTON<\/a>     <\/div>     <div class=\"team-job\"> Tr\u00e9sorier     <\/div> <\/div>\n\t\t\t\t<\/dd><\/dl><dl class='gallery-item'>\n\t\t\t<dt class='gallery-icon portrait'>\n\t\t\t\t<img width=\"150\" height=\"150\" src=\"https:\/\/french-future.eckidev.com\/wp-content\/uploads\/2018\/03\/Ania-1-150x150.png\" class=\"attachment-thumbnail size-thumbnail\" alt=\"\" loading=\"lazy\" aria-describedby=\"gallery-1-20714\" srcset=\"https:\/\/french-future.eckidev.com\/wp-content\/uploads\/2018\/03\/Ania-1-150x150.png 150w, https:\/\/french-future.eckidev.com\/wp-content\/uploads\/2018\/03\/Ania-1-300x300.png 300w, https:\/\/french-future.eckidev.com\/wp-content\/uploads\/2018\/03\/Ania-1-100x100.png 100w\" sizes=\"(max-width: 150px) 100vw, 150px\" \/>\n\t\t\t<\/dt>\n\t\t\t\t<dd class='wp-caption-text gallery-caption' id='gallery-1-20714'>\n\t\t\t\t<div class=\"team-description\">     <div class=\"team-name\">         <a href=\"http:\/\/french-future.eckidev.com\/fr\/a-propos\/conseil-dadministration\/ania-kolodziej\/\" target=\"_blank\" rel=\"noopener\">ANIA KOLODZIEJ<\/a>     <\/div>     <div class=\"team-job\"> Secr\u00e9taire     <\/div> <\/div>\n\t\t\t\t<\/dd><\/dl><br style=\"clear: both\" \/><dl class='gallery-item'>\n\t\t\t<dt class='gallery-icon portrait'>\n\t\t\t\t<img width=\"150\" height=\"150\" src=\"https:\/\/french-future.eckidev.com\/wp-content\/uploads\/2018\/03\/Micheline-dube\u0301-portrait-1-150x150.png\" class=\"attachment-thumbnail size-thumbnail\" alt=\"\" loading=\"lazy\" aria-describedby=\"gallery-1-20730\" srcset=\"https:\/\/french-future.eckidev.com\/wp-content\/uploads\/2018\/03\/Micheline-dube\u0301-portrait-1-150x150.png 150w, https:\/\/french-future.eckidev.com\/wp-content\/uploads\/2018\/03\/Micheline-dube\u0301-portrait-1-300x300.png 300w, https:\/\/french-future.eckidev.com\/wp-content\/uploads\/2018\/03\/Micheline-dube\u0301-portrait-1-100x100.png 100w, https:\/\/french-future.eckidev.com\/wp-content\/uploads\/2018\/03\/Micheline-dube\u0301-portrait-1-298x300.png 298w, https:\/\/french-future.eckidev.com\/wp-content\/uploads\/2018\/03\/Micheline-dube\u0301-portrait-1-375x377.png 375w, https:\/\/french-future.eckidev.com\/wp-content\/uploads\/2018\/03\/Micheline-dube\u0301-portrait-1.png 463w\" sizes=\"(max-width: 150px) 100vw, 150px\" \/>\n\t\t\t<\/dt>\n\t\t\t\t<dd class='wp-caption-text gallery-caption' id='gallery-1-20730'>\n\t\t\t\t<div class=\"team-description\">     <div class=\"team-name\">         <a href=\"http:\/\/french-future.eckidev.com\/fr\/a-propos\/conseil-dadministration\/micheline-dube\/\" target=\"_blank\" rel=\"noopener\">MICHELINE DUB\u00c9<\/a>     <\/div>     <div class=\"team-job\"> Pr\u00e9sidente sortante<\/div> <\/div>\n\t\t\t\t<\/dd><\/dl><dl class='gallery-item'>\n\t\t\t<dt class='gallery-icon portrait'>\n\t\t\t\t<img width=\"150\" height=\"150\" src=\"https:\/\/french-future.eckidev.com\/wp-content\/uploads\/2018\/03\/Angele-Bernardin-1-150x150.jpg\" class=\"attachment-thumbnail size-thumbnail\" alt=\"\" loading=\"lazy\" aria-describedby=\"gallery-1-20712\" srcset=\"https:\/\/french-future.eckidev.com\/wp-content\/uploads\/2018\/03\/Angele-Bernardin-1-150x150.jpg 150w, https:\/\/french-future.eckidev.com\/wp-content\/uploads\/2018\/03\/Angele-Bernardin-1-300x300.jpg 300w, https:\/\/french-future.eckidev.com\/wp-content\/uploads\/2018\/03\/Angele-Bernardin-1-100x100.jpg 100w\" sizes=\"(max-width: 150px) 100vw, 150px\" \/>\n\t\t\t<\/dt>\n\t\t\t\t<dd class='wp-caption-text gallery-caption' id='gallery-1-20712'>\n\t\t\t\t<div class=\"team-description\">     <div class=\"team-name\">         <a href=\"http:\/\/french-future.eckidev.com\/fr\/a-propos\/conseil-dadministration\/angele-bernardin\/\" target=\"_blank\" rel=\"noopener\">ANG\u00c8LE BERNARDIN<\/a>     <\/div>     <div class=\"team-job\"> Administratrice     <\/div> <\/div>\n\t\t\t\t<\/dd><\/dl><dl class='gallery-item'>\n\t\t\t<dt class='gallery-icon landscape'>\n\t\t\t\t<img width=\"150\" height=\"150\" src=\"https:\/\/french-future.eckidev.com\/wp-content\/uploads\/2018\/03\/Alec-Boudreau-portrait-1-150x150.png\" class=\"attachment-thumbnail size-thumbnail\" alt=\"\" loading=\"lazy\" aria-describedby=\"gallery-1-20710\" srcset=\"https:\/\/french-future.eckidev.com\/wp-content\/uploads\/2018\/03\/Alec-Boudreau-portrait-1-150x150.png 150w, https:\/\/french-future.eckidev.com\/wp-content\/uploads\/2018\/03\/Alec-Boudreau-portrait-1-100x100.png 100w, https:\/\/french-future.eckidev.com\/wp-content\/uploads\/2018\/03\/Alec-Boudreau-portrait-1-190x190.png 190w\" sizes=\"(max-width: 150px) 100vw, 150px\" \/>\n\t\t\t<\/dt>\n\t\t\t\t<dd class='wp-caption-text gallery-caption' id='gallery-1-20710'>\n\t\t\t\t<div class=\"team-description\">     <div class=\"team-name\">         <a href=\"http:\/\/french-future.eckidev.com\/fr\/a-propos\/conseil-dadministration\/alec-boudreau\/\" target=\"_blank\" rel=\"noopener\">ALEC BOUDREAU<\/a>     <\/div>     <div class=\"team-job\"> Administrateur     <\/div> <\/div>\n\t\t\t\t<\/dd><\/dl><dl class='gallery-item'>\n\t\t\t<dt class='gallery-icon portrait'>\n\t\t\t\t<img width=\"150\" height=\"150\" src=\"https:\/\/french-future.eckidev.com\/wp-content\/uploads\/2018\/03\/Re\u0301jean-Despre\u0301s-1-150x150.jpg\" class=\"attachment-thumbnail size-thumbnail\" alt=\"\" loading=\"lazy\" aria-describedby=\"gallery-1-20734\" srcset=\"https:\/\/french-future.eckidev.com\/wp-content\/uploads\/2018\/03\/Re\u0301jean-Despre\u0301s-1-150x150.jpg 150w, https:\/\/french-future.eckidev.com\/wp-content\/uploads\/2018\/03\/Re\u0301jean-Despre\u0301s-1-300x300.jpg 300w, https:\/\/french-future.eckidev.com\/wp-content\/uploads\/2018\/03\/Re\u0301jean-Despre\u0301s-1-100x100.jpg 100w\" sizes=\"(max-width: 150px) 100vw, 150px\" \/>\n\t\t\t<\/dt>\n\t\t\t\t<dd class='wp-caption-text gallery-caption' id='gallery-1-20734'>\n\t\t\t\t<div class=\"team-description\">     <div class=\"team-name\">         <a href=\"http:\/\/french-future.eckidev.com\/fr\/a-propos\/conseil-dadministration\/rejean-despres\/\" target=\"_blank\" rel=\"noopener\">R\u00c9JEAN DESPR\u00c9S<\/a>     <\/div>     <div class=\"team-job\"> Administrateur     <\/div> <\/div>\n\t\t\t\t<\/dd><\/dl><br style=\"clear: both\" \/><dl class='gallery-item'>\n\t\t\t<dt class='gallery-icon portrait'>\n\t\t\t\t<img width=\"150\" height=\"150\" src=\"https:\/\/french-future.eckidev.com\/wp-content\/uploads\/2018\/03\/Drew-Fagan-1-150x150.png\" class=\"attachment-thumbnail size-thumbnail\" alt=\"\" loading=\"lazy\" aria-describedby=\"gallery-1-20720\" srcset=\"https:\/\/french-future.eckidev.com\/wp-content\/uploads\/2018\/03\/Drew-Fagan-1-150x150.png 150w, https:\/\/french-future.eckidev.com\/wp-content\/uploads\/2018\/03\/Drew-Fagan-1-100x100.png 100w, https:\/\/french-future.eckidev.com\/wp-content\/uploads\/2018\/03\/Drew-Fagan-1-190x190.png 190w\" sizes=\"(max-width: 150px) 100vw, 150px\" \/>\n\t\t\t<\/dt>\n\t\t\t\t<dd class='wp-caption-text gallery-caption' id='gallery-1-20720'>\n\t\t\t\t<div class=\"team-description\">     <div class=\"team-name\">         <a href=\"http:\/\/french-future.eckidev.com\/fr\/a-propos\/conseil-dadministration\/drew-fagan\/\" target=\"_blank\" rel=\"noopener\">DREW FAGAN<\/a>     <\/div>     <div class=\"team-job\"> Administrateur     <\/div> <\/div>\n\t\t\t\t<\/dd><\/dl><dl class='gallery-item'>\n\t\t\t<dt class='gallery-icon portrait'>\n\t\t\t\t<img width=\"150\" height=\"150\" src=\"https:\/\/french-future.eckidev.com\/wp-content\/uploads\/2018\/03\/Denis-Fontaine-175x200-1-150x150.jpg\" class=\"attachment-thumbnail size-thumbnail\" alt=\"\" loading=\"lazy\" aria-describedby=\"gallery-1-20718\" srcset=\"https:\/\/french-future.eckidev.com\/wp-content\/uploads\/2018\/03\/Denis-Fontaine-175x200-1-150x150.jpg 150w, https:\/\/french-future.eckidev.com\/wp-content\/uploads\/2018\/03\/Denis-Fontaine-175x200-1-100x100.jpg 100w\" sizes=\"(max-width: 150px) 100vw, 150px\" \/>\n\t\t\t<\/dt>\n\t\t\t\t<dd class='wp-caption-text gallery-caption' id='gallery-1-20718'>\n\t\t\t\t<div class=\"team-description\">     <div class=\"team-name\">         <a href=\"http:\/\/french-future.eckidev.com\/fr\/a-propos\/conseil-dadministration\/denis-fontaine\" target=\"_blank\" rel=\"noopener\">DENIS FONTAINE<\/a>     <\/div>     <div class=\"team-job\"> Administrateur     <\/div> <\/div>\n\t\t\t\t<\/dd><\/dl><dl class='gallery-item'>\n\t\t\t<dt class='gallery-icon landscape'>\n\t\t\t\t<img width=\"150\" height=\"150\" src=\"https:\/\/french-future.eckidev.com\/wp-content\/uploads\/2018\/03\/Sean-Ingram-1-150x150.png\" class=\"attachment-thumbnail size-thumbnail\" alt=\"\" loading=\"lazy\" aria-describedby=\"gallery-1-20736\" srcset=\"https:\/\/french-future.eckidev.com\/wp-content\/uploads\/2018\/03\/Sean-Ingram-1-150x150.png 150w, https:\/\/french-future.eckidev.com\/wp-content\/uploads\/2018\/03\/Sean-Ingram-1-300x300.png 300w, https:\/\/french-future.eckidev.com\/wp-content\/uploads\/2018\/03\/Sean-Ingram-1-100x100.png 100w, https:\/\/french-future.eckidev.com\/wp-content\/uploads\/2018\/03\/Sean-Ingram-1.png 335w\" sizes=\"(max-width: 150px) 100vw, 150px\" \/>\n\t\t\t<\/dt>\n\t\t\t\t<dd class='wp-caption-text gallery-caption' id='gallery-1-20736'>\n\t\t\t\t<div class=\"team-description\">     <div class=\"team-name\">         <a href=\"http:\/\/french-future.eckidev.com\/fr\/a-propos\/conseil-dadministration\/sean-ingram\/\" target=\"_blank\" rel=\"noopener\">SEAN INGRAM<\/a>     <\/div>     <div class=\"team-job\"> Administrateur     <\/div> <\/div>\n\t\t\t\t<\/dd><\/dl><dl class='gallery-item'>\n\t\t\t<dt class='gallery-icon landscape'>\n\t\t\t\t<img width=\"150\" height=\"150\" src=\"https:\/\/french-future.eckidev.com\/wp-content\/uploads\/2018\/03\/Patrick-Lachance-1-150x150.png\" class=\"attachment-thumbnail size-thumbnail\" alt=\"\" loading=\"lazy\" aria-describedby=\"gallery-1-20732\" srcset=\"https:\/\/french-future.eckidev.com\/wp-content\/uploads\/2018\/03\/Patrick-Lachance-1-150x150.png 150w, https:\/\/french-future.eckidev.com\/wp-content\/uploads\/2018\/03\/Patrick-Lachance-1-300x300.png 300w, https:\/\/french-future.eckidev.com\/wp-content\/uploads\/2018\/03\/Patrick-Lachance-1-100x100.png 100w, https:\/\/french-future.eckidev.com\/wp-content\/uploads\/2018\/03\/Patrick-Lachance-1.png 361w\" sizes=\"(max-width: 150px) 100vw, 150px\" \/>\n\t\t\t<\/dt>\n\t\t\t\t<dd class='wp-caption-text gallery-caption' id='gallery-1-20732'>\n\t\t\t\t<div class=\"team-description\">     <div class=\"team-name\">         <a href=\"http:\/\/french-future.eckidev.com\/fr\/a-propos\/conseil-dadministration\/patrick-lachance\/\" target=\"_blank\" rel=\"noopener\">PATRICK LACHANCE<\/a>     <\/div>     <div class=\"team-job\"> Administrateur     <\/div> <\/div>\n\t\t\t\t<\/dd><\/dl><br style=\"clear: both\" \/>\n\t\t<\/div>\n\n<h3>Membres consultatifs<\/h3>\n\n\t\t<style type=\"text\/css\">\n\t\t\t#gallery-2 {\n\t\t\t\tmargin: auto;\n\t\t\t}\n\t\t\t#gallery-2 .gallery-item {\n\t\t\t\tfloat: left;\n\t\t\t\tmargin-top: 10px;\n\t\t\t\ttext-align: center;\n\t\t\t\twidth: 25%;\n\t\t\t}\n\t\t\t#gallery-2 img {\n\t\t\t\tborder: 2px solid #cfcfcf;\n\t\t\t}\n\t\t\t#gallery-2 .gallery-caption {\n\t\t\t\tmargin-left: 0;\n\t\t\t}\n\t\t\t\/* see gallery_shortcode() in wp-includes\/media.php *\/\n\t\t<\/style>\n\t\t<div id='gallery-2' class='gallery galleryid-16938 gallery-columns-4 gallery-size-thumbnail'><dl class='gallery-item'>\n\t\t\t<dt class='gallery-icon portrait'>\n\t\t\t\t<img width=\"150\" height=\"150\" src=\"https:\/\/french-future.eckidev.com\/wp-content\/uploads\/2018\/03\/Lisa-Balfour-Bowen-175x200-1-1-150x150.jpg\" class=\"attachment-thumbnail size-thumbnail\" alt=\"\" loading=\"lazy\" aria-describedby=\"gallery-2-20724\" srcset=\"https:\/\/french-future.eckidev.com\/wp-content\/uploads\/2018\/03\/Lisa-Balfour-Bowen-175x200-1-1-150x150.jpg 150w, https:\/\/french-future.eckidev.com\/wp-content\/uploads\/2018\/03\/Lisa-Balfour-Bowen-175x200-1-1-100x100.jpg 100w\" sizes=\"(max-width: 150px) 100vw, 150px\" \/>\n\t\t\t<\/dt>\n\t\t\t\t<dd class='wp-caption-text gallery-caption' id='gallery-2-20724'>\n\t\t\t\t <div class=\"team-description\">         <div class=\"team-name\">             <a href=\"http:\/\/french-future.eckidev.com\/fr\/a-propos\/conseil-dadministration\/lisa-balfour-bowen\/\" target=\"_blank\" rel=\"noopener\">LISA BALFOUR BOWEN<\/a>         <\/div>         <div class=\"team-job\"> Pr\u00e9sidente fondatrice<\/div>     <\/div>\n\t\t\t\t<\/dd><\/dl><dl class='gallery-item'>\n\t\t\t<dt class='gallery-icon landscape'>\n\t\t\t\t<img width=\"150\" height=\"150\" src=\"https:\/\/french-future.eckidev.com\/wp-content\/uploads\/2018\/03\/JRS-Portrait-1-150x150.png\" class=\"attachment-thumbnail size-thumbnail\" alt=\"\" loading=\"lazy\" aria-describedby=\"gallery-2-20722\" srcset=\"https:\/\/french-future.eckidev.com\/wp-content\/uploads\/2018\/03\/JRS-Portrait-1-150x150.png 150w, https:\/\/french-future.eckidev.com\/wp-content\/uploads\/2018\/03\/JRS-Portrait-1-300x300.png 300w, https:\/\/french-future.eckidev.com\/wp-content\/uploads\/2018\/03\/JRS-Portrait-1-100x100.png 100w\" sizes=\"(max-width: 150px) 100vw, 150px\" \/>\n\t\t\t<\/dt>\n\t\t\t\t<dd class='wp-caption-text gallery-caption' id='gallery-2-20722'>\n\t\t\t\t<div class=\"team-description\">         <div class=\"team-name\">             <a href=\"http:\/\/french-future.eckidev.com\/fr\/a-propos\/conseil-dadministration\/john-ralston-saul\/\" target=\"_blank\" rel=\"noopener\">JOHN RALSTON SAUL<\/a>         <\/div>         <div class=\"team-job\"> Fondateur et pr\u00e9sident d&rsquo;honneur<\/div>     <\/div>\n\t\t\t\t<\/dd><\/dl>\n\t\t\t<br style='clear: both' \/>\n\t\t<\/div>\n\n<div class=\"end-page\"><\/div>\n","protected":false},"excerpt":{"rendered":"<p>Directeurs Le fran\u00e7ais pour l&rsquo;avenir est dirig\u00e9 par un conseil d&rsquo;administration b\u00e9n\u00e9vole. Membres consultatifs<\/p>\n","protected":false},"author":8,"featured_media":0,"parent":1037,"menu_order":0,"comment_status":"closed","ping_status":"closed","template":"","meta":[],"_links":{"self":[{"href":"https:\/\/french-future.eckidev.com\/fr\/wp-json\/wp\/v2\/pages\/16938"}],"collection":[{"href":"https:\/\/french-future.eckidev.com\/fr\/wp-json\/wp\/v2\/pages"}],"about":[{"href":"https:\/\/french-future.eckidev.com\/fr\/wp-json\/wp\/v2\/types\/page"}],"author":[{"embeddable":true,"href":"https:\/\/french-future.eckidev.com\/fr\/wp-json\/wp\/v2\/users\/8"}],"replies":[{"embeddable":true,"href":"https:\/\/french-future.eckidev.com\/fr\/wp-json\/wp\/v2\/comments?post=16938"}],"version-history":[{"count":18,"href":"https:\/\/french-future.eckidev.com\/fr\/wp-json\/wp\/v2\/pages\/16938\/revisions"}],"predecessor-version":[{"id":21125,"href":"https:\/\/french-future.eckidev.com\/fr\/wp-json\/wp\/v2\/pages\/16938\/revisions\/21125"}],"up":[{"embeddable":true,"href":"https:\/\/french-future.eckidev.com\/fr\/wp-json\/wp\/v2\/pages\/1037"}],"wp:attachment":[{"href":"https:\/\/french-future.eckidev.com\/fr\/wp-json\/wp\/v2\/media?parent=16938"}],"curies":[{"name":"wp","href":"https:\/\/api.w.org\/{rel}","templated":true}]}}