{"id":2894,"date":"2014-11-03T16:37:49","date_gmt":"2014-11-03T21:37:49","guid":{"rendered":"http:\/\/198.27.70.109\/~ff1284\/?page_id=2894"},"modified":"2018-04-03T12:07:32","modified_gmt":"2018-04-03T16:07:32","slug":"donateurs","status":"publish","type":"page","link":"https:\/\/french-future.eckidev.com\/fr\/a-propos\/donateurs\/","title":{"rendered":"DONATEURS"},"content":{"rendered":"<h3>Donateurs et commanditaires 2016-2017<\/h3>\n<p>Pour l&rsquo;ann\u00e9e financi\u00e8re d\u00e9butant le 1<sup>er<\/sup> avril 2016 et se terminant le 30 mars 2017<\/p>\n<p>&nbsp;<\/p>\n<p>COMMANDITAIRE PRINCIPAL<\/p>\n<div class=\"grid\">\n<div class=\"column\">\n<p><strong><br \/>\n 10 000 $ +<br \/>\n <\/strong>BMO Groupe financier<br \/>\n Minist\u00e8re de l&rsquo;\u00e9ducation de la Colombie-Britannique<br \/>\n Minist\u00e8re de l\u2019\u00e9ducation &#8211; Gouvernement de l\u2019Ontario<br \/>\n RBC Fondation<br \/>\n TD<\/p>\n<p><strong>5 000 $-9 999 $<\/strong><br \/>\n Anonyme (1)<br \/>\n Lisa Balfour Bowen<br \/>\n William C. Graham<br \/>\n Minist\u00e8re de l\u2019\u00c9ducation et de l\u2019Enseignement sup\u00e9rieur &#8211; Gouvernement du Manitoba<br \/>\n Margaret McCain<br \/>\n Michael et Renae Tims<\/p>\n<p><strong>1 000 $-4 999 $<\/strong><br \/>\n Allen and Marion Lambert Fund<br \/>\n Anonyme (1)<br \/>\n Canadian Parents for French &#8211; Grande Prairie Chapter<br \/>\n Commissariat aux langues officielles<br \/>\n Consortium national de formation en sant\u00e9<br \/>\n Francolab<br \/>\n Ania Kolodziej<br \/>\n John Ralston Saul<br \/>\n Universit\u00e9 d\u2019Ottawa<br \/>\n The Whiteside Foundation<br \/>\n The Winnipeg Foundation<br \/>\n Robert Yalden<\/p>\n<\/div>\n<div class=\"column\">\n<p><strong>500 $-999 $<\/strong><br \/>\n Clair Balfour et Marci McDonald<br \/>\n Micheline Dub\u00e9<br \/>\n Nona M. Heaslip<br \/>\n Manitoba Hydro<\/p>\n<p><strong>1 $-499 $<\/strong><br \/>\n Air Canada<br \/>\n Danielle Arcand<br \/>\n Staunton Bowen<br \/>\n Chubb du Canada Compagnie d&rsquo;Assurance<br \/>\n Coll\u00e8ge Educacentre College<br \/>\n Helen Coltrinari<br \/>\n Commission de la fonction publique du Canada<br \/>\n Conseil de d\u00e9veloppement \u00e9conomique de l\u2019Alberta<br \/>\n Max Cooke<br \/>\n Evelyne Viens Dobish \/ Royal LePage<br \/>\n French Made Baking<br \/>\n Jonas et Cari Grossman<br \/>\n Mathieu Herrington<br \/>\n Rick Hansen Foundation<br \/>\n La Soci\u00e9t\u00e9 de d\u00e9veloppement \u00e9conomique de la Colombie-Britannique<br \/>\n Susanne Loewen<br \/>\n Jean Lynds<br \/>\n Tannie Ng<br \/>\n Parcs Canada<br \/>\n Organisme de S\u00e9jours Educatifs Francophones<br \/>\n R\u00e9seau-Femmes Colombie-Britannique<br \/>\n L\u00e9vis Th\u00e9riault<br \/>\n University of Victoria<\/p>\n<\/div>\n<\/div>\n<div class=\"end-page\"><\/div>\n","protected":false},"excerpt":{"rendered":"<p>Donateurs et commanditaires 2016-2017 Pour l&rsquo;ann\u00e9e financi\u00e8re d\u00e9butant le 1er avril 2016 et se terminant le 30 mars 2017 &nbsp; COMMANDITAIRE PRINCIPAL 10 000 $ + BMO Groupe financier Minist\u00e8re de l&rsquo;\u00e9ducation de la Colombie-Britannique<a class=\"moretag\" href=\"https:\/\/french-future.eckidev.com\/fr\/a-propos\/donateurs\/\"> Read more&hellip;<\/a><\/p>\n","protected":false},"author":8,"featured_media":0,"parent":1037,"menu_order":0,"comment_status":"closed","ping_status":"closed","template":"","meta":[],"_links":{"self":[{"href":"https:\/\/french-future.eckidev.com\/fr\/wp-json\/wp\/v2\/pages\/2894"}],"collection":[{"href":"https:\/\/french-future.eckidev.com\/fr\/wp-json\/wp\/v2\/pages"}],"about":[{"href":"https:\/\/french-future.eckidev.com\/fr\/wp-json\/wp\/v2\/types\/page"}],"author":[{"embeddable":true,"href":"https:\/\/french-future.eckidev.com\/fr\/wp-json\/wp\/v2\/users\/8"}],"replies":[{"embeddable":true,"href":"https:\/\/french-future.eckidev.com\/fr\/wp-json\/wp\/v2\/comments?post=2894"}],"version-history":[{"count":35,"href":"https:\/\/french-future.eckidev.com\/fr\/wp-json\/wp\/v2\/pages\/2894\/revisions"}],"predecessor-version":[{"id":20972,"href":"https:\/\/french-future.eckidev.com\/fr\/wp-json\/wp\/v2\/pages\/2894\/revisions\/20972"}],"up":[{"embeddable":true,"href":"https:\/\/french-future.eckidev.com\/fr\/wp-json\/wp\/v2\/pages\/1037"}],"wp:attachment":[{"href":"https:\/\/french-future.eckidev.com\/fr\/wp-json\/wp\/v2\/media?parent=2894"}],"curies":[{"name":"wp","href":"https:\/\/api.w.org\/{rel}","templated":true}]}}