{"id":2921,"date":"2014-11-03T17:06:08","date_gmt":"2014-11-03T22:06:08","guid":{"rendered":"http:\/\/198.27.70.109\/~ff1284\/?page_id=2921"},"modified":"2018-04-02T12:15:28","modified_gmt":"2018-04-02T16:15:28","slug":"politique-de-confidentialite","status":"publish","type":"page","link":"https:\/\/french-future.eckidev.com\/fr\/a-propos\/politique-de-confidentialite\/","title":{"rendered":"POLITIQUE DE CONFIDENTIALIT\u00c9"},"content":{"rendered":"<p>Le fran\u00e7ais pour l\u2019avenir est r\u00e9solu \u00e0 respecter votre vie priv\u00e9e et \u00e0 prot\u00e9ger vos renseignements personnels. Cette politique de confidentialit\u00e9 des renseignements personnels s\u2019applique au site Web du Fran\u00e7ais pour l\u2019avenir et concerne les pratiques de collecte des renseignements et de son usage. En utilisant le site Web du Fran\u00e7ais pour l\u2019avenir vous consentez aux pratiques d\u00e9crites dans cette d\u00e9claration.<\/p>\n<hr class=\"hr-grey\"\/>\n<h3>La collecte de vos renseignements personnels<\/h3>\n<p>Le fran\u00e7ais pour l\u2019avenir pourrait solliciter des renseignements personnellement identifiables tels votre adresse \u00e9lectronique, votre nom, votre adresse postale, \u00e0 domicile ou au travail ou votre num\u00e9ro de t\u00e9l\u00e9phone. En nous soumettant vos renseignements personnels vous consentez \u00e0 ce que nous puissions collecter et utiliser ces renseignements conform\u00e9ment \u00e0 cette politique de confidentialit\u00e9.<\/p>\n<p>Il y a aussi des renseignements automatiquement collect\u00e9s par Le fran\u00e7ais pour l\u2019avenir concernant le mat\u00e9riel et les logiciels de votre ordinateur. Ces donn\u00e9es peuvent inclure: votre adresse IP, le type de fureteur, les noms de domaine, les dates et heures d\u2019acc\u00e8s au site et les adresses de site Web \u00e0 partir desquels vous \u00eates arriv\u00e9 sur le site du Fran\u00e7ais pour l\u2019avenir. Ces donn\u00e9es sont utilis\u00e9es par Le fran\u00e7ais pour l\u2019avenir dans l\u2019op\u00e9ration de son service, afin de maintenir un service de qualit\u00e9 et \u00e0 des fins statistiques concernant l\u2019utilisation du site Web du Fran\u00e7ais pour l\u2019avenir.<\/p>\n<p>Le fran\u00e7ais pour l\u2019avenir vous encourage de revoir les politiques de confidentialit\u00e9s des sites Web auxquels vous choisissez de visiter a partir du site du Fran\u00e7ais pour l\u2019avenir afin de comprendre comment ces site Web collectent, utilisent et partagent vos renseignements personnels. Le fran\u00e7ais pour l\u2019avenir n\u2019est nullement responsable pour les politiques de confidentialit\u00e9s ni du contenu des sites Web externe au site du Fran\u00e7ais pour l\u2019avenir.<\/p>\n<hr class=\"hr-grey\"\/>\n<h3>Utilisation de vos renseignements personnels<\/h3>\n<p>Le fran\u00e7ais pour l\u2019avenir collecte et utilise vos donn\u00e9es personnelles dans la gestion de son site Web et afin de vous fournir le service que vous avez demand\u00e9. Le fran\u00e7ais pour l\u2019avenir utilise \u00e9galement vos renseignements personnels indentifiables afin de vous informer d\u2019autres produits ou services offerts par Le fran\u00e7ais pour l\u2019avenir ou par ses partenaires. Le fran\u00e7ais pour l\u2019avenir pourrait aussi vous contactez afin de sonder votre opinion sur ses services actuels ainsi que les nouveaux services \u00e9ventuels qui pourraient \u00eatre offerts.<br \/>\nLe fran\u00e7ais pour l\u2019avenir ne vend pas et ne loue pas ses listes de clients ni leurs renseignements personnels \u00e0 un tiers.<br \/>\nLe fran\u00e7ais pour l\u2019avenir conserve des donn\u00e9es statistiques sur les visites des pages du site Web du Fran\u00e7ais pour l\u2019avenir afin de d\u00e9terminer quels services du Fran\u00e7ais pour l\u2019avenir sont les plus populaires. Ces donn\u00e9es sont utilis\u00e9es afin d\u2019offrir un contenu personnalis\u00e9 au sein du site du Fran\u00e7ais pour l\u2019avenir aux clients dont le comportement indique qu\u2019ils soient int\u00e9ress\u00e9s \u00e0 un sujet particulier.<\/p>\n<p>Le site Web de Fran\u00e7ais pour l\u2019avenir ne communiquera vos renseignements personnelles uniquement si la loi l\u2019exige ou si, en toute bonne foi, il est jug\u00e9 n\u00e9cessaire de a) se conformer \u00e0 des d\u00e9crets de loi ou \u00e0 une proc\u00e9dure l\u00e9gale b) prot\u00e9ger et d\u00e9fendre ses droits ou ses propri\u00e9t\u00e9s et c) agir dans des cas d\u2019urgence pour prot\u00e9ger la s\u00e9curit\u00e9 des employ\u00e9s du Fran\u00e7ais pour l\u2019avenir, des utilisateurs du site, ou des membres du public.<\/p>\n<hr class=\"hr-grey\"\/>\n<h3>Utilisation des t\u00e9moins (\u00ab Cookies \u00bb)<\/h3>\n<p>Le site Web du Fran\u00e7ais pour l\u2019avenir utilise des fichiers t\u00e9moins pour permettre une visite personnalis\u00e9e du site. Un fichier t\u00e9moin est un petit fichier texte plac\u00e9 sur votre disque dur par un serveur de pages Web. Il ne peut pas \u00eatre utilis\u00e9 pour ex\u00e9cuter des programmes ou pour infecter votre ordinateur avec des virus informatiques. Les t\u00e9moins vous sont adress\u00e9s exclusivement et peuvent \u00eatre lus uniquement par les serveurs Web appartenant au domaine qui vous a livr\u00e9 le fichier t\u00e9moin.<\/p>\n<p>L\u2019une des principales fonctions pratiques des t\u00e9moins est de vous faire gagner du temps. La fonction d\u2019un fichier t\u00e9moin est de dire au serveur Web que vous \u00eates revenu visiter une page particuli\u00e8re. Par exemple, si vous personnalisez des pages du site du Fran\u00e7ais pour l\u2019avenir, ou si vous vous inscrivez au site ou aux services du Fran\u00e7ais pour l\u2019avenir, un fichier t\u00e9moin aidera le site \u00e0 trouver vos informations sp\u00e9cifiques au cours des visites suivantes. Cela permet, notamment, de simplifier le processus d\u2019enregistrement de vos renseignements personnels telle une adresse de facturation, une adresse de livraison, et ainsi de suite. Lorsque vous revenez sur le site Web, les informations que vous avez fournies auparavant sont r\u00e9utilis\u00e9es pour vous permettre d\u2019utiliser plus facilement les fonctions du site que vous avez personnalis\u00e9.<\/p>\n<p>Vous pouvez accepter ou refuser les t\u00e9moins. La plupart des fureteurs acceptent les t\u00e9moins automatiquement, mais vous pouvez modifier les param\u00e8tres de votre fureteur pour leur refuser l\u2019acc\u00e8s \u00e0 votre ordinateur si vous le souhaitez. Si vous choisissez de refuser les t\u00e9moins, vous risquez de ne pas pouvoir utiliser compl\u00e8tement les fonctions interactives du site du Fran\u00e7ais pour l\u2019avenir ou d\u2019autres sites Web que vous visiterez.<\/p>\n<hr class=\"hr-grey\"\/>\n<h3>S\u00e9curit\u00e9 de vos renseignements personnels<\/h3>\n<p>Le fran\u00e7ais pour l\u2019avenir garde vos renseignements personnels en s\u00e9curit\u00e9 de tout acc\u00e8s, utilisation ou divulgation non-autoris\u00e9. Le fran\u00e7ais pour l\u2019avenir garde les renseignements identifiables personnellement que vous leur avez soumis dans un environnement contr\u00f4l\u00e9 et s\u00e9curitaire, prot\u00e9g\u00e9s de tout acc\u00e8s, utilisation ou divulgation non-autoris\u00e9.<\/p>\n<hr class=\"hr-grey\"\/>\n<h3>Modifications de la politique de confidentialit\u00e9<\/h3>\n<p>Le fran\u00e7ais pour l\u2019avenir fera, de temps \u00e0 autre, une mise \u00e0 jour de sa politique de confidentialit\u00e9 des renseignements personnels afin de refl\u00e9ter les r\u00e9actions de l\u2019organisme et de ses clients. Le fran\u00e7ais pour l\u2019avenir vous encourage \u00e0 revoir p\u00e9riodiquement cette politique de confidentialit\u00e9 afin d\u2019\u00eatre bien inform\u00e9e de la mani\u00e8re par laquelle Le fran\u00e7ais pour l\u2019avenir prot\u00e8ge vos renseignements personnels.<\/p>\n<hr class=\"hr-grey\"\/>\n<h3>Coordonn\u00e9es<\/h3>\n<p>Le fran\u00e7ais pour l\u2019avenir vous encourage \u00e0 faire part de vos commentaires concernant sa politique de confidentialit\u00e9. Si vous croyez que le Fran\u00e7ais pour l\u2019avenir ne s\u2019est pas conform\u00e9 \u00e0 sa politique, veuillez \u00e9crire au Fran\u00e7ais pour l\u2019avenir \u00e0 <a href=\"mailto:info@francais-avenir.org?subject=privacy%20policy\">info@francais-avenir.org<\/a>.<\/p>\n<div class=\"end-page\"><\/div>\n","protected":false},"excerpt":{"rendered":"<p>Le fran\u00e7ais pour l\u2019avenir est r\u00e9solu \u00e0 respecter votre vie priv\u00e9e et \u00e0 prot\u00e9ger vos renseignements personnels. Cette politique de confidentialit\u00e9 des renseignements personnels s\u2019applique au site Web du Fran\u00e7ais pour l\u2019avenir et concerne les<a class=\"moretag\" href=\"https:\/\/french-future.eckidev.com\/fr\/a-propos\/politique-de-confidentialite\/\"> Read more&hellip;<\/a><\/p>\n","protected":false},"author":8,"featured_media":0,"parent":1037,"menu_order":0,"comment_status":"closed","ping_status":"closed","template":"","meta":[],"_links":{"self":[{"href":"https:\/\/french-future.eckidev.com\/fr\/wp-json\/wp\/v2\/pages\/2921"}],"collection":[{"href":"https:\/\/french-future.eckidev.com\/fr\/wp-json\/wp\/v2\/pages"}],"about":[{"href":"https:\/\/french-future.eckidev.com\/fr\/wp-json\/wp\/v2\/types\/page"}],"author":[{"embeddable":true,"href":"https:\/\/french-future.eckidev.com\/fr\/wp-json\/wp\/v2\/users\/8"}],"replies":[{"embeddable":true,"href":"https:\/\/french-future.eckidev.com\/fr\/wp-json\/wp\/v2\/comments?post=2921"}],"version-history":[{"count":11,"href":"https:\/\/french-future.eckidev.com\/fr\/wp-json\/wp\/v2\/pages\/2921\/revisions"}],"predecessor-version":[{"id":20904,"href":"https:\/\/french-future.eckidev.com\/fr\/wp-json\/wp\/v2\/pages\/2921\/revisions\/20904"}],"up":[{"embeddable":true,"href":"https:\/\/french-future.eckidev.com\/fr\/wp-json\/wp\/v2\/pages\/1037"}],"wp:attachment":[{"href":"https:\/\/french-future.eckidev.com\/fr\/wp-json\/wp\/v2\/media?parent=2921"}],"curies":[{"name":"wp","href":"https:\/\/api.w.org\/{rel}","templated":true}]}}