{"id":3029,"date":"2015-02-04T02:51:49","date_gmt":"2015-02-04T07:51:49","guid":{"rendered":"http:\/\/198.27.70.109\/~ff1284\/?page_id=3029"},"modified":"2018-05-08T08:48:34","modified_gmt":"2018-05-08T12:48:34","slug":"concours-de-redaction","status":"publish","type":"page","link":"https:\/\/french-future.eckidev.com\/fr\/programmes\/concours-de-redaction\/","title":{"rendered":"CONCOURS NATIONAL DE R\u00c9DACTION"},"content":{"rendered":"<p>Le Concours national de r\u00e9daction 2017-2018 est maintenant termin\u00e9.<\/p>\n<p>Retrouvez les gagnants et lisez leur r\u00e9daction ici: <a href=\"http:\/\/french-future.eckidev.com\/fr\/programmes\/concours-de-redaction\/gagnants-du-concours-national-de-redaction-2017-2018\/\">Gagnants du concours national de redaction 2017-2018<\/a><\/p>\n<p>Rendez-vous en octobre prochain pour le Concours 2018-2019.<\/p>\n<hr class=\"redaction-essay\" \/>\n<h3>Qu\u2019est-ce que le Concours national de r\u00e9daction ?<\/h3>\n<p>Tu es en 10e, 11e ou 12e ann\u00e9e (en secondaire IV ou secondaire V dans la province de Qu\u00e9bec) et inscrit dans un programme de fran\u00e7ais ?<\/p>\n<p>Tu as besoin d\u2019un petit coup de pouce pour aller \u00e9tudier au postsecondaire en fran\u00e7ais ? Participe au Concours national de r\u00e9daction et cours la chance de gagner entre 1 000 $ et 12 000 $ de bourse dans l\u2019une des institutions suivantes :<\/p>\n<div class=\"row contest-university\">\n<div class=\"col-md-3\" style=\"display: block;\"><a href=\"https:\/\/www.uottawa.ca\/fr\" target=\"_blank\" rel=\"noopener\"><img src=\"http:\/\/french-future.eckidev.com\/wp-content\/uploads\/2018\/04\/ottawa.jpg\" alt=\"\" \/><\/a><\/div>\n<div class=\"col-md-3\" style=\"display: block;\"><a href=\"http:\/\/www.umontreal.ca\/\" target=\"_blank\" rel=\"noopener\"><img src=\"http:\/\/french-future.eckidev.com\/wp-content\/uploads\/2018\/04\/montreal.jpg\" alt=\"\" \/><\/a><\/div>\n<div class=\"col-md-3\" style=\"display: block;\"><a href=\"https:\/\/www.usainteanne.ca\/\" target=\"_blank\" rel=\"noopener\"><img src=\"http:\/\/french-future.eckidev.com\/wp-content\/uploads\/2018\/04\/saint-anne.jpg\" alt=\"\" \/><\/a><\/div>\n<div class=\"col-md-3\" style=\"display: block;\"><a href=\"http:\/\/www.umoncton.ca\/\" target=\"_blank\" rel=\"noopener\"><img src=\"http:\/\/french-future.eckidev.com\/wp-content\/uploads\/2018\/04\/moncton.jpg\" alt=\"\" \/><\/a><\/div>\n<div class=\"col-md-3\" style=\"display: block;\"><a href=\"https:\/\/ustboniface.ca\" target=\"_blank\" rel=\"noopener\"><img src=\"http:\/\/french-future.eckidev.com\/wp-content\/uploads\/2018\/04\/saint-boniface-1.jpg\" alt=\"\" \/><\/a><\/div>\n<div class=\"col-md-3\" style=\"display: block;\"><a href=\"https:\/\/www.ualberta.ca\/\" target=\"_blank\" rel=\"noopener\"><img src=\"http:\/\/french-future.eckidev.com\/wp-content\/uploads\/2018\/04\/alberta.jpg\" alt=\"\" \/><\/a><\/div>\n<div class=\"col-md-3\" style=\"display: block;\"><a href=\"http:\/\/www.glendon.yorku.ca\/fr\/\" target=\"_blank\" rel=\"noopener\"><img src=\"http:\/\/french-future.eckidev.com\/wp-content\/uploads\/2018\/04\/glendon.jpg\" alt=\"\" \/><\/a><\/div>\n<div class=\"col-md-3\" style=\"display: block;\"><a href=\"https:\/\/www.uleth.ca\/\" target=\"_blank\" rel=\"noopener\"><img src=\"http:\/\/french-future.eckidev.com\/wp-content\/uploads\/2018\/04\/lethbridge.jpg\" alt=\"\" \/><\/a><\/div>\n<div class=\"col-md-3\" style=\"display: block;\"><a href=\"http:\/\/www.collegeboreal.ca\/\" target=\"_blank\" rel=\"noopener\"><img src=\"http:\/\/french-future.eckidev.com\/wp-content\/uploads\/2018\/04\/college-boreal.jpg\" alt=\"\" \/><\/a><\/div>\n<\/div>\n<p>Tu cours aussi la chance d\u2019\u00eatre lu par notre juge vedette !<\/p>\n<hr class=\"redaction-essay\" \/>\n<h3>Comment participer ?<\/h3>\n<ul>\n<li>\u00c9cris une r\u00e9daction de 750 mots sur le th\u00e8me de l\u2019ann\u00e9e<\/li>\n<li>Soumets ta r\u00e9daction entre le mois d\u2019octobre et le mois de d\u00e9cembre en remplissant le formulaire en ligne.<\/li>\n<\/ul>\n<p>Nous t\u2019encourageons fortement \u00e0 consulter le <a href=\"https:\/\/french-future.eckidev.com\/fr\/programmes\/concours-de-redaction\/reglement\/\">R\u00e8glement du concours<\/a>\u00a0et la <a href=\"http:\/\/french-future.eckidev.com\/wp-content\/uploads\/2018\/04\/Grille-de\u0301valuation-CNR-2017-2018.pdf\" target=\"_blank\" rel=\"noopener\">Grille d\u2019\u00e9valuation<\/a>\u00a0avant de commencer \u00e0 \u00e9crire.<\/p>\n<hr class=\"redaction-essay\" \/>\n<h3>Et ensuite ?<\/h3>\n<ol>\n<li>Les r\u00e9dactions seront \u00e9valu\u00e9es par un panel d\u2019enseignants canadiens et par notre juge vedette, selon la <a href=\"http:\/\/french-future.eckidev.com\/wp-content\/uploads\/2018\/04\/Grille-de\u0301valuation-CNR-2017-2018.pdf\" target=\"_blank\" rel=\"noopener\">Grille d\u2019\u00e9valuation<\/a><\/li>\n<li>Les gagnants seront annonc\u00e9s au d\u00e9but du mois de mars suivant le Concours.<\/li>\n<\/ol>\n<blockquote>\n<p>Si vous enseignez le fran\u00e7ais au Canada et que vous aimeriez faire partie du panel de juges du Concours, manifestez votre int\u00e9r\u00eat en remplissant le formulaire <a href=\"https:\/\/www.surveymonkey.com\/r\/SLLCZCX\" target=\"_blank\">suivant<\/a>.<\/p>\n<\/blockquote>\n<hr class=\"redaction-essay\" \/>\n<h3>Pistes pour l\u2019\u00e9criture<\/h3>\n<p>Tu peux nous suivre sur <a href=\"https:\/\/www.facebook.com\/lefrancaispourlavenir\/?ref=br_rs\" target=\"_blank\" rel=\"noopener\">Facebook<\/a>\u00a0et <a href=\"https:\/\/twitter.com\/francaisavenir\" target=\"_blank\" rel=\"noopener\">Twitter<\/a>\u00a0o\u00f9 nous publierons des conseils d\u2019\u00e9criture pendant tout le mois de novembre !<\/p>\n<div class=\"end-page\"><\/div>\n","protected":false},"excerpt":{"rendered":"<p>Le Concours national de r\u00e9daction 2017-2018 est maintenant termin\u00e9. Retrouvez les gagnants et lisez leur r\u00e9daction ici: Gagnants du concours national de redaction 2017-2018 Rendez-vous en octobre prochain pour le Concours 2018-2019. Qu\u2019est-ce que le<a class=\"moretag\" href=\"https:\/\/french-future.eckidev.com\/fr\/programmes\/concours-de-redaction\/\"> Read more&hellip;<\/a><\/p>\n","protected":false},"author":8,"featured_media":0,"parent":2929,"menu_order":0,"comment_status":"closed","ping_status":"closed","template":"","meta":[],"_links":{"self":[{"href":"https:\/\/french-future.eckidev.com\/fr\/wp-json\/wp\/v2\/pages\/3029"}],"collection":[{"href":"https:\/\/french-future.eckidev.com\/fr\/wp-json\/wp\/v2\/pages"}],"about":[{"href":"https:\/\/french-future.eckidev.com\/fr\/wp-json\/wp\/v2\/types\/page"}],"author":[{"embeddable":true,"href":"https:\/\/french-future.eckidev.com\/fr\/wp-json\/wp\/v2\/users\/8"}],"replies":[{"embeddable":true,"href":"https:\/\/french-future.eckidev.com\/fr\/wp-json\/wp\/v2\/comments?post=3029"}],"version-history":[{"count":147,"href":"https:\/\/french-future.eckidev.com\/fr\/wp-json\/wp\/v2\/pages\/3029\/revisions"}],"predecessor-version":[{"id":21546,"href":"https:\/\/french-future.eckidev.com\/fr\/wp-json\/wp\/v2\/pages\/3029\/revisions\/21546"}],"up":[{"embeddable":true,"href":"https:\/\/french-future.eckidev.com\/fr\/wp-json\/wp\/v2\/pages\/2929"}],"wp:attachment":[{"href":"https:\/\/french-future.eckidev.com\/fr\/wp-json\/wp\/v2\/media?parent=3029"}],"curies":[{"name":"wp","href":"https:\/\/api.w.org\/{rel}","templated":true}]}}